{"id":125,"date":"2020-01-20T19:04:20","date_gmt":"2020-01-20T19:04:20","guid":{"rendered":"https:\/\/loomjet.com\/?page_id=125"},"modified":"2020-05-17T22:57:02","modified_gmt":"2020-05-17T22:57:02","slug":"privacy-policy-2","status":"publish","type":"page","link":"https:\/\/loomjet.com\/de\/privacy-policy-2\/","title":{"rendered":"Privacy &#038; Policy"},"content":{"rendered":"<h2>Datenschutz-Bestimmungen<\/h2>\n<div>Willkommen zu unserer Datenschutzerkl\u00e4rung<\/div>\n<div>\u2014 Ihre Privatsph\u00e4re ist f\u00fcr uns von entscheidender Bedeutung.<\/div>\n<div>Loomjet befindet sich unter:<\/div>\n<div>\u00a0<\/div>\n<div>Loomjet<\/div>\n<div>2803 Philadelphia Pike Suite B #437<\/div>\n<div>DELAWARE, Vereinigte Staaten<\/div>\n<div>2163524390<\/div>\n<div>Es ist die Richtlinie von Loomjet, Ihre Privatsph\u00e4re in Bezug auf alle Informationen zu respektieren, die wir beim Betrieb unserer Website sammeln. Diese Datenschutzrichtlinie gilt f\u00fcr https:\/\/loomjet.com\/ (im Folgenden \u201euns\u201c, \u201ewir\u201c oder \u201ehttps:\/\/loomjet.com\/\u201c). Wir respektieren Ihre Privatsph\u00e4re und verpflichten uns zum Schutz personenbezogener Daten, die Sie uns \u00fcber die Website zur Verf\u00fcgung stellen. Wir haben diese Datenschutzerkl\u00e4rung (\u201eDatenschutzerkl\u00e4rung\u201c) \u00fcbernommen, um zu erl\u00e4utern, welche Informationen auf unserer Website gesammelt werden k\u00f6nnen, wie wir diese Informationen verwenden und unter welchen Umst\u00e4nden wir die Informationen m\u00f6glicherweise an Dritte weitergeben. Diese Datenschutzrichtlinie gilt nur f\u00fcr Informationen, die wir \u00fcber die Website sammeln, und gilt nicht f\u00fcr unsere Sammlung von Informationen aus anderen Quellen.<\/div>\n<div>Diese Datenschutzrichtlinie legt zusammen mit den auf unserer Website ver\u00f6ffentlichten Allgemeinen Gesch\u00e4ftsbedingungen die allgemeinen Regeln und Richtlinien fest, die Ihre Nutzung unserer Website regeln. Abh\u00e4ngig von Ihren Aktivit\u00e4ten beim Besuch unserer Website kann es erforderlich sein, dass Sie zus\u00e4tzlichen Gesch\u00e4ftsbedingungen zustimmen.<\/div>\n<div>\u00a0<\/div>\n<div>\u2013 Website-Besucher<\/div>\n<div>Wie die meisten Website-Betreiber sammelt Loomjet nicht personenbezogene Daten der Art, die Webbrowser und Server normalerweise zur Verf\u00fcgung stellen, wie z. B. den Browsertyp, die bevorzugte Sprache, die verweisende Website sowie Datum und Uhrzeit jeder Besucheranfrage. Der Zweck von Loomjet bei der Erfassung nicht personenbezogener Daten besteht darin, besser zu verstehen, wie die Besucher von Loomjet die Website nutzen. Von Zeit zu Zeit kann Loomjet nicht pers\u00f6nlich identifizierbare Informationen in aggregierter Form ver\u00f6ffentlichen, z. B. durch die Ver\u00f6ffentlichung eines Berichts \u00fcber Trends bei der Nutzung seiner Website.<\/div>\n<div>Loomjet sammelt au\u00dferdem potenziell pers\u00f6nlich identifizierbare Informationen wie Internet Protocol (IP)-Adressen f\u00fcr angemeldete Benutzer und f\u00fcr Benutzer, die Kommentare zu https:\/\/loomjet.com\/-Blogbeitr\u00e4gen hinterlassen. Loomjet gibt die IP-Adressen angemeldeter Benutzer und Kommentatoren nur unter den gleichen Umst\u00e4nden weiter, unter denen es personenbezogene Daten wie unten beschrieben verwendet und offenlegt.<\/div>\n<div>\u00a0<\/div>\n<div>\u2013 Erhebung personenbezogener Daten<\/div>\n<div>Bestimmte Besucher der Websites von Loomjet interagieren mit Loomjet auf eine Art und Weise, die es erforderlich macht, dass Loomjet personenbezogene Daten erfasst. Die Menge und Art der Informationen, die Loomjet sammelt, h\u00e4ngt von der Art der Interaktion ab. Beispielsweise bitten wir Besucher, die sich f\u00fcr einen Blog unter https:\/\/loomjet.com\/ anmelden, einen Benutzernamen und eine E-Mail-Adresse anzugeben.<\/div>\n<div>\u00a0<\/div>\n<div>\u2013 Sicherheit<\/div>\n<div>Die Sicherheit Ihrer pers\u00f6nlichen Daten ist uns wichtig, aber denken Sie daran, dass keine Methode der \u00dcbertragung \u00fcber das Internet oder Methode der elektronischen Speicherung 100% sicher ist. Obwohl wir uns bem\u00fchen, Ihre personenbezogenen Daten mit kommerziell akzeptablen Mitteln zu sch\u00fctzen, k\u00f6nnen wir deren absolute Sicherheit nicht garantieren.<\/div>\n<div>\u00a0<\/div>\n<div>- Anzeige<\/div>\n<div>Auf unserer Website erscheinende Anzeigen k\u00f6nnen den Nutzern von Werbepartnern geliefert werden, die m\u00f6glicherweise Cookies setzen. Diese Cookies erm\u00f6glichen es dem Ad-Server, Ihren Computer jedes Mal zu erkennen, wenn er Ihnen eine Online-Werbung sendet, um Informationen \u00fcber Sie oder andere Benutzer Ihres Computers zusammenzustellen. Mithilfe dieser Informationen k\u00f6nnen Werbenetzwerke unter anderem gezielte Werbung schalten, von der sie glauben, dass sie f\u00fcr Sie am interessantesten ist. Diese Datenschutzrichtlinie gilt f\u00fcr die Verwendung von Cookies durch Loomjet und nicht f\u00fcr die Verwendung von Cookies durch Werbetreibende.<\/div>\n<div>\u00a0<\/div>\n<div>\u00a0<\/div>\n<div>\u2013 Links zu externen Websites<\/div>\n<div>Unser Service kann Links zu externen Websites enthalten, die nicht von uns betrieben werden. Wenn Sie auf einen Link eines Drittanbieters klicken, werden Sie zur Website dieses Drittanbieters weitergeleitet. Wir empfehlen Ihnen dringend, die Datenschutzrichtlinien und Gesch\u00e4ftsbedingungen jeder von Ihnen besuchten Website zu lesen.<\/div>\n<div>Wir haben keine Kontrolle \u00fcber die Inhalte, Datenschutzrichtlinien oder Praktiken von Websites, Produkten oder Dienstleistungen Dritter und \u00fcbernehmen keine Verantwortung daf\u00fcr.<\/div>\n<div>\u00a0<\/div>\n<div>\u2013 Https:\/\/loomjet.com\/ verwendet Google AdWords f\u00fcr Remarketing<\/div>\n<div>Https:\/\/loomjet.com\/ nutzt die Remarketing-Dienste, um auf Websites Dritter (einschlie\u00dflich Google) Werbung f\u00fcr fr\u00fchere Besucher unserer Website zu schalten. Dies k\u00f6nnte bedeuten, dass wir fr\u00fchere Besucher ansprechen, die eine Aufgabe auf unserer Website noch nicht erledigt haben, beispielsweise \u00fcber das Kontaktformular, um eine Anfrage zu stellen. Dies kann in Form einer Anzeige auf der Google-Suchergebnisseite oder einer Website im Google Display-Netzwerk erfolgen. Drittanbieter, einschlie\u00dflich Google, verwenden Cookies, um Anzeigen basierend auf fr\u00fcheren Besuchen einer Person zu schalten. Selbstverst\u00e4ndlich werden alle erhobenen Daten gem\u00e4\u00df unserer eigenen Datenschutzerkl\u00e4rung und der Datenschutzerkl\u00e4rung von Google verwendet.<\/div>\n<div>Auf der Seite \u201eGoogle Ad Preferences\u201c k\u00f6nnen Sie festlegen, wie Google Werbung f\u00fcr Sie schalten m\u00f6chte. Wenn Sie m\u00f6chten, k\u00f6nnen Sie interessenbezogene Werbung durch Cookie-Einstellungen oder dauerhaft \u00fcber ein Browser-Plugin vollst\u00e4ndig deaktivieren.<\/div>\n<div>\u00a0<\/div>\n<div>\u00a0<\/div>\n<div>\u2013 Aggregierte Statistiken<\/div>\n<div>Loomjet kann Statistiken \u00fcber das Verhalten der Besucher seiner Website sammeln. Loomjet kann diese Informationen \u00f6ffentlich anzeigen oder anderen zur Verf\u00fcgung stellen. Loomjet gibt Ihre personenbezogenen Daten jedoch nicht weiter.<\/div>\n<div>\u00a0<\/div>\n<div>\u2013 Affiliate-Offenlegung<\/div>\n<div>Diese Website verwendet Affiliate-Links und erh\u00e4lt f\u00fcr bestimmte Links eine Provision. Dies hat keinen Einfluss auf Ihre Eink\u00e4ufe oder den Preis, den Sie m\u00f6glicherweise zahlen.<\/div>\n<div>\u00a0<\/div>\n<div>- Kekse<\/div>\n<div>Um Ihr Online-Erlebnis zu bereichern und zu perfektionieren, verwendet Loomjet \u201eCookies\u201c, \u00e4hnliche Technologien und Dienste, die von anderen bereitgestellt werden, um personalisierte Inhalte und passende Werbung anzuzeigen und Ihre Pr\u00e4ferenzen auf Ihrem Computer zu speichern.<\/div>\n<div>Ein Cookie ist eine Informationsfolge, die eine Website auf dem Computer eines Besuchers speichert und die der Browser des Besuchers der Website jedes Mal zur Verf\u00fcgung stellt, wenn der Besucher zur\u00fcckkehrt. Loomjet verwendet Cookies, um Loomjet dabei zu helfen, Besucher, ihre Nutzung von https:\/\/loomjet.com\/ und ihre Website-Zugriffspr\u00e4ferenzen zu identifizieren und zu verfolgen. Loomjet-Besucher, die nicht m\u00f6chten, dass Cookies auf ihren Computern abgelegt werden, sollten ihren Browser so einstellen, dass er Cookies ablehnt, bevor sie die Websites von Loomjet nutzen. Der Nachteil besteht darin, dass bestimmte Funktionen der Websites von Loomjet ohne die Hilfe von Cookies m\u00f6glicherweise nicht ordnungsgem\u00e4\u00df funktionieren.<\/div>\n<div>Indem Sie weiterhin auf unserer Website navigieren, ohne Ihre Cookie-Einstellungen zu \u00e4ndern, erkennen Sie hiermit die Verwendung von Cookies durch Loomjet an und stimmen dieser zu.<\/div>\n<div>\u00a0<\/div>\n<div>\u2013 E-Commerce<\/div>\n<div>Diejenigen, die Transaktionen mit Loomjet durchf\u00fchren \u2013 indem sie die Dienstleistungen oder Produkte von Loomjet kaufen \u2013 werden gebeten, zus\u00e4tzliche Informationen anzugeben, darunter gegebenenfalls die pers\u00f6nlichen und finanziellen Informationen, die f\u00fcr die Abwicklung dieser Transaktionen erforderlich sind. Loomjet erhebt solche Informationen jeweils nur insoweit, als dies zur Erf\u00fcllung des Zwecks der Interaktion des Besuchers mit Loomjet erforderlich oder angemessen ist. Loomjet gibt keine personenbezogenen Daten weiter, au\u00dfer wie unten beschrieben. Und Besucher k\u00f6nnen sich jederzeit weigern, personenbezogene Daten anzugeben, mit dem Vorbehalt, dass sie dadurch m\u00f6glicherweise nicht an bestimmten Aktivit\u00e4ten im Zusammenhang mit der Website teilnehmen k\u00f6nnen.<\/div>\n<div>\u00a0<\/div>\n<div>\u2013 Gesch\u00e4fts\u00fcbertragungen<\/div>\n<div>Wenn Loomjet oder im Wesentlichen alle seine Verm\u00f6genswerte erworben w\u00fcrden, oder im unwahrscheinlichen Fall, dass Loomjet sein Gesch\u00e4ft aufgibt oder in Konkurs geht, w\u00e4ren Benutzerinformationen einer der Verm\u00f6genswerte, die von einem Dritten \u00fcbertragen oder erworben werden. Sie erkennen an, dass solche \u00dcbertragungen stattfinden k\u00f6nnen und dass jeder Erwerber von Loomjet Ihre pers\u00f6nlichen Daten weiterhin wie in dieser Richtlinie dargelegt verwenden darf.<\/div>\n<div>\u00a0<\/div>\n<div>\u00c4nderungen der Datenschutzrichtlinie<\/div>\n<div>Obwohl die meisten \u00c4nderungen wahrscheinlich geringf\u00fcgig sind, kann Loomjet seine Datenschutzrichtlinie von Zeit zu Zeit und nach alleinigem Ermessen von Loomjet \u00e4ndern. Loomjet empfiehlt Besuchern, diese Seite regelm\u00e4\u00dfig auf \u00c4nderungen seiner Datenschutzrichtlinie zu \u00fcberpr\u00fcfen. Durch Ihre fortgesetzte Nutzung dieser Website nach einer \u00c4nderung dieser Datenschutzrichtlinie erkl\u00e4ren Sie sich mit dieser \u00c4nderung einverstanden.<\/div>\n<div>\u00a0<\/div>\n<div>\u00a0<\/div>","protected":false},"excerpt":{"rendered":"<p>Privacy &amp; Policy Welcome to our Privacy Policy &#8212; Your privacy is critically important to us. Loomjet is located at: \u00a0 Loomjet 2803 Philadelphia Pike Suite B #437 DELAWARE, united states 2163524390 It is Loomjet&#8217;s policy to respect your privacy regarding any information we may collect while operating our website. This Privacy Policy applies to [&#8230;]","protected":false},"author":1,"featured_media":0,"parent":0,"menu_order":0,"comment_status":"closed","ping_status":"closed","template":"","meta":{"footnotes":""},"class_list":["post-125","page","type-page","status-publish","hentry"],"_links":{"self":[{"href":"https:\/\/loomjet.com\/de\/wp-json\/wp\/v2\/pages\/125"}],"collection":[{"href":"https:\/\/loomjet.com\/de\/wp-json\/wp\/v2\/pages"}],"about":[{"href":"https:\/\/loomjet.com\/de\/wp-json\/wp\/v2\/types\/page"}],"author":[{"embeddable":true,"href":"https:\/\/loomjet.com\/de\/wp-json\/wp\/v2\/users\/1"}],"replies":[{"embeddable":true,"href":"https:\/\/loomjet.com\/de\/wp-json\/wp\/v2\/comments?post=125"}],"version-history":[{"count":0,"href":"https:\/\/loomjet.com\/de\/wp-json\/wp\/v2\/pages\/125\/revisions"}],"wp:attachment":[{"href":"https:\/\/loomjet.com\/de\/wp-json\/wp\/v2\/media?parent=125"}],"curies":[{"name":"wp","href":"https:\/\/api.w.org\/{rel}","templated":true}]}}