{"id":130,"date":"2020-01-20T19:29:24","date_gmt":"2020-01-20T19:29:24","guid":{"rendered":"https:\/\/loomjet.com\/?page_id=130"},"modified":"2020-05-17T22:55:10","modified_gmt":"2020-05-17T22:55:10","slug":"terms-conditions","status":"publish","type":"page","link":"https:\/\/loomjet.com\/de\/terms-conditions\/","title":{"rendered":"TERMS &#038; CONDITIONS"},"content":{"rendered":"<h2>TERMS &amp; AMP; BEDINGUNGEN<\/h2>\n<p>\u00a0<\/p>\n<div>Willkommen bei Loomjet<\/div>\n<div>Diese Allgemeinen Gesch\u00e4ftsbedingungen beschreiben die Regeln und Vorschriften f\u00fcr die Nutzung der Website von loomjet.\u00a0\u00a0<\/div>\n<div>Loomjet befindet sich in:\u00a0<\/div>\n<div>2803 Philadelphia Pike Suite B #437, Claymont 19703 \u2013 DELAWARE, Vereinigte Staaten<\/div>\n<div>\u00a0<\/div>\n<div>Durch den Zugriff auf diese Website gehen wir davon aus, dass Sie diese Allgemeinen Gesch\u00e4ftsbedingungen vollst\u00e4ndig akzeptieren. Verwenden Sie die Website von loomjet nicht weiter\u00a0<\/div>\n<div>wenn Sie nicht alle auf dieser Seite aufgef\u00fchrten Bedingungen akzeptieren.<\/div>\n<div>Die folgende Terminologie gilt f\u00fcr diese Allgemeinen Gesch\u00e4ftsbedingungen, die Datenschutzerkl\u00e4rung und den Haftungsausschluss<\/div>\n<div>und alle Vereinbarungen: \u201eKunde\u201c, \u201eSie\u201c und \u201eIhr\u201c bezieht sich auf Sie, die Person, die auf diese Website zugreift<\/div>\n<div>und Akzeptieren der Gesch\u00e4ftsbedingungen des Unternehmens. \u201eDas Unternehmen\u201c, \u201euns\u201c, \u201ewir\u201c, \u201eunser\u201c und \u201euns\u201c.<\/div>\n<div>zu unserem Unternehmen. \u201ePartei\u201c, \u201eParteien\u201c oder \u201euns\u201c bezieht sich sowohl auf den Kunden als auch auf uns selbst oder entweder auf den Kunden<\/div>\n<div>oder uns selbst. Alle Bedingungen beziehen sich auf das Angebot, die Annahme und die Ber\u00fccksichtigung der erforderlichen Zahlung<\/div>\n<div>den Prozess unserer Unterst\u00fctzung des Kunden auf die am besten geeignete Weise, sei es durch formelle Treffen<\/div>\n<div>von fester Dauer oder auf andere Weise zum ausdr\u00fccklichen Zweck, die diesbez\u00fcglichen Bed\u00fcrfnisse des Kunden zu erf\u00fcllen<\/div>\n<div>der Bereitstellung der angegebenen Dienstleistungen\/Produkte des Unternehmens in \u00dcbereinstimmung mit und vorbehaltlich des geltenden Rechts<\/div>\n<div>der Vereinigten Staaten. Jegliche Verwendung der obigen Terminologie oder anderer W\u00f6rter im Singular, Plural,<\/div>\n<div>Gro\u00df- und Kleinschreibung und\/oder er\/sie oder sie werden als austauschbar angesehen und beziehen sich daher auf dieselben.Cookies<\/div>\n<div>Wir verwenden Cookies. Durch die Nutzung der Website von loomjet stimmen Sie der Verwendung von Cookies zu\u00a0<\/div>\n<div>in \u00dcbereinstimmung mit der Datenschutzrichtlinie von loomjet. Die meisten modernen interaktiven Websites<\/div>\n<div>verwenden Cookies, damit wir bei jedem Besuch Benutzerdaten abrufen k\u00f6nnen. In einigen Bereichen unserer Seite kommen Cookies zum Einsatz<\/div>\n<div>um die Funktionalit\u00e4t dieses Bereichs und die Benutzerfreundlichkeit f\u00fcr die Besucher zu erm\u00f6glichen. Einige unserer\u00a0<\/div>\n<div>Affiliate-\/Werbepartner k\u00f6nnen ebenfalls Cookies verwenden. Lizenz<\/div>\n<div>Sofern nicht anders angegeben, besitzen loomjet und\/oder seine Lizenzgeber die geistigen Eigentumsrechte f\u00fcr<\/div>\n<div>Alle Materialien auf Loomjet. Alle geistigen Eigentumsrechte sind vorbehalten. Sie k\u00f6nnen es ansehen und\/oder ausdrucken<\/div>\n<div>Seiten von https:\/\/loomjet.com\/ f\u00fcr Ihren eigenen pers\u00f6nlichen Gebrauch vorbehaltlich der in diesen Gesch\u00e4ftsbedingungen festgelegten Einschr\u00e4nkungen.<\/div>\n<div>Du darfst nicht:<\/div>\n<div>\u00a0<\/div>\n<div>Material von https:\/\/loomjet.com\/ erneut ver\u00f6ffentlichen<\/div>\n<div>Verkaufen, vermieten oder unterlizenzieren Sie Material von https:\/\/loomjet.com\/<\/div>\n<div>Reproduzieren, duplizieren oder kopieren Sie Material von https:\/\/loomjet.com\/<\/div>\n<div>\u00a0<\/div>\n<div>Inhalte von loomjet weiterverbreiten (es sei denn, Inhalte sind speziell f\u00fcr die Weiterverbreitung vorgesehen).<\/div>\n<div>Hyperlinks zu unseren Inhalten<\/div>\n<div>\u00a0<\/div>\n<div>Die folgenden Organisationen d\u00fcrfen ohne vorherige schriftliche Genehmigung auf unsere Website verlinken:<\/div>\n<div>\u00a0<\/div>\n<div>Regierungsbeh\u00f6rden;<\/div>\n<div>Suchmaschinen;<\/div>\n<div>Nachrichtenorganisationen;<\/div>\n<div>Online-Verzeichnisverteiler k\u00f6nnen, wenn sie uns im Verzeichnis auff\u00fchren, auf unsere Website darin verlinken<\/div>\n<div>Art und Weise, wie sie auf die Websites anderer b\u00f6rsennotierter Unternehmen verlinken; Und<\/div>\n<div>Systemweit akkreditierte Unternehmen mit Ausnahme von werbenden gemeinn\u00fctzigen Organisationen, Einkaufszentren f\u00fcr wohlt\u00e4tige Zwecke,<\/div>\n<div>und wohlt\u00e4tige Fundraising-Gruppen, die m\u00f6glicherweise keinen Hyperlink zu unserer Website haben.<\/div>\n<div>\u00a0<\/div>\n<div>\u00a0<\/div>\n<div>\u00a0<\/div>\n<div>\u00a0<\/div>\n<div>Diese Organisationen k\u00f6nnen so lange auf unsere Homepage, auf Ver\u00f6ffentlichungen oder auf andere Website-Informationen verlinken<\/div>\n<div>da der Link: (a) in keiner Weise irref\u00fchrend ist; (b) impliziert nicht f\u00e4lschlicherweise Sponsoring, Billigung oder<\/div>\n<div>Zustimmung der verlinkenden Partei und ihrer Produkte oder Dienstleistungen; und (c) in den Kontext der Verlinkung passt<\/div>\n<div>Website der Partei.<\/div>\n<div>\u00a0<\/div>\n<div>Wir k\u00f6nnen nach eigenem Ermessen andere Linkanfragen von den folgenden Arten von Organisationen pr\u00fcfen und genehmigen:<\/div>\n<div>\u00a0<\/div>\n<div>allgemein bekannte Verbraucher- und\/oder Gesch\u00e4ftsinformationsquellen wie Chambers of Commerce, American<\/div>\n<div>Automobile Association, AARP und Consumers Union;<\/div>\n<div>dot.com-Community-Sites;<\/div>\n<div>Verb\u00e4nde oder andere Gruppen, die Wohlt\u00e4tigkeitsorganisationen vertreten, einschlie\u00dflich Wohlt\u00e4tigkeitsorganisationen,<\/div>\n<div>Verteiler von Online-Verzeichnissen;<\/div>\n<div>Internetportale;<\/div>\n<div>Wirtschaftspr\u00fcfungs-, Anwalts- und Beratungsfirmen, deren Hauptkunden Unternehmen sind; Und<\/div>\n<div>Bildungseinrichtungen und Wirtschaftsverb\u00e4nde.<\/div>\n<div>\u00a0<\/div>\n<div>\u00a0<\/div>\n<div>\u00a0<\/div>\n<div>Wir werden Linkanfragen von diesen Organisationen genehmigen, wenn wir feststellen, dass: (a) der Link nicht widerspiegelt<\/div>\n<div>ung\u00fcnstig f\u00fcr uns oder unsere akkreditierten Unternehmen (z. B. Wirtschaftsverb\u00e4nde oder andere Organisationen).<\/div>\n<div>die Darstellung von an sich verd\u00e4chtigen Arten von Gesch\u00e4ften, wie z. B. M\u00f6glichkeiten der Heimarbeit, sind nicht zul\u00e4ssig<\/div>\n<div>verlinken); (b) die Organisation hat keine unbefriedigende Bilanz bei uns; (c) der Vorteil f\u00fcr uns aus<\/div>\n<div>die mit dem Hyperlink verbundene Sichtbarkeit \u00fcberwiegt das Fehlen von loomjet; und (d) wo die<\/div>\n<div>Link im Kontext allgemeiner Ressourceninformationen steht oder anderweitig mit redaktionellem Inhalt \u00fcbereinstimmt<\/div>\n<div>in einem Newsletter oder einem \u00e4hnlichen Produkt, das die Mission der Organisation f\u00f6rdert.<\/div>\n<div>\u00a0<\/div>\n<div>Diese Organisationen d\u00fcrfen solange auf unsere Homepage, auf Ver\u00f6ffentlichungen oder auf andere Website-Informationen verlinken<\/div>\n<div>der Link: (a) ist in keiner Weise irref\u00fchrend; (b) impliziert nicht f\u00e4lschlicherweise Sponsoring, Billigung oder Genehmigung<\/div>\n<div>der verlinkenden Partei und ihrer Produkte oder Dienstleistungen; und (c) in den Kontext der verlinkenden Partei passt<\/div>\n<div>Grundst\u00fcck.<\/div>\n<div>\u00a0<\/div>\n<div>Wenn Sie zu den in Absatz 2 oben aufgef\u00fchrten Organisationen geh\u00f6ren und an einer Verlinkung auf unsere Website interessiert sind,<\/div>\n<div>Sie m\u00fcssen uns benachrichtigen, indem Sie eine E-Mail an info@loomjet.com senden.<\/div>\n<div>Bitte geben Sie Ihren Namen, den Namen Ihrer Organisation, Kontaktinformationen (z. B. Telefonnummer und\/oder E-Mail-Adresse) an<\/div>\n<div>Adresse) sowie die URL Ihrer Website, eine Liste aller URLs, von denen Sie beabsichtigen, auf unsere Website zu verlinken,<\/div>\n<div>und eine Liste der URL(s) auf unserer Website, auf die Sie verlinken m\u00f6chten. Warten Sie 2-3 Wochen auf eine Antwort.<\/div>\n<div>\u00a0<\/div>\n<div>Zugelassene Organisationen k\u00f6nnen wie folgt auf unsere Website verlinken:<\/div>\n<div>\u00a0<\/div>\n<div>\u00a0<\/div>\n<div>Durch die Verwendung unseres Firmennamens; oder<\/div>\n<div>Durch Verwendung des Uniform Resource Locator (Webadresse), auf den verlinkt wird; oder<\/div>\n<div>Durch die Verwendung einer anderen Beschreibung unserer Website oder von Material, auf das verlinkt wird, ist dies innerhalb der sinnvoll<\/div>\n<div>Kontext und Format des Inhalts auf der Website der verlinkenden Partei.<\/div>\n<div>\u00a0<\/div>\n<div>Ohne eine Markenlizenz ist die Verwendung des Logos von loomjet oder anderer Kunstwerke f\u00fcr die Verlinkung nicht gestattet<\/div>\n<div>Vereinbarung.<\/div>\n<div>IFrames<\/div>\n<div>Ohne vorherige Genehmigung und ausdr\u00fcckliche schriftliche Genehmigung d\u00fcrfen Sie keine Frames um unsere Webseiten erstellen oder<\/div>\n<div>andere Techniken verwenden, die die visuelle Darstellung oder das Erscheinungsbild unserer Website in irgendeiner Weise ver\u00e4ndern.<\/div>\n<div>Vorbehalt von Rechten<\/div>\n<div>Wir behalten uns das Recht vor, Sie jederzeit und nach eigenem Ermessen aufzufordern, alle oder bestimmte Links zu entfernen<\/div>\n<div>Link zu unserer Website. Sie erkl\u00e4ren sich damit einverstanden, alle Links zu unserer Website nach einer solchen Aufforderung unverz\u00fcglich zu entfernen. wir auch<\/div>\n<div>beh\u00e4lt sich das Recht vor, diese Allgemeinen Gesch\u00e4ftsbedingungen und ihre Verkn\u00fcpfungsrichtlinie jederzeit zu \u00e4ndern. Indem Sie fortfahren<\/div>\n<div>Um auf unsere Website zu verlinken, erkl\u00e4ren Sie sich damit einverstanden, an diese Verlinkungsbedingungen gebunden zu sein und sich an diese zu halten.<\/div>\n<div>Entfernung von Links von unserer Website<\/div>\n<div>Wenn Sie einen Link auf unserer Website oder eine verlinkte Website aus irgendeinem Grund als anst\u00f6\u00dfig empfinden, k\u00f6nnen Sie sich an uns wenden<\/div>\n<div>uns dar\u00fcber. Wir werden Anfragen zum Entfernen von Links pr\u00fcfen, sind jedoch nicht dazu verpflichtet oder zu einer Antwort verpflichtet<\/div>\n<div>direkt zu Ihnen.<\/div>\n<div>Obwohl wir uns bem\u00fchen sicherzustellen, dass die Informationen auf dieser Website korrekt sind, \u00fcbernehmen wir keine Gew\u00e4hr f\u00fcr deren Vollst\u00e4ndigkeit<\/div>\n<div>oder Genauigkeit; Wir verpflichten uns auch nicht sicherzustellen, dass die Website verf\u00fcgbar bleibt oder dass das Material auf der<\/div>\n<div>Website wird aktuell gehalten.<\/div>\n<div>Haftung f\u00fcr Inhalte<\/div>\n<div>Wir \u00fcbernehmen keine Verantwortung oder Haftung f\u00fcr Inhalte, die auf Ihrer Website erscheinen. Sie verpflichten sich zur Schadloshaltung<\/div>\n<div>und verteidigen Sie uns gegen alle Anspr\u00fcche, die sich aus oder basierend auf Ihrer Website ergeben. Es d\u00fcrfen keine Links auf irgendwelchen erscheinen<\/div>\n<div>Seite auf Ihrer Website oder in einem Kontext, der Inhalte oder Materialien enth\u00e4lt, die als interpretiert werden k\u00f6nnen<\/div>\n<div>verleumderisch, obsz\u00f6n oder kriminell sind, oder die verletzen, anderweitig verletzen oder die Verletzung bef\u00fcrworten oder<\/div>\n<div>sonstige Verletzung von Rechten Dritter.<\/div>\n<div>Haftungsausschluss<\/div>\n<div>Soweit nach geltendem Recht zul\u00e4ssig, schlie\u00dfen wir alle Zusicherungen, Gew\u00e4hrleistungen und Bedingungen in Bezug auf unsere Website und die Nutzung dieser Website aus (einschlie\u00dflich, aber nicht beschr\u00e4nkt auf alle gesetzlich implizierten Garantien in Bezug auf zufriedenstellende Qualit\u00e4t, Eignung f\u00fcr einen bestimmten Zweck und\/oder die Anwendung angemessener Sorgfalt und Sachkenntnis). Nichts in diesem Haftungsausschluss wird:<\/div>\n<div>\u00a0<\/div>\n<div>unsere oder Ihre Haftung f\u00fcr Tod oder K\u00f6rperverletzung aufgrund von Fahrl\u00e4ssigkeit einschr\u00e4nken oder ausschlie\u00dfen;<\/div>\n<div>unsere oder Ihre Haftung f\u00fcr Betrug oder betr\u00fcgerische Falschdarstellung einschr\u00e4nken oder ausschlie\u00dfen;<\/div>\n<div>unsere oder Ihre Verbindlichkeiten auf eine Weise einschr\u00e4nken, die nach geltendem Recht nicht zul\u00e4ssig ist; oder<\/div>\n<div>schlie\u00dfen Sie jegliche unserer oder Ihrer Verbindlichkeiten aus, die nach geltendem Recht nicht ausgeschlossen werden k\u00f6nnen.<\/div>\n<div>\u00a0<\/div>\n<div>Die in diesem Abschnitt und an anderer Stelle in diesem Haftungsausschluss dargelegten Haftungsbeschr\u00e4nkungen und -ausschl\u00fcsse: (a)<\/div>\n<div>unterliegen dem vorstehenden Absatz; und (b) alle Verbindlichkeiten regeln, die sich aus dem Haftungsausschluss ergeben, oder<\/div>\n<div>im Zusammenhang mit dem Gegenstand dieses Haftungsausschlusses, einschlie\u00dflich der Haftung aus Vertrag, aus unerlaubter Handlung<\/div>\n<div>(einschlie\u00dflich Fahrl\u00e4ssigkeit) und wegen Verletzung gesetzlicher Pflichten.<\/div>\n<div>Soweit die Website und die Informationen und Dienste auf der Website kostenlos zur Verf\u00fcgung gestellt werden,<\/div>\n<div>Wir haften nicht f\u00fcr Verluste oder Sch\u00e4den jeglicher Art.<\/div>\n<div>\u00a0<\/div>","protected":false},"excerpt":{"rendered":"<p>TERMS &amp; CONDITIONS \u00a0 Welcome to loomjet These terms and conditions outline the rules and regulations for the use of loomjet&#8217;s Website.\u00a0\u00a0 loomjet is located at:\u00a0 2803 Philadelphia Pike Suite B #437, Claymont 19703 &#8211; DELAWARE , United states \u00a0 By accessing this website we assume you accept these terms and conditions in full. Do [&#8230;]","protected":false},"author":1,"featured_media":0,"parent":0,"menu_order":0,"comment_status":"closed","ping_status":"closed","template":"","meta":{"footnotes":""},"class_list":["post-130","page","type-page","status-publish","hentry"],"_links":{"self":[{"href":"https:\/\/loomjet.com\/de\/wp-json\/wp\/v2\/pages\/130"}],"collection":[{"href":"https:\/\/loomjet.com\/de\/wp-json\/wp\/v2\/pages"}],"about":[{"href":"https:\/\/loomjet.com\/de\/wp-json\/wp\/v2\/types\/page"}],"author":[{"embeddable":true,"href":"https:\/\/loomjet.com\/de\/wp-json\/wp\/v2\/users\/1"}],"replies":[{"embeddable":true,"href":"https:\/\/loomjet.com\/de\/wp-json\/wp\/v2\/comments?post=130"}],"version-history":[{"count":0,"href":"https:\/\/loomjet.com\/de\/wp-json\/wp\/v2\/pages\/130\/revisions"}],"wp:attachment":[{"href":"https:\/\/loomjet.com\/de\/wp-json\/wp\/v2\/media?parent=130"}],"curies":[{"name":"wp","href":"https:\/\/api.w.org\/{rel}","templated":true}]}}