{"id":20,"date":"2020-01-19T17:24:39","date_gmt":"2020-01-19T17:24:39","guid":{"rendered":"https:\/\/loomjet.com\/?page_id=20"},"modified":"2024-11-01T17:12:55","modified_gmt":"2024-11-01T17:12:55","slug":"home","status":"publish","type":"page","link":"https:\/\/loomjet.com\/de\/","title":{"rendered":"Heim"},"content":{"rendered":"<div class=\"slider-wrapper relative\" id=\"slider-1850573997\" >\n    <div class=\"slider slider-nav-circle slider-nav-large slider-nav-light slider-style-normal\"\n        data-flickity-options='{            \"cellAlign\": \"center\",            \"imagesLoaded\": true,            \"lazyLoad\": 1,            \"freeScroll\": false,            \"wrapAround\": true,            \"autoPlay\": 6000,            \"pauseAutoPlayOnHover\" : true,            \"prevNextButtons\": true,            \"contain\" : true,            \"adaptiveHeight\" : true,            \"dragThreshold\" : 10,            \"percentPosition\": true,            \"pageDots\": true,            \"rightToLeft\": false,            \"draggable\": true,            \"selectedAttraction\": 0.1,            \"parallax\" : 0,            \"friction\": 0.6        }'\n        >\n        \n\n\n  <div class=\"banner has-hover\" id=\"banner-802180130\">\n          <div class=\"banner-inner fill\">\n        <div class=\"banner-bg fill\" >\n            <div class=\"bg fill bg-fill\"><\/div>\n                                    \n                    <\/div>\n        <div class=\"banner-layers container\">\n            <div class=\"fill banner-link\"><\/div>            \n\n   <div id=\"text-box-1030206932\" class=\"text-box banner-layer x50 md-x50 lg-x50 y50 md-y50 lg-y50 res-text\">\n                                <div class=\"text-box-content text dark\">\n              \n              <div class=\"text-inner text-center\">\n                  \n\n\n              <\/div>\n           <\/div>\n                            \n<style>\n#text-box-1030206932 {\n  width: 60%;\n}\n#text-box-1030206932 .text-box-content {\n  font-size: 100%;\n}\n@media (min-width:550px) {\n  #text-box-1030206932 {\n    width: 60%;\n  }\n}\n<\/style>\n    <\/div>\n \n\n        <\/div>\n      <\/div>\n\n            \n<style>\n#banner-802180130 {\n  padding-top: 500px;\n}\n#banner-802180130 .bg.bg-loaded {\n  background-image: url(https:\/\/loomjet.com\/wp-content\/uploads\/2021\/06\/happy_campers_1296x-1296x800.jpg);\n}\n#banner-802180130 .bg {\n  background-position: 0% 94%;\n}\n<\/style>\n  <\/div>\n\n\n\n\n     <\/div>\n\n     <div class=\"loading-spin dark large centered\"><\/div>\n\n     \t<\/div>\n\n\n\n\n<div class=\"container section-title-container\" ><h3 class=\"section-title section-title-bold-center\"><b><\/b><span class=\"section-title-main\" style=\"color:rgb(0, 0, 0);\"><i class=\"icon-checkmark\" ><\/i>LoomJet.com<\/span><b><\/b><\/h3><\/div>\n\n\n  \n    <div class=\"row large-columns-4 medium-columns-3 small-columns-2 row-small has-shadow row-box-shadow-2 row-box-shadow-2-hover slider row-slider slider-nav-reveal\"  data-flickity-options='{\"imagesLoaded\": true, \"groupCells\": \"100%\", \"dragThreshold\" : 5, \"cellAlign\": \"left\",\"wrapAround\": true,\"prevNextButtons\": true,\"percentPosition\": true,\"pageDots\": false, \"rightToLeft\": false, \"autoPlay\" : false}'>\n\n  \t<\/div>\n\n\n  \n    <div id=\"product-grid-1894718599\" class=\"row large-columns-4 medium-columns-3 small-columns-2 row-small has-shadow row-box-shadow-1 row-box-shadow-5-hover row-masonry\" data-packery-options='{\"itemSelector\": \".col\", \"gutter\": 0, \"presentageWidth\" : true}'>\n\n  \t<\/div>\n\n<p>&nbsp;<\/p>\n<p>&nbsp;<\/p>\n<p>&nbsp;<\/p>\n<p>&nbsp;<\/p>\n\n\n\n\n<div class=\"container section-title-container hidden\" ><h3 class=\"section-title section-title-bold-center\"><b><\/b><span class=\"section-title-main\" style=\"color:rgb(0, 0, 0);\"><i class=\"icon-gift\" ><\/i>EMPFOHLENE PRODUKTE<\/span><b><\/b><\/h3><\/div>\n\n\n  \n    <div class=\"row  equalize-box large-columns-5 medium-columns-3 small-columns-2 row-xsmall\">\n  \t<\/div>\n\n<div class=\"row\"  id=\"row-2061879249\">\n\n\n\t<div id=\"col-1914915448\" class=\"col medium-6 small-12 large-6\"  >\n\t\t<div class=\"col-inner\"  >\n\t\t\t\n\t\t\t\n\n\n  <div class=\"banner has-hover bg-zoom\" id=\"banner-57705301\">\n          <div class=\"banner-inner fill\">\n        <div class=\"banner-bg fill\" >\n            <div class=\"bg fill bg-fill\"><\/div>\n                                    \n\t<div class=\"is-border\"\n\t\tstyle=\"border-width:10px 10px 10px 10px;\">\n\t<\/div>\n            <div class=\"effect-snow bg-effect fill no-click\"><\/div>        <\/div>\n        <div class=\"banner-layers container\">\n            <div class=\"fill banner-link\"><\/div>            \n\n   <div id=\"text-box-550721107\" class=\"text-box banner-layer x50 md-x50 lg-x50 y50 md-y50 lg-y50 res-text\">\n                                <div class=\"text-box-content text dark\">\n              \n              <div class=\"text-inner text-center\">\n                  \n\n<a href=\"https:\/\/loomjet.com\/de\/produkt\/home-garden\/\" target=\"_self\" class=\"button white is-shade is-xlarge\"  >\n    <span>JETZT EINKAUFEN<\/span>\n  <\/a>\n\n\n\n              <\/div>\n           <\/div>\n                            \n<style>\n#text-box-550721107 {\n  width: 60%;\n}\n#text-box-550721107 .text-box-content {\n  font-size: 100%;\n}\n<\/style>\n    <\/div>\n \n\n        <\/div>\n      <\/div>\n\n            \n<style>\n#banner-57705301 {\n  padding-top: 650px;\n}\n#banner-57705301 .bg.bg-loaded {\n  background-image: 15081;\n}\n#banner-57705301 .bg {\n  background-position: 96% 50%;\n}\n<\/style>\n  <\/div>\n\n\n\n\t\t<\/div>\n\t\t\t<\/div>\n\n\t\n\n\t<div id=\"col-111006880\" class=\"col medium-6 small-12 large-6\"  >\n\t\t<div class=\"col-inner\"  >\n\t\t\t\n\t\t\t\n\n\n  <div class=\"banner has-hover bg-zoom\" id=\"banner-1356865795\">\n          <div class=\"banner-inner fill\">\n        <div class=\"banner-bg fill\" >\n            <div class=\"bg fill bg-fill\"><\/div>\n                                    \n\t<div class=\"is-border\"\n\t\tstyle=\"border-width:10px 10px 10px 10px;\">\n\t<\/div>\n            <div class=\"effect-snow bg-effect fill no-click\"><\/div>        <\/div>\n        <div class=\"banner-layers container\">\n            <a class=\"fill\" href=\"https:\/\/loomjet.com\/de\/produkt-kategorie\/cleaning\/\"  ><div class=\"fill banner-link\"><\/div><\/a>            \n\n   <div id=\"text-box-1108875277\" class=\"text-box banner-layer x50 md-x50 lg-x50 y50 md-y50 lg-y50 res-text\">\n                                <div class=\"text-box-content text dark\">\n              \n              <div class=\"text-inner text-center\">\n                  \n\n<a href=\"https:\/\/loomjet.com\/de\/produkt\/6-in-1-portable-outdoor-led-camping-lantern-with-fan\/\" target=\"_self\" class=\"button white is-xlarge\"  >\n    <span>JETZT EINKAUFEN<\/span>\n  <\/a>\n\n\n\n              <\/div>\n           <\/div>\n                            \n<style>\n#text-box-1108875277 {\n  width: 60%;\n}\n#text-box-1108875277 .text-box-content {\n  font-size: 100%;\n}\n@media (min-width:550px) {\n  #text-box-1108875277 {\n    width: 60%;\n  }\n}\n<\/style>\n    <\/div>\n \n\n        <\/div>\n      <\/div>\n\n            \n<style>\n#banner-1356865795 {\n  padding-top: 650px;\n  background-color: rgb(255, 255, 255);\n}\n#banner-1356865795 .bg.bg-loaded {\n  background-image: 15014;\n}\n#banner-1356865795 .bg {\n  background-position: 43% 53%;\n}\n<\/style>\n  <\/div>\n\n\n\n\t\t<\/div>\n\t\t\t<\/div>\n\n\t\n\n<\/div>\n<div class=\"container section-title-container\" ><h3 class=\"section-title section-title-bold-center\"><b><\/b><span class=\"section-title-main\" style=\"color:rgb(0, 0, 0);\"><i class=\"icon-shopping-bag\" ><\/i>AUSGEW\u00c4HLTE FAVORITEN<\/span><b><\/b><\/h3><\/div>\n\n\n  \n    <div class=\"row  equalize-box large-columns-5 medium-columns-3 small-columns-2 row-small\">\n  \t<\/div>\n\n<div class=\"container section-title-container hidden\" ><h3 class=\"section-title section-title-bold-center\"><b><\/b><span class=\"section-title-main\" style=\"color:rgb(0, 0, 0);\"><i class=\"icon-clock\" ><\/i>ROBOTER-STAUBSAUGER<\/span><b><\/b><\/h3><\/div>\n\n\n\n<div class=\"container section-title-container\" ><h3 class=\"section-title section-title-bold-center\"><b><\/b><span class=\"section-title-main\" style=\"color:rgb(0, 0, 0);\"><i class=\"icon-shopping-basket\" ><\/i>St\u00f6bern Sie in unseren Kategorien<\/span><b><\/b><\/h3><\/div>\n\n\n  \n    <div class=\"row large-columns-6 medium-columns-3 small-columns-2 row-small slider row-slider slider-nav-simple slider-nav-outside\"  data-flickity-options='{\"imagesLoaded\": true, \"groupCells\": \"100%\", \"dragThreshold\" : 5, \"cellAlign\": \"left\",\"wrapAround\": true,\"prevNextButtons\": true,\"percentPosition\": true,\"pageDots\": false, \"rightToLeft\": false, \"autoPlay\" : false}'>\n\n  <\/div>\n\n\t<div id=\"gap-1915198799\" class=\"gap-element clearfix\" style=\"display:block; height:auto;\">\n\t\t\n<style>\n#gap-1915198799 {\n  padding-top: 40px;\n}\n<\/style>\n\t<\/div>\n\t\n\n<div class=\"slider-wrapper relative\" id=\"slider-29410123\" >\n    <div class=\"slider slider-nav-circle slider-nav-large slider-nav-light slider-style-normal\"\n        data-flickity-options='{            \"cellAlign\": \"center\",            \"imagesLoaded\": true,            \"lazyLoad\": 1,            \"freeScroll\": false,            \"wrapAround\": true,            \"autoPlay\": 2000,            \"pauseAutoPlayOnHover\" : true,            \"prevNextButtons\": true,            \"contain\" : true,            \"adaptiveHeight\" : true,            \"dragThreshold\" : 10,            \"percentPosition\": true,            \"pageDots\": true,            \"rightToLeft\": false,            \"draggable\": true,            \"selectedAttraction\": 0.1,            \"parallax\" : 0,            \"friction\": 0.6        }'\n        >\n        \n\n\n  <div class=\"banner has-hover has-parallax\" id=\"banner-782897080\">\n          <div class=\"banner-inner fill\">\n        <div class=\"banner-bg fill\" data-parallax=\"-1\" data-parallax-container=\".banner\" data-parallax-background>\n            <div class=\"bg fill bg-fill\"><\/div>\n                                    \n            <div class=\"effect-sparkle bg-effect fill no-click\"><\/div>        <\/div>\n        <div class=\"banner-layers container\">\n            <div class=\"fill banner-link\"><\/div>            \n\n   <div id=\"text-box-961786569\" class=\"text-box banner-layer x50 md-x50 lg-x50 y50 md-y50 lg-y50 res-text\">\n                                <div class=\"text-box-content text dark\">\n              \n              <div class=\"text-inner text-center\">\n                  \n\n  <div class=\"icon-box testimonial-box icon-box-left text-left\">\n                <div class=\"icon-box-img testimonial-image circle\" style=\"width: 128px\">\n              <img loading=\"lazy\" decoding=\"async\" width=\"280\" height=\"280\" src=\"https:\/\/loomjet.com\/wp-content\/uploads\/2020\/03\/edward-cisneros-415601-unsplash-280x280-1.jpg\" class=\"attachment-thumbnail size-thumbnail\" alt=\"\" srcset=\"https:\/\/loomjet.com\/wp-content\/uploads\/2020\/03\/edward-cisneros-415601-unsplash-280x280-1.jpg 280w, https:\/\/loomjet.com\/wp-content\/uploads\/2020\/03\/edward-cisneros-415601-unsplash-280x280-1-100x100.jpg 100w\" sizes=\"(max-width: 280px) 100vw, 280px\" \/>        <\/div>\n                <div class=\"icon-box-text p-last-0\">\n          <div class=\"star-rating\"><span style=\"width:100%\"><strong class=\"rating\"><\/strong><\/span><\/div>  \t\t\t\t<div class=\"testimonial-text line-height-small italic test_text first-reset last-reset is-italic\">\n            \n\n<p>Das ist gro\u00dfartig!! Ich bin SOOO UNGLAUBLICH ZUFRIEDEN. Die Bestellung kam in zwei Tagen!! Ich konnte es selbst zusammenstellen. Und dann falten Sie es in weniger als f\u00fcnf Minuten zusammen, damit es wieder in die H\u00fclle passt!!<\/p>\n\n          <\/div>\n          <div class=\"testimonial-meta pt-half\">\n             <strong class=\"testimonial-name test_name\">Lucie Andersen<\/strong>\n             <span class=\"testimonial-name-divider\"> \/ <\/span>             <span class=\"testimonial-company test_company\">Facebook<\/span>\n          <\/div>\n        <\/div>\n  <\/div>\n\n  \n\n              <\/div>\n           <\/div>\n                            \n<style>\n#text-box-961786569 {\n  width: 78%;\n}\n#text-box-961786569 .text-box-content {\n  font-size: 100%;\n}\n<\/style>\n    <\/div>\n \n\n        <\/div>\n      <\/div>\n\n            \n<style>\n#banner-782897080 {\n  padding-top: 300px;\n}\n#banner-782897080 .bg.bg-loaded {\n  background-image: url(https:\/\/loomjet.com\/wp-content\/uploads\/2021\/05\/7925-yciehh.jpg);\n}\n<\/style>\n  <\/div>\n\n\n\n     <\/div>\n\n     <div class=\"loading-spin dark large centered\"><\/div>\n\n     \t<\/div>\n\n\n<div class=\"container section-title-container\" ><h3 class=\"section-title section-title-bold-center\"><b><\/b><span class=\"section-title-main\" style=\"color:rgb(0, 0, 0);\"><i class=\"icon-checkmark\" ><\/i>WARUM UNSEREN SERVICE W\u00c4HLEN<\/span><b><\/b><\/h3><\/div>\n\n<div class=\"row row-divided\"  id=\"row-1521732400\">\n\n\n\t<div id=\"col-26484884\" class=\"col medium-3 large-3\"  >\n\t\t<div class=\"col-inner\"  >\n\t\t\t\n\t\t\t\n\n\n\t\t<div class=\"icon-box featured-box icon-box-center text-center\"  >\n\t\t\t\t\t<div class=\"icon-box-img has-icon-bg\" style=\"width: 61px\">\n\t\t\t\t<div class=\"icon\">\n\t\t\t\t\t<div class=\"icon-inner\" style=\"border-width:2px;\">\n\t\t\t\t\t\t<img loading=\"lazy\" decoding=\"async\" width=\"400\" height=\"400\" src=\"https:\/\/loomjet.com\/wp-content\/uploads\/2020\/03\/like-400x400-1.png\" class=\"attachment-medium size-medium\" alt=\"\" srcset=\"https:\/\/loomjet.com\/wp-content\/uploads\/2020\/03\/like-400x400-1.png 400w, https:\/\/loomjet.com\/wp-content\/uploads\/2020\/03\/like-400x400-1-280x280.png 280w, https:\/\/loomjet.com\/wp-content\/uploads\/2020\/03\/like-400x400-1-100x100.png 100w\" sizes=\"(max-width: 400px) 100vw, 400px\" \/>\t\t\t\t\t<\/div>\n\t\t\t\t<\/div>\n\t\t\t<\/div>\n\t\t\t\t<div class=\"icon-box-text last-reset\">\n\t\t\t\t\t\t\t\t\t\n\n<h4 class=\"uppercase\">\u00dcBER 700 KUNDEN LIEBEN UNS<\/h4>\n<p>Wir bieten besten Service und tolle Preise f\u00fcr qualitativ hochwertige Produkte<\/p>\n\n\t\t<\/div>\n\t<\/div>\n\t\n\t\n\n\t\t<\/div>\n\t\t\t<\/div>\n\n\t\n\n\t<div id=\"col-120115738\" class=\"col medium-3 large-3\"  >\n\t\t<div class=\"col-inner\"  >\n\t\t\t\n\t\t\t\n\n\n\t\t<div class=\"icon-box featured-box icon-box-center text-center\"  >\n\t\t\t\t\t<div class=\"icon-box-img has-icon-bg\" style=\"width: 61px\">\n\t\t\t\t<div class=\"icon\">\n\t\t\t\t\t<div class=\"icon-inner\" style=\"border-width:2px;\">\n\t\t\t\t\t\t<img loading=\"lazy\" decoding=\"async\" width=\"400\" height=\"400\" src=\"https:\/\/loomjet.com\/wp-content\/uploads\/2020\/03\/worldwide-400x400-1.png\" class=\"attachment-medium size-medium\" alt=\"\" srcset=\"https:\/\/loomjet.com\/wp-content\/uploads\/2020\/03\/worldwide-400x400-1.png 400w, https:\/\/loomjet.com\/wp-content\/uploads\/2020\/03\/worldwide-400x400-1-280x280.png 280w, https:\/\/loomjet.com\/wp-content\/uploads\/2020\/03\/worldwide-400x400-1-100x100.png 100w\" sizes=\"(max-width: 400px) 100vw, 400px\" \/>\t\t\t\t\t<\/div>\n\t\t\t\t<\/div>\n\t\t\t<\/div>\n\t\t\t\t<div class=\"icon-box-text last-reset\">\n\t\t\t\t\t\t\t\t\t\n\n<h4 class=\"uppercase\">VERSAND IN 185 L\u00c4NDER<\/h4>\n<p>Unser Gesch\u00e4ft ist weltweit t\u00e4tig und Sie k\u00f6nnen alle Bestellungen versandkostenfrei erhalten<\/p>\n\n\t\t<\/div>\n\t<\/div>\n\t\n\t\n\n\t\t<\/div>\n\t\t\t<\/div>\n\n\t\n\n\t<div id=\"col-1874386625\" class=\"col medium-3 large-3\"  >\n\t\t<div class=\"col-inner\"  >\n\t\t\t\n\t\t\t\n\n\n\t\t<div class=\"icon-box featured-box icon-box-center text-center\"  >\n\t\t\t\t\t<div class=\"icon-box-img has-icon-bg\" style=\"width: 61px\">\n\t\t\t\t<div class=\"icon\">\n\t\t\t\t\t<div class=\"icon-inner\" style=\"border-width:2px;\">\n\t\t\t\t\t\t<img loading=\"lazy\" decoding=\"async\" width=\"400\" height=\"400\" src=\"https:\/\/loomjet.com\/wp-content\/uploads\/2020\/03\/credit-card-400x400-1.png\" class=\"attachment-medium size-medium\" alt=\"\" srcset=\"https:\/\/loomjet.com\/wp-content\/uploads\/2020\/03\/credit-card-400x400-1.png 400w, https:\/\/loomjet.com\/wp-content\/uploads\/2020\/03\/credit-card-400x400-1-280x280.png 280w, https:\/\/loomjet.com\/wp-content\/uploads\/2020\/03\/credit-card-400x400-1-100x100.png 100w\" sizes=\"(max-width: 400px) 100vw, 400px\" \/>\t\t\t\t\t<\/div>\n\t\t\t\t<\/div>\n\t\t\t<\/div>\n\t\t\t\t<div class=\"icon-box-text last-reset\">\n\t\t\t\t\t\t\t\t\t\n\n<h4 class=\"uppercase\">100% SICHERE ZAHLUNG<\/h4>\n<p>Kaufen Sie vertrauensvoll mit den weltweit beliebtesten und sichersten Zahlungsmethoden<\/p>\n\n\t\t<\/div>\n\t<\/div>\n\t\n\t\n\n\t\t<\/div>\n\t\t\t<\/div>\n\n\t\n\n\t<div id=\"col-1380744204\" class=\"col medium-3 large-3\"  >\n\t\t<div class=\"col-inner\"  >\n\t\t\t\n\t\t\t\n\n\n\t\t<div class=\"icon-box featured-box icon-box-center text-center\"  >\n\t\t\t\t\t<div class=\"icon-box-img has-icon-bg\" style=\"width: 61px\">\n\t\t\t\t<div class=\"icon\">\n\t\t\t\t\t<div class=\"icon-inner\" style=\"border-width:2px;\">\n\t\t\t\t\t\t<img loading=\"lazy\" decoding=\"async\" width=\"400\" height=\"400\" src=\"https:\/\/loomjet.com\/wp-content\/uploads\/2020\/03\/shipped-400x400-1.png\" class=\"attachment-medium size-medium\" alt=\"\" srcset=\"https:\/\/loomjet.com\/wp-content\/uploads\/2020\/03\/shipped-400x400-1.png 400w, https:\/\/loomjet.com\/wp-content\/uploads\/2020\/03\/shipped-400x400-1-280x280.png 280w, https:\/\/loomjet.com\/wp-content\/uploads\/2020\/03\/shipped-400x400-1-100x100.png 100w\" sizes=\"(max-width: 400px) 100vw, 400px\" \/>\t\t\t\t\t<\/div>\n\t\t\t\t<\/div>\n\t\t\t<\/div>\n\t\t\t\t<div class=\"icon-box-text last-reset\">\n\t\t\t\t\t\t\t\t\t\n\n<h4 class=\"uppercase\">\u00dcBER 3000 ERFOLGREICHE LIEFERUNGEN<\/h4>\n<p>Unser K\u00e4uferschutz deckt Ihren Einkauf vom Klick bis zur Lieferung ab<\/p>\n\n\t\t<\/div>\n\t<\/div>\n\t\n\t\n\n\t\t<\/div>\n\t\t\t<\/div>\n\n\t\n\n<\/div>","protected":false},"excerpt":{"rendered":"","protected":false},"author":1,"featured_media":0,"parent":0,"menu_order":0,"comment_status":"closed","ping_status":"closed","template":"page-blank.php","meta":{"footnotes":""},"class_list":["post-20","page","type-page","status-publish","hentry"],"_links":{"self":[{"href":"https:\/\/loomjet.com\/de\/wp-json\/wp\/v2\/pages\/20"}],"collection":[{"href":"https:\/\/loomjet.com\/de\/wp-json\/wp\/v2\/pages"}],"about":[{"href":"https:\/\/loomjet.com\/de\/wp-json\/wp\/v2\/types\/page"}],"author":[{"embeddable":true,"href":"https:\/\/loomjet.com\/de\/wp-json\/wp\/v2\/users\/1"}],"replies":[{"embeddable":true,"href":"https:\/\/loomjet.com\/de\/wp-json\/wp\/v2\/comments?post=20"}],"version-history":[{"count":1,"href":"https:\/\/loomjet.com\/de\/wp-json\/wp\/v2\/pages\/20\/revisions"}],"predecessor-version":[{"id":16205,"href":"https:\/\/loomjet.com\/de\/wp-json\/wp\/v2\/pages\/20\/revisions\/16205"}],"wp:attachment":[{"href":"https:\/\/loomjet.com\/de\/wp-json\/wp\/v2\/media?parent=20"}],"curies":[{"name":"wp","href":"https:\/\/api.w.org\/{rel}","templated":true}]}}