{"id":214,"date":"2020-01-21T19:50:30","date_gmt":"2020-01-21T19:50:30","guid":{"rendered":"https:\/\/loomjet.com\/?page_id=214"},"modified":"2022-05-14T12:18:12","modified_gmt":"2022-05-14T12:18:12","slug":"shipping-delivery","status":"publish","type":"page","link":"https:\/\/loomjet.com\/de\/shipping-delivery\/","title":{"rendered":"Shipping &#038; Delivery"},"content":{"rendered":"<h2>Versand &amp; Lieferung<\/h2>\n<section data-id=\"b02087d\" data-element_type=\"section\">\n<h3>KOSTENLOSER VERSAND<\/h3>\n<p>Wir bearbeiten Bestellungen zwischen Montag und Freitag. Bestellungen werden innerhalb von 3 Werktagen nach der Bestellung bearbeitet und am n\u00e4chsten Tag nach dem Bearbeitungstag versandt. Bitte beachten Sie, dass wir am Wochenende nicht versenden.<\/p>\n<p><strong>L\u00e4nder, in die wir versenden k\u00f6nnen:<\/strong><\/p>\n<p>Absolut, wir k\u00f6nnen in die ganze Welt versenden.<\/p>\n<p>Die Vereinigten Staaten sind unser Hauptkunde, neben diesem Land haben wir Kunden aus Kanada, Gro\u00dfbritannien, Australien, \u00d6sterreich, Norwegen, Frankreich, Deutschland, Saudi-Arabien, Russland, der Ukraine, Hongkong, Korea, Malaysia, Singapur, der T\u00fcrkei, Belgien, Schweiz, D\u00e4nemark, Ungarn, Italien, Luxemburg, Neuseeland, Niederlande, Polen, Spanien, Japan, Finnland, Irland, Brasilien, Mexiko, Portugal, Thailand, Schweden etc.<\/p>\n<p><strong>Die ungef\u00e4hre Lieferzeit entspricht dem jeweiligen Land:<\/strong><\/p>\n<p>Vereinigte Staaten: Sie k\u00f6nnen damit rechnen, dass Ihr Paket in 7-15 Werktagen ankommt.<\/p>\n<p>Andere: 10-20 Werktage.<\/p>\n<p><strong>*Bitte beachten Sie, dass dies nur gesch\u00e4tzte Lieferzeiten sind, daher garantiert Loomjet.com keine Liefertermine.<\/strong><\/p>\n<p>Bitte stellen Sie sicher, dass alle Lieferinformationen korrekt sind. Wenn falsche und\/oder fehlende Informationen vorliegen, m\u00fcssen wir Sie m\u00f6glicherweise kontaktieren, um die Lieferinformationen zu aktualisieren, was zu Verz\u00f6gerungen bei der Lieferung Ihrer Bestellung f\u00fchren kann. Auch durch die Zollabfertigung kann es zu Verz\u00f6gerungen kommen.<\/p>\n<p>Ihr \u00f6rtliches Zollamt ben\u00f6tigt m\u00f6glicherweise zus\u00e4tzliche Dokumente und Zeit, um Ihr Paket abzufertigen, was die voraussichtliche Lieferzeit verz\u00f6gern kann.\u00a0<\/p>\n<p>Ihre Bestellung kann Ihnen entweder von der \u00f6rtlichen Post oder einem \u00f6rtlichen Kurierdienst zugestellt werden. Abh\u00e4ngig von Ihrer Region werden die meisten Bestellungen von Ihrem \u00f6rtlichen Postdienst zugestellt, sodass das Paket mit Ihrer normalen Post eingeht. Wenn Sie zum Zeitpunkt der Lieferung nicht zu Hause sind, kann der Postdienst eine Benachrichtigungskarte hinterlassen, die Sie dar\u00fcber informiert, wie und wo Ihre Lieferung abgeholt werden kann.<\/p>\n<p><strong>Bitte geben Sie Ihre Adresse vollst\u00e4ndig ein, sonst wird das Paket, das wir Ihnen zusenden, an uns zur\u00fcckgeschickt, oder wir ignorieren Ihre Anfrage einfach, um allen den \u00c4rger zu ersparen.\u00a0<\/strong><\/p>\n<\/section>","protected":false},"excerpt":{"rendered":"","protected":false},"author":1,"featured_media":0,"parent":0,"menu_order":0,"comment_status":"closed","ping_status":"closed","template":"","meta":{"footnotes":""},"class_list":["post-214","page","type-page","status-publish","hentry"],"_links":{"self":[{"href":"https:\/\/loomjet.com\/de\/wp-json\/wp\/v2\/pages\/214"}],"collection":[{"href":"https:\/\/loomjet.com\/de\/wp-json\/wp\/v2\/pages"}],"about":[{"href":"https:\/\/loomjet.com\/de\/wp-json\/wp\/v2\/types\/page"}],"author":[{"embeddable":true,"href":"https:\/\/loomjet.com\/de\/wp-json\/wp\/v2\/users\/1"}],"replies":[{"embeddable":true,"href":"https:\/\/loomjet.com\/de\/wp-json\/wp\/v2\/comments?post=214"}],"version-history":[{"count":0,"href":"https:\/\/loomjet.com\/de\/wp-json\/wp\/v2\/pages\/214\/revisions"}],"wp:attachment":[{"href":"https:\/\/loomjet.com\/de\/wp-json\/wp\/v2\/media?parent=214"}],"curies":[{"name":"wp","href":"https:\/\/api.w.org\/{rel}","templated":true}]}}