{"id":2536,"date":"2020-02-16T02:04:55","date_gmt":"2020-02-16T02:04:55","guid":{"rendered":"https:\/\/loomjet.com\/affiliate-area\/"},"modified":"2020-08-28T22:00:57","modified_gmt":"2020-08-28T22:00:57","slug":"affiliate-area","status":"publish","type":"page","link":"https:\/\/loomjet.com\/de\/affiliate-area\/","title":{"rendered":"Affiliate-Bereich"},"content":{"rendered":"<header class=\"section-header text-center\"><header class=\"section-header text-center\"><header class=\"section-header text-center\"><header class=\"section-header text-center\">\n<h1 style=\"text-align: left;\">Partnerprogramm<\/h1>\n<hr class=\"hr--small\" \/><\/header>\n<div class=\"grid\">\n<div class=\"grid__item large--four-fifths push--large--one-tenth\">\n<div class=\"rte rte--nomargin rte--indented-images\">\n<p style=\"text-align: left;\">Treten Sie noch heute der LoomJet-Familie bei und beginnen Sie, uns an den Gewinnen teilhaben zu lassen!<\/p>\n<p style=\"text-align: left;\">Wenn Sie irgendeine Art von Social-Media-Followern oder Einfluss auf Ihre Bekannten haben, dann ist dies das Richtige f\u00fcr Sie.<\/p>\n<p style=\"text-align: left;\">\u00a0<\/p>\n<p style=\"text-align: left;\"><strong>Wir bieten folgendes an:<\/strong><\/p>\n<ul style=\"text-align: left;\">\n<li>5% bis 25% Provision f\u00fcr jeden Verkauf.<\/li>\n<li>30-t\u00e4gige Cookie-Dauer. (Ihre Provision z\u00e4hlt auch dann noch, wenn jemand Ihren Link verwendet und 30 Tage sp\u00e4ter etwas kauft)<\/li>\n<li>Sobald Sie sich angemeldet haben, erhalten Sie Zugriff auf Ihr \u201eAffiliatly\u201c-Dashboard, wo Sie Ihre Provisionen \u00fcberwachen k\u00f6nnen.<\/li>\n<li>Ihre Barzahlungen werden direkt auf Ihr Paypal-Konto \u00fcberwiesen.<\/li>\n<li>Wir stellen Ihnen Marketingmaterialien einschlie\u00dflich Produktbeschreibungen, Bildern und Videos zur Verf\u00fcgung.<\/li>\n<li>Falls Sie hohe Ergebnisse erzielen, sind wir bereit, Ihnen h\u00f6here Provisionen und Vorteile anzubieten.<\/li>\n<\/ul>\n<p style=\"text-align: left;\">\u00a0<\/p>\n<p style=\"text-align: left;\">Alles, was Sie brauchen, ist sich hier zu registrieren, Ihren Affiliate-Link zu erhalten und ihn mit anderen zu teilen.<\/p>\n<\/div>\n<\/div>\n<\/div>\n<\/header><\/header><\/header>\n\n<form id=\"affwp-register-form\" class=\"affwp-form\" action=\"\" method=\"post\" data-trp-original-action=\"\">\n\t\n\t<fieldset>\n\t\t<legend data-no-translation=\"\" data-trp-gettext=\"\">Ein neues Affiliate-Konto registrieren<\/legend>\n\n\t\t\n\t\t<p>\n\t\t\t<label for=\"affwp-user-name\" data-no-translation=\"\" data-trp-gettext=\"\">Dein Name<\/label>\n\t\t\t<input id=\"affwp-user-name\" type=\"text\" name=\"affwp_user_name\" value=\"\" title=\"Dein Name\"  required='required' data-no-translation-title=\"\" \/>\n\t\t<\/p>\n\n\t\t<p>\n\t\t\t<label for=\"affwp-user-login\" data-no-translation=\"\" data-trp-gettext=\"\">Benutzername<\/label>\n\t\t\t<input id=\"affwp-user-login\" required=\"required\" type=\"text\" name=\"affwp_user_login\" maxlength=\"60\" value=\"\" title=\"Benutzername\" data-no-translation-title=\"\" \/>\n\t\t<\/p>\n\n\t\t<p>\n\t\t\t<label for=\"affwp-user-email\" data-no-translation=\"\" data-trp-gettext=\"\">Email-Adresse des Kontos<\/label>\n\t\t\t<input id=\"affwp-user-email\" required=\"required\" type=\"email\" name=\"affwp_user_email\" value=\"\" title=\"E-Mail-Adresse\" data-no-translation-title=\"\" \/>\n\t\t<\/p>\n\n\t\t<p>\n\t\t\t<label for=\"affwp-payment-email\" data-no-translation=\"\" data-trp-gettext=\"\">Email-Adresse f\u00fcr Auszahlungen<\/label>\n\t\t\t<input id=\"affwp-payment-email\" type=\"email\" name=\"affwp_payment_email\" value=\"\" title=\"E-Mail Zahlungsadresse \" required='required' data-no-translation-title=\"\" \/>\n\t\t<\/p>\n\n\t\t<p>\n\t\t\t<label for=\"affwp-user-url\" data-no-translation=\"\" data-trp-gettext=\"\">Website-URL<\/label>\n\t\t\t<input id=\"affwp-user-url\" type=\"text\" name=\"affwp_user_url\" value=\"\" title=\"Website-URL\" data-no-translation-title=\"\"  \/>\n\t\t<\/p>\n\n\t\t<p>\n\t\t\t<label for=\"affwp-promotion-method\" data-no-translation=\"\" data-trp-gettext=\"\">Wie wirst Du uns bewerben?<\/label>\n\t\t\t<textarea id=\"affwp-promotion-method\" name=\"affwp_promotion_method\" rows=\"5\" cols=\"30\"><\/textarea>\n\t\t<\/p>\n\n\t\t\n\t\t\t<p>\n\t\t\t\t<label for=\"affwp-user-pass\" data-no-translation=\"\" data-trp-gettext=\"\">Passwort<\/label>\n\t\t\t\t<input id=\"affwp-user-pass\" required=\"required\" class=\"password\" type=\"password\" name=\"affwp_user_pass\" \/>\n\t\t\t<\/p>\n\n\t\t\t<p>\n\t\t\t\t<label for=\"affwp-user-pass2\" data-no-translation=\"\" data-trp-gettext=\"\">Passwort best\u00e4tigen<\/label>\n\t\t\t\t<input id=\"affwp-user-pass2\" required=\"required\" class=\"password\" type=\"password\" name=\"affwp_user_pass2\" \/>\n\t\t\t<\/p>\n\n\t\t\n\t\t\n\t\t\t\t\t\t\t<p>\n\t\t\t\t<label class=\"affwp-tos\" for=\"affwp-tos\">\n\t\t\t\t\t<input id=\"affwp-tos\" required=\"required\" type=\"checkbox\" name=\"affwp_tos\" \/>\n\t\t\t\t\t<a href=\"https:\/\/loomjet.com\/de\/affiliate\/\" target=\"_blank\">Stimmen Sie unseren Nutzungsbedingungen und Datenschutzbestimmungen zu<\/a>\n\t\t\t\t<\/label>\n\t\t\t<\/p>\n\t\t\n\t\t\n\t\t\n\t\t<p>\n\t\t\t<input type=\"hidden\" name=\"affwp_honeypot\" value=\"\" \/>\n\t\t\t<input type=\"hidden\" name=\"affwp_redirect\" value=\"\"\/>\n\t\t\t<input type=\"hidden\" name=\"affwp_register_nonce\" value=\"c784eb3009\" \/>\n\t\t\t<input type=\"hidden\" name=\"affwp_action\" value=\"affiliate_register\" \/>\n\t\t\t<input class=\"button\" type=\"submit\" value=\"Registrieren\" data-no-translation-value=\"\" \/>\n\t\t<\/p>\n\n\t\t\t<\/fieldset>\n\n\t<input type=\"hidden\" name=\"trp-form-language\" value=\"de\"\/><\/form>\n\n<form id=\"affwp-login-form\" class=\"affwp-form\" action=\"\" method=\"post\" data-trp-original-action=\"\">\n\t\n\t<fieldset>\n\t\t<legend data-no-translation=\"\" data-trp-gettext=\"\">Melde Dich in Deinem Konto an<\/legend>\n\n\t\t\n\t\t<p>\n\t\t\t<label for=\"affwp-login-user-login\" data-no-translation=\"\" data-trp-gettext=\"\">Benutzername<\/label>\n\t\t\t<input id=\"affwp-login-user-login\" class=\"required\" type=\"text\" name=\"affwp_user_login\" title=\"Benutzername\" data-no-translation-title=\"\" \/>\n\t\t<\/p>\n\n\t\t<p>\n\t\t\t<label for=\"affwp-login-user-pass\" data-no-translation=\"\" data-trp-gettext=\"\">Passwort<\/label>\n\t\t\t<input id=\"affwp-login-user-pass\" class=\"password required\" type=\"password\" name=\"affwp_user_pass\" \/>\n\t\t<\/p>\n\n\t\t<p>\n\t\t\t<label class=\"affwp-user-remember\" for=\"affwp-user-remember\">\n\t\t\t\t<input id=\"affwp-user-remember\" type=\"checkbox\" name=\"affwp_user_remember\" value=\"1\" \/> Angemeldet bleiben\t\t\t<\/label>\n\t\t<\/p>\n\n\t\t<p>\n\t\t\t<input type=\"hidden\" name=\"affwp_redirect\" value=\"\"\/>\n\t\t\t<input type=\"hidden\" name=\"affwp_login_nonce\" value=\"d7dd1ae6ad\" \/>\n\t\t\t<input type=\"hidden\" name=\"affwp_action\" value=\"user_login\" \/>\n\t\t\t<input type=\"submit\" class=\"button\" value=\"Anmelden\" data-no-translation-value=\"\" \/>\n\t\t<\/p>\n\n\t\t<p class=\"affwp-lost-password\">\n\t\t\t<a href=\"https:\/\/loomjet.com\/de\/my-account\/lost-password\/\" data-no-translation=\"\" data-trp-gettext=\"\">Passwort vergessen?<\/a>\n\t\t<\/p>\n\n\t\t\t<\/fieldset>\n\n\t<input type=\"hidden\" name=\"trp-form-language\" value=\"de\"\/><\/form>","protected":false},"excerpt":{"rendered":"<p>Affiliate Program Join LoomJet&#8217; family today and start sharing us with the profits! If you have any kind of social media following or an influence on your acquaintances, then this is for you. \u00a0 We offer the following: 5% to 25% commission for every sale. 30-day cookie duration. (your commission will still count even when [&#8230;]","protected":false},"author":1,"featured_media":0,"parent":0,"menu_order":0,"comment_status":"closed","ping_status":"closed","template":"","meta":{"footnotes":""},"class_list":["post-2536","page","type-page","status-publish","hentry"],"_links":{"self":[{"href":"https:\/\/loomjet.com\/de\/wp-json\/wp\/v2\/pages\/2536"}],"collection":[{"href":"https:\/\/loomjet.com\/de\/wp-json\/wp\/v2\/pages"}],"about":[{"href":"https:\/\/loomjet.com\/de\/wp-json\/wp\/v2\/types\/page"}],"author":[{"embeddable":true,"href":"https:\/\/loomjet.com\/de\/wp-json\/wp\/v2\/users\/1"}],"replies":[{"embeddable":true,"href":"https:\/\/loomjet.com\/de\/wp-json\/wp\/v2\/comments?post=2536"}],"version-history":[{"count":0,"href":"https:\/\/loomjet.com\/de\/wp-json\/wp\/v2\/pages\/2536\/revisions"}],"wp:attachment":[{"href":"https:\/\/loomjet.com\/de\/wp-json\/wp\/v2\/media?parent=2536"}],"curies":[{"name":"wp","href":"https:\/\/api.w.org\/{rel}","templated":true}]}}