{"id":3257,"date":"2020-03-21T22:10:23","date_gmt":"2020-03-21T22:10:23","guid":{"rendered":"https:\/\/loomjet.com\/?page_id=3257"},"modified":"2020-03-21T22:15:05","modified_gmt":"2020-03-21T22:15:05","slug":"the-best-robot-vacuums-for-2020","status":"publish","type":"page","link":"https:\/\/loomjet.com\/de\/the-best-robot-vacuums-for-2020\/","title":{"rendered":"Die besten Roboterstaubsauger f\u00fcr 2020"},"content":{"rendered":"<p>\u00a0<\/p>\n<h2>Die besten Roboterstaubsauger f\u00fcr 2020<\/h2>\n<p>\u00a0<\/p>\n<h2>M\u00f6chten Sie Ihre B\u00f6den sauber halten, ohne einen Finger zu r\u00fchren? Lassen Sie einen Roboter die Arbeit f\u00fcr Sie erledigen. Die Optionen sind leistungsf\u00e4higer und erschwinglicher als je zuvor, und wir haben die besten Roboterstaubsauger zusammengestellt, um Ihnen bei der Auswahl eines Staubsaugerroboters zu helfen, der genau zu Ihrem Zuhause passt.<\/h2>\n<p>\u00a0<\/p>\n<h2>\u00a0<\/h2>\n<h2>Ein Roboterstaubsauger erledigt die gesamte Reinigung zu Hause f\u00fcr Sie, klingt nach einer Fantasie.<\/h2>\n<p>\u00a0<\/p>\n<p><img decoding=\"async\" src=\"https:\/\/smartkabir.com\/test\/cp72\/images\/video.gif\" \/><\/p>\n<p><iframe loading=\"lazy\" src=\"https:\/\/www.youtube.com\/embed\/ESbDI_zheVw?controls=0\" width=\"650\" height=\"360\" frameborder=\"0\" allowfullscreen=\"allowfullscreen\" data-mce-fragment=\"1\"><\/iframe><\/p>\n<h2>F\u00fcllen Sie das untenstehende Formular aus, um weitere Informationen zu erhalten.<\/h2>\n<form id=\"subscription-form\" novalidate=\"true\" action=\"\">\n<table border=\"0\" width=\"120\" cellspacing=\"0\">\n<tbody>\n<tr>\n<td width=\"201\"><input name=\"FNAME\" size=\"28\" type=\"text\" placeholder=\"Geben Sie Ihren vollst\u00e4ndigen Namen ein\" \/><br \/><input name=\"EMAIL\" size=\"28\" type=\"email\" placeholder=\"Geben Sie Ihre E-Mail-Adresse ein\" \/><\/td>\n<\/tr>\n<\/tbody>\n<\/table>\n<p><input src=\"https:\/\/smartkabir.com\/test\/cp72\/images\/submit.gif\" type=\"image\" width=\"250\" align=\"middle\" \/><br \/><label for=\"subscribe-email\"><\/label><\/p>\n<input type=\"hidden\" name=\"trp-form-language\" value=\"de\"\/><\/form>\n<p>\u00a0<\/p>\n<p>\u00a0<\/p>\n<p><img loading=\"lazy\" decoding=\"async\" src=\"https:\/\/smartkabir.com\/test\/cp72\/images\/tape.jpg\" width=\"250\" height=\"200\" \/><\/p>\n<p><img decoding=\"async\" src=\"https:\/\/smartkabir.com\/test\/cp72\/images\/as-featured.jpg\" \/><\/p>\n<p style=\"text-align: center;\">\u00a0<\/p>","protected":false},"excerpt":{"rendered":"<p>\u00a0 The Best Robot Vacuums for 2020 \u00a0 Want to keep your floors clean without lifting a finger? Let a robot do the work for you. The options are more capable and affordable than ever, and we&#8217;ve rounded up the best robot vacuums to help you pick one that&#8217;s just right for your home. \u00a0 [&#8230;]","protected":false},"author":1,"featured_media":0,"parent":0,"menu_order":0,"comment_status":"closed","ping_status":"closed","template":"","meta":{"footnotes":""},"class_list":["post-3257","page","type-page","status-publish","hentry"],"_links":{"self":[{"href":"https:\/\/loomjet.com\/de\/wp-json\/wp\/v2\/pages\/3257"}],"collection":[{"href":"https:\/\/loomjet.com\/de\/wp-json\/wp\/v2\/pages"}],"about":[{"href":"https:\/\/loomjet.com\/de\/wp-json\/wp\/v2\/types\/page"}],"author":[{"embeddable":true,"href":"https:\/\/loomjet.com\/de\/wp-json\/wp\/v2\/users\/1"}],"replies":[{"embeddable":true,"href":"https:\/\/loomjet.com\/de\/wp-json\/wp\/v2\/comments?post=3257"}],"version-history":[{"count":0,"href":"https:\/\/loomjet.com\/de\/wp-json\/wp\/v2\/pages\/3257\/revisions"}],"wp:attachment":[{"href":"https:\/\/loomjet.com\/de\/wp-json\/wp\/v2\/media?parent=3257"}],"curies":[{"name":"wp","href":"https:\/\/api.w.org\/{rel}","templated":true}]}}