{"id":5671,"date":"2020-03-27T13:51:42","date_gmt":"2020-03-27T13:51:42","guid":{"rendered":"https:\/\/loomjet.com\/?page_id=5671"},"modified":"2021-07-05T23:17:27","modified_gmt":"2021-07-05T23:17:27","slug":"about-us","status":"publish","type":"page","link":"https:\/\/loomjet.com\/de\/about-us\/","title":{"rendered":"\u00dcber uns"},"content":{"rendered":"<h1>\u00dcber uns<\/h1>\n<p>\u00a0<\/p>\n<div class=\"Container\">\n<div class=\"PageContent PageContent--narrow Rte\">\n<p>Vielen Dank f\u00fcr Ihren Besuch\u00a0<strong>LoomJet<\/strong><b>!<\/b><\/p>\n<p>Wir sind ein unabh\u00e4ngiger Online-H\u00e4ndler und bieten unsere h\u00f6chste Qualit\u00e4t und besten Angebote gezielt f\u00fcr Sie an.\u00a0\u00a0<\/p>\n<p>\u00a0<\/p>\n<p>Wir glauben, dass die Betreuung unserer Kunden mit der Verantwortung einhergeht, aktiv daf\u00fcr zu sorgen, dass sie mit ihrem Kauf zufrieden sind. Wir streben danach, der Online-Shop Nummer EINS zu sein, mit den besten Produkten und einem erstklassigen Kundenservice. Wir werden unser Bestes tun, um sicherzustellen, dass unsere Kunden zufrieden sind!<\/p>\n<p><strong>LoomJet<\/strong> ist fest davon \u00fcberzeugt, dass Innovation durch Technologie die Zukunft der Branche ist. Eines unserer vielen Ziele ist es, weiterhin Innovationen auf eine Weise zu schaffen, zu der kein anderer bereit ist. Wir glauben, dass wir die Branche f\u00fcr immer ver\u00e4ndern k\u00f6nnen, indem wir die besten Produkte mithilfe von Technologie an einem Ort zusammenbringen, indem wir uns auf die Bed\u00fcrfnisse unserer Kunden konzentrieren.<\/p>\n<p>Kaufen Sie mit Vertrauen bei <strong>LoomJet<\/strong><b>.com<\/b>\u00a0\u2013 wir k\u00fcmmern uns um den Rest und sorgen daf\u00fcr, dass Sie zufrieden sind!<\/p>\n<\/div>\n<\/div>\n<p>\u00a0<\/p>\n<p>\u00a0<\/p>\n<div id=\"shopify-section-footer\" class=\"shopify-section shopify-section--footer\"><footer id=\"section-footer\" class=\"FooterFooter--withMargin\" role=\"contentinfo\">\n<div class=\"Container\">\n<div class=\"Footer__Inner\">\n<div class=\"Footer__Block Footer__Block--links\">\n<h2 class=\"Footer__Title Heading u-h6\">\u00a0<\/h2>\n<\/div>\n<\/div>\n<\/div>\n<\/footer><\/div>\n<h1>Unsere Garantie<\/h1>\n<p>Wir verstehen, dass der Online-Kauf von Artikeln einsch\u00fcchternd sein kann, deshalb bieten wir eine 100%-Zufriedenheitsgarantie. Wenn Sie aus IRGENDEINEM Grund keine positive Erfahrung gemacht haben, werden wir ALLES Notwendige tun, um sicherzustellen, dass Sie mit Ihrem Kauf zufrieden sind.<\/p>\n<p>Wir m\u00f6chten, dass Sie erkennen, dass es absolut NULL Risiko gibt, etwas zu kaufen und auszuprobieren. Wenn es Ihnen nicht gef\u00e4llt, machen wir es ohne Bedenken wieder gut.<\/p>\n<p>Wir haben 24\/7\/365 E-Mail-Support. Bitte kontaktieren Sie uns, wenn Sie Hilfe ben\u00f6tigen.<\/p>\n<p>info@loomjet.com<\/p>","protected":false},"excerpt":{"rendered":"","protected":false},"author":1,"featured_media":0,"parent":0,"menu_order":0,"comment_status":"closed","ping_status":"closed","template":"","meta":{"footnotes":""},"class_list":["post-5671","page","type-page","status-publish","hentry"],"_links":{"self":[{"href":"https:\/\/loomjet.com\/de\/wp-json\/wp\/v2\/pages\/5671"}],"collection":[{"href":"https:\/\/loomjet.com\/de\/wp-json\/wp\/v2\/pages"}],"about":[{"href":"https:\/\/loomjet.com\/de\/wp-json\/wp\/v2\/types\/page"}],"author":[{"embeddable":true,"href":"https:\/\/loomjet.com\/de\/wp-json\/wp\/v2\/users\/1"}],"replies":[{"embeddable":true,"href":"https:\/\/loomjet.com\/de\/wp-json\/wp\/v2\/comments?post=5671"}],"version-history":[{"count":0,"href":"https:\/\/loomjet.com\/de\/wp-json\/wp\/v2\/pages\/5671\/revisions"}],"wp:attachment":[{"href":"https:\/\/loomjet.com\/de\/wp-json\/wp\/v2\/media?parent=5671"}],"curies":[{"name":"wp","href":"https:\/\/api.w.org\/{rel}","templated":true}]}}