{"id":125,"date":"2020-01-20T19:04:20","date_gmt":"2020-01-20T19:04:20","guid":{"rendered":"https:\/\/loomjet.com\/?page_id=125"},"modified":"2020-05-17T22:57:02","modified_gmt":"2020-05-17T22:57:02","slug":"privacy-policy-2","status":"publish","type":"page","link":"https:\/\/loomjet.com\/fr\/privacy-policy-2\/","title":{"rendered":"Privacy &#038; Policy"},"content":{"rendered":"<h2>Politique de confidentialit\u00e9<\/h2>\n<div>Bienvenue dans notre politique de confidentialit\u00e9<\/div>\n<div>\u2014 Votre vie priv\u00e9e est d&#039;une importance cruciale pour nous.<\/div>\n<div>Loomjet est situ\u00e9 \u00e0 :<\/div>\n<div>\u00a0<\/div>\n<div>Loomjet<\/div>\n<div>2803 Philadelphie Pike Suite B #437<\/div>\n<div>DELAWARE, \u00c9tats-Unis<\/div>\n<div>2163524390<\/div>\n<div>La politique de Loomjet est de respecter votre vie priv\u00e9e concernant toute information que nous pouvons collecter lors de l&#039;exploitation de notre site Web. Cette politique de confidentialit\u00e9 s&#039;applique \u00e0 https:\/\/loomjet.com\/ (ci-apr\u00e8s, &quot;nous&quot;, &quot;nous&quot; ou &quot;https:\/\/loomjet.com\/&quot;). Nous respectons votre vie priv\u00e9e et nous nous engageons \u00e0 prot\u00e9ger les informations personnellement identifiables que vous pouvez nous fournir via le site Web. Nous avons adopt\u00e9 cette politique de confidentialit\u00e9 (\u00abPolitique de confidentialit\u00e9\u00bb) pour expliquer quelles informations peuvent \u00eatre collect\u00e9es sur notre site Web, comment nous utilisons ces informations et dans quelles circonstances nous pouvons divulguer les informations \u00e0 des tiers. Cette politique de confidentialit\u00e9 s&#039;applique uniquement aux informations que nous collectons via le site Web et ne s&#039;applique pas \u00e0 notre collecte d&#039;informations provenant d&#039;autres sources.<\/div>\n<div>Cette politique de confidentialit\u00e9, ainsi que les conditions g\u00e9n\u00e9rales publi\u00e9es sur notre site Web, \u00e9noncent les r\u00e8gles et politiques g\u00e9n\u00e9rales r\u00e9gissant votre utilisation de notre site Web. En fonction de vos activit\u00e9s lors de la visite de notre site Web, vous devrez peut-\u00eatre accepter des conditions g\u00e9n\u00e9rales suppl\u00e9mentaires.<\/div>\n<div>\u00a0<\/div>\n<div>\u2013 Visiteurs du site Web<\/div>\n<div>Comme la plupart des op\u00e9rateurs de sites Web, Loomjet collecte des informations non personnelles du type que les navigateurs et les serveurs Web mettent g\u00e9n\u00e9ralement \u00e0 disposition, telles que le type de navigateur, la langue de pr\u00e9f\u00e9rence, le site de r\u00e9f\u00e9rence, ainsi que la date et l&#039;heure de chaque demande de visiteur. L&#039;objectif de Loomjet en collectant des informations d&#039;identification non personnelles est de mieux comprendre comment les visiteurs de Loomjet utilisent son site Web. De temps \u00e0 autre, Loomjet peut divulguer des informations non personnellement identifiables dans l&#039;ensemble, par exemple, en publiant un rapport sur les tendances dans l&#039;utilisation de son site Web.<\/div>\n<div>Loomjet collecte \u00e9galement des informations d&#039;identification personnelle potentielles telles que les adresses IP (Internet Protocol) pour les utilisateurs connect\u00e9s et pour les utilisateurs qui laissent des commentaires sur les articles de blog https:\/\/loomjet.com\/. Loomjet ne divulgue que les adresses IP des utilisateurs et commentateurs connect\u00e9s dans les m\u00eames circonstances qu&#039;il utilise et divulgue les informations d&#039;identification personnelle comme d\u00e9crit ci-dessous.<\/div>\n<div>\u00a0<\/div>\n<div>- Collecte d&#039;informations d&#039;identification personnelle<\/div>\n<div>Certains visiteurs des sites Web de Loomjet choisissent d&#039;interagir avec Loomjet d&#039;une mani\u00e8re qui oblige Loomjet \u00e0 recueillir des informations d&#039;identification personnelle. La quantit\u00e9 et le type d&#039;informations recueillies par Loomjet d\u00e9pendent de la nature de l&#039;interaction. Par exemple, nous demandons aux visiteurs qui s&#039;inscrivent \u00e0 un blog sur https:\/\/loomjet.com\/ de fournir un nom d&#039;utilisateur et une adresse e-mail.<\/div>\n<div>\u00a0<\/div>\n<div>- S\u00e9curit\u00e9<\/div>\n<div>La s\u00e9curit\u00e9 de vos informations personnelles est importante pour nous, mais n&#039;oubliez pas qu&#039;aucune m\u00e9thode de transmission sur Internet ou m\u00e9thode de stockage \u00e9lectronique n&#039;est 100% s\u00e9curis\u00e9e. Bien que nous nous efforcions d&#039;utiliser des moyens commercialement acceptables pour prot\u00e9ger vos informations personnelles, nous ne pouvons garantir leur s\u00e9curit\u00e9 absolue.<\/div>\n<div>\u00a0<\/div>\n<div>- Annonces<\/div>\n<div>Les publicit\u00e9s apparaissant sur notre site Web peuvent \u00eatre diffus\u00e9es aux utilisateurs par des partenaires publicitaires, qui peuvent installer des cookies. Ces cookies permettent au serveur publicitaire de reconna\u00eetre votre ordinateur chaque fois qu&#039;il vous envoie une publicit\u00e9 en ligne pour compiler des informations sur vous ou d&#039;autres personnes qui utilisent votre ordinateur. Ces informations permettent aux r\u00e9seaux publicitaires, entre autres, de diffuser des publicit\u00e9s cibl\u00e9es qui, selon eux, vous int\u00e9resseront le plus. Cette politique de confidentialit\u00e9 couvre l&#039;utilisation des cookies par Loomjet et ne couvre pas l&#039;utilisation des cookies par les annonceurs.<\/div>\n<div>\u00a0<\/div>\n<div>\u00a0<\/div>\n<div>\u2013 Liens vers des sites externes<\/div>\n<div>Notre Service peut contenir des liens vers des sites externes qui ne sont pas exploit\u00e9s par nous. Si vous cliquez sur un lien tiers, vous serez dirig\u00e9 vers le site de ce tiers. Nous vous conseillons vivement de consulter la politique de confidentialit\u00e9 et les conditions g\u00e9n\u00e9rales de chaque site que vous visitez.<\/div>\n<div>Nous n&#039;avons aucun contr\u00f4le et n&#039;assumons aucune responsabilit\u00e9 quant au contenu, aux politiques de confidentialit\u00e9 ou aux pratiques des sites, produits ou services tiers.<\/div>\n<div>\u00a0<\/div>\n<div>\u2013 Https:\/\/loomjet.com\/ utilise Google AdWords pour le remarketing<\/div>\n<div>Https:\/\/loomjet.com\/ utilise les services de remarketing pour faire de la publicit\u00e9 sur des sites Web tiers (y compris Google) aupr\u00e8s des visiteurs pr\u00e9c\u00e9dents de notre site. Cela pourrait signifier que nous faisons de la publicit\u00e9 aupr\u00e8s des visiteurs pr\u00e9c\u00e9dents qui n&#039;ont pas termin\u00e9 une t\u00e2che sur notre site, par exemple en utilisant le formulaire de contact pour faire une demande. Cela peut prendre la forme d&#039;une publicit\u00e9 sur la page de r\u00e9sultats de recherche Google ou d&#039;un site du R\u00e9seau Display de Google. Les fournisseurs tiers, y compris Google, utilisent des cookies pour diffuser des annonces en fonction des visites pass\u00e9es de quelqu&#039;un. Bien entendu, toutes les donn\u00e9es collect\u00e9es seront utilis\u00e9es conform\u00e9ment \u00e0 notre propre politique de confidentialit\u00e9 et \u00e0 la politique de confidentialit\u00e9 de Google.<\/div>\n<div>Vous pouvez d\u00e9finir des pr\u00e9f\u00e9rences sur la fa\u00e7on dont Google vous annonce en utilisant la page Pr\u00e9f\u00e9rences publicitaires de Google, et si vous le souhaitez, vous pouvez d\u00e9sactiver enti\u00e8rement la publicit\u00e9 bas\u00e9e sur les centres d&#039;int\u00e9r\u00eat en param\u00e9trant les cookies ou en utilisant de mani\u00e8re permanente un plug-in de navigateur.<\/div>\n<div>\u00a0<\/div>\n<div>\u00a0<\/div>\n<div>\u2013 Statistiques agr\u00e9g\u00e9es<\/div>\n<div>Loomjet peut collecter des statistiques sur le comportement des visiteurs de son site Web. Loomjet peut afficher ces informations publiquement ou les fournir \u00e0 d&#039;autres. Cependant, Loomjet ne divulgue pas vos informations d&#039;identification personnelle.<\/div>\n<div>\u00a0<\/div>\n<div>- Divulgation d&#039;affiliation<\/div>\n<div>Ce site utilise des liens d&#039;affiliation et gagne une commission sur certains liens. Cela n&#039;affecte pas vos achats ou le prix que vous pourriez payer.<\/div>\n<div>\u00a0<\/div>\n<div>- Biscuits<\/div>\n<div>Pour enrichir et perfectionner votre exp\u00e9rience en ligne, Loomjet utilise des \u00ab cookies \u00bb, des technologies et services similaires fournis par d&#039;autres pour afficher un contenu personnalis\u00e9, des publicit\u00e9s appropri\u00e9es et stocker vos pr\u00e9f\u00e9rences sur votre ordinateur.<\/div>\n<div>Un cookie est une cha\u00eene d&#039;informations qu&#039;un site Web stocke sur l&#039;ordinateur d&#039;un visiteur et que le navigateur du visiteur fournit au site Web chaque fois que le visiteur revient. Loomjet utilise des cookies pour aider Loomjet \u00e0 identifier et \u00e0 suivre les visiteurs, leur utilisation de https:\/\/loomjet.com\/ et leurs pr\u00e9f\u00e9rences d&#039;acc\u00e8s au site Web. Les visiteurs de Loomjet qui ne souhaitent pas que des cookies soient plac\u00e9s sur leur ordinateur doivent configurer leur navigateur pour refuser les cookies avant d&#039;utiliser les sites Web de Loomjet, avec l&#039;inconv\u00e9nient que certaines fonctionnalit\u00e9s des sites Web de Loomjet peuvent ne pas fonctionner correctement sans l&#039;aide de cookies.<\/div>\n<div>En continuant \u00e0 naviguer sur notre site Web sans modifier vos param\u00e8tres de cookies, vous reconnaissez et acceptez par la pr\u00e9sente l&#039;utilisation des cookies par Loomjet.<\/div>\n<div>\u00a0<\/div>\n<div>- Commerce \u00e9lectronique<\/div>\n<div>Ceux qui s&#039;engagent dans des transactions avec Loomjet - en achetant les services ou produits de Loomjet, sont invit\u00e9s \u00e0 fournir des informations suppl\u00e9mentaires, y compris si n\u00e9cessaire les informations personnelles et financi\u00e8res requises pour traiter ces transactions. Dans chaque cas, Loomjet ne collecte ces informations que dans la mesure n\u00e9cessaire ou appropri\u00e9e pour atteindre l&#039;objectif de l&#039;interaction du visiteur avec Loomjet. Loomjet ne divulgue pas d&#039;informations d&#039;identification personnelle autres que celles d\u00e9crites ci-dessous. Et les visiteurs peuvent toujours refuser de fournir des informations d&#039;identification personnelle, avec la mise en garde que cela peut les emp\u00eacher de s&#039;engager dans certaines activit\u00e9s li\u00e9es au site Web.<\/div>\n<div>\u00a0<\/div>\n<div>\u2013 Transferts d&#039;entreprise<\/div>\n<div>Si Loomjet, ou la quasi-totalit\u00e9 de ses actifs, \u00e9tait acquis, ou dans le cas peu probable o\u00f9 Loomjet ferait faillite ou ferait faillite, les informations des utilisateurs seraient l&#039;un des actifs transf\u00e9r\u00e9s ou acquis par un tiers. Vous reconnaissez que de tels transferts peuvent se produire et que tout acqu\u00e9reur de Loomjet peut continuer \u00e0 utiliser vos informations personnelles comme indiqu\u00e9 dans cette politique.<\/div>\n<div>\u00a0<\/div>\n<div>Modifications de la politique de confidentialit\u00e9<\/div>\n<div>Bien que la plupart des changements soient probablement mineurs, Loomjet peut modifier sa politique de confidentialit\u00e9 de temps \u00e0 autre, et \u00e0 la seule discr\u00e9tion de Loomjet. Loomjet encourage les visiteurs \u00e0 consulter fr\u00e9quemment cette page pour toute modification de sa politique de confidentialit\u00e9. Votre utilisation continue de ce site apr\u00e8s toute modification de cette politique de confidentialit\u00e9 constituera votre acceptation de cette modification.<\/div>\n<div>\u00a0<\/div>\n<div>\u00a0<\/div>","protected":false},"excerpt":{"rendered":"<p>Privacy &amp; Policy Welcome to our Privacy Policy &#8212; Your privacy is critically important to us. Loomjet is located at: \u00a0 Loomjet 2803 Philadelphia Pike Suite B #437 DELAWARE, united states 2163524390 It is Loomjet&#8217;s policy to respect your privacy regarding any information we may collect while operating our website. This Privacy Policy applies to [&#8230;]","protected":false},"author":1,"featured_media":0,"parent":0,"menu_order":0,"comment_status":"closed","ping_status":"closed","template":"","meta":{"footnotes":""},"class_list":["post-125","page","type-page","status-publish","hentry"],"_links":{"self":[{"href":"https:\/\/loomjet.com\/fr\/wp-json\/wp\/v2\/pages\/125"}],"collection":[{"href":"https:\/\/loomjet.com\/fr\/wp-json\/wp\/v2\/pages"}],"about":[{"href":"https:\/\/loomjet.com\/fr\/wp-json\/wp\/v2\/types\/page"}],"author":[{"embeddable":true,"href":"https:\/\/loomjet.com\/fr\/wp-json\/wp\/v2\/users\/1"}],"replies":[{"embeddable":true,"href":"https:\/\/loomjet.com\/fr\/wp-json\/wp\/v2\/comments?post=125"}],"version-history":[{"count":0,"href":"https:\/\/loomjet.com\/fr\/wp-json\/wp\/v2\/pages\/125\/revisions"}],"wp:attachment":[{"href":"https:\/\/loomjet.com\/fr\/wp-json\/wp\/v2\/media?parent=125"}],"curies":[{"name":"wp","href":"https:\/\/api.w.org\/{rel}","templated":true}]}}