{"id":20,"date":"2020-01-19T17:24:39","date_gmt":"2020-01-19T17:24:39","guid":{"rendered":"https:\/\/loomjet.com\/?page_id=20"},"modified":"2024-11-01T17:12:55","modified_gmt":"2024-11-01T17:12:55","slug":"home","status":"publish","type":"page","link":"https:\/\/loomjet.com\/fr\/","title":{"rendered":"Maison"},"content":{"rendered":"<div class=\"slider-wrapper relative\" id=\"slider-908034723\" >\n    <div class=\"slider slider-nav-circle slider-nav-large slider-nav-light slider-style-normal\"\n        data-flickity-options='{            \"cellAlign\": \"center\",            \"imagesLoaded\": true,            \"lazyLoad\": 1,            \"freeScroll\": false,            \"wrapAround\": true,            \"autoPlay\": 6000,            \"pauseAutoPlayOnHover\" : true,            \"prevNextButtons\": true,            \"contain\" : true,            \"adaptiveHeight\" : true,            \"dragThreshold\" : 10,            \"percentPosition\": true,            \"pageDots\": true,            \"rightToLeft\": false,            \"draggable\": true,            \"selectedAttraction\": 0.1,            \"parallax\" : 0,            \"friction\": 0.6        }'\n        >\n        \n\n\n  <div class=\"banner has-hover\" id=\"banner-1423396087\">\n          <div class=\"banner-inner fill\">\n        <div class=\"banner-bg fill\" >\n            <div class=\"bg fill bg-fill\"><\/div>\n                                    \n                    <\/div>\n        <div class=\"banner-layers container\">\n            <div class=\"fill banner-link\"><\/div>            \n\n   <div id=\"text-box-839111844\" class=\"text-box banner-layer x50 md-x50 lg-x50 y50 md-y50 lg-y50 res-text\">\n                                <div class=\"text-box-content text dark\">\n              \n              <div class=\"text-inner text-center\">\n                  \n\n\n              <\/div>\n           <\/div>\n                            \n<style>\n#text-box-839111844 {\n  width: 60%;\n}\n#text-box-839111844 .text-box-content {\n  font-size: 100%;\n}\n@media (min-width:550px) {\n  #text-box-839111844 {\n    width: 60%;\n  }\n}\n<\/style>\n    <\/div>\n \n\n        <\/div>\n      <\/div>\n\n            \n<style>\n#banner-1423396087 {\n  padding-top: 500px;\n}\n#banner-1423396087 .bg.bg-loaded {\n  background-image: url(https:\/\/loomjet.com\/wp-content\/uploads\/2021\/06\/happy_campers_1296x-1296x800.jpg);\n}\n#banner-1423396087 .bg {\n  background-position: 0% 94%;\n}\n<\/style>\n  <\/div>\n\n\n\n\n     <\/div>\n\n     <div class=\"loading-spin dark large centered\"><\/div>\n\n     \t<\/div>\n\n\n\n\n<div class=\"container section-title-container\" ><h3 class=\"section-title section-title-bold-center\"><b><\/b><span class=\"section-title-main\" style=\"color:rgb(0, 0, 0);\"><i class=\"icon-checkmark\" ><\/i>LoomJet.com<\/span><b><\/b><\/h3><\/div>\n\n\n  \n    <div class=\"row large-columns-4 medium-columns-3 small-columns-2 row-small has-shadow row-box-shadow-2 row-box-shadow-2-hover slider row-slider slider-nav-reveal\"  data-flickity-options='{\"imagesLoaded\": true, \"groupCells\": \"100%\", \"dragThreshold\" : 5, \"cellAlign\": \"left\",\"wrapAround\": true,\"prevNextButtons\": true,\"percentPosition\": true,\"pageDots\": false, \"rightToLeft\": false, \"autoPlay\" : false}'>\n\n  \t<\/div>\n\n\n  \n    <div id=\"product-grid-117205405\" class=\"row large-columns-4 medium-columns-3 small-columns-2 row-small has-shadow row-box-shadow-1 row-box-shadow-5-hover row-masonry\" data-packery-options='{\"itemSelector\": \".col\", \"gutter\": 0, \"presentageWidth\" : true}'>\n\n  \t<\/div>\n\n<p>&nbsp;<\/p>\n<p>&nbsp;<\/p>\n<p>&nbsp;<\/p>\n<p>&nbsp;<\/p>\n\n\n\n\n<div class=\"container section-title-container hidden\" ><h3 class=\"section-title section-title-bold-center\"><b><\/b><span class=\"section-title-main\" style=\"color:rgb(0, 0, 0);\"><i class=\"icon-gift\" ><\/i>PRODUITS RECOMMAND\u00c9S<\/span><b><\/b><\/h3><\/div>\n\n\n  \n    <div class=\"row  equalize-box large-columns-5 medium-columns-3 small-columns-2 row-xsmall\">\n  \t<\/div>\n\n<div class=\"row\"  id=\"row-297256032\">\n\n\n\t<div id=\"col-1721062354\" class=\"col medium-6 small-12 large-6\"  >\n\t\t<div class=\"col-inner\"  >\n\t\t\t\n\t\t\t\n\n\n  <div class=\"banner has-hover bg-zoom\" id=\"banner-2132519925\">\n          <div class=\"banner-inner fill\">\n        <div class=\"banner-bg fill\" >\n            <div class=\"bg fill bg-fill\"><\/div>\n                                    \n\t<div class=\"is-border\"\n\t\tstyle=\"border-width:10px 10px 10px 10px;\">\n\t<\/div>\n            <div class=\"effect-snow bg-effect fill no-click\"><\/div>        <\/div>\n        <div class=\"banner-layers container\">\n            <div class=\"fill banner-link\"><\/div>            \n\n   <div id=\"text-box-310720059\" class=\"text-box banner-layer x50 md-x50 lg-x50 y50 md-y50 lg-y50 res-text\">\n                                <div class=\"text-box-content text dark\">\n              \n              <div class=\"text-inner text-center\">\n                  \n\n<a href=\"https:\/\/loomjet.com\/fr\/produit\/home-garden\/\" target=\"_self\" class=\"button white is-shade is-xlarge\"  >\n    <span>ACHETEZ MAINTENANT<\/span>\n  <\/a>\n\n\n\n              <\/div>\n           <\/div>\n                            \n<style>\n#text-box-310720059 {\n  width: 60%;\n}\n#text-box-310720059 .text-box-content {\n  font-size: 100%;\n}\n<\/style>\n    <\/div>\n \n\n        <\/div>\n      <\/div>\n\n            \n<style>\n#banner-2132519925 {\n  padding-top: 650px;\n}\n#banner-2132519925 .bg.bg-loaded {\n  background-image: 15081;\n}\n#banner-2132519925 .bg {\n  background-position: 96% 50%;\n}\n<\/style>\n  <\/div>\n\n\n\n\t\t<\/div>\n\t\t\t<\/div>\n\n\t\n\n\t<div id=\"col-1559060566\" class=\"col medium-6 small-12 large-6\"  >\n\t\t<div class=\"col-inner\"  >\n\t\t\t\n\t\t\t\n\n\n  <div class=\"banner has-hover bg-zoom\" id=\"banner-12499153\">\n          <div class=\"banner-inner fill\">\n        <div class=\"banner-bg fill\" >\n            <div class=\"bg fill bg-fill\"><\/div>\n                                    \n\t<div class=\"is-border\"\n\t\tstyle=\"border-width:10px 10px 10px 10px;\">\n\t<\/div>\n            <div class=\"effect-snow bg-effect fill no-click\"><\/div>        <\/div>\n        <div class=\"banner-layers container\">\n            <a class=\"fill\" href=\"https:\/\/loomjet.com\/fr\/categorie-produit\/cleaning\/\"  ><div class=\"fill banner-link\"><\/div><\/a>            \n\n   <div id=\"text-box-2079370083\" class=\"text-box banner-layer x50 md-x50 lg-x50 y50 md-y50 lg-y50 res-text\">\n                                <div class=\"text-box-content text dark\">\n              \n              <div class=\"text-inner text-center\">\n                  \n\n<a href=\"https:\/\/loomjet.com\/fr\/produit\/6-in-1-portable-outdoor-led-camping-lantern-with-fan\/\" target=\"_self\" class=\"button white is-xlarge\"  >\n    <span>ACHETEZ MAINTENANT<\/span>\n  <\/a>\n\n\n\n              <\/div>\n           <\/div>\n                            \n<style>\n#text-box-2079370083 {\n  width: 60%;\n}\n#text-box-2079370083 .text-box-content {\n  font-size: 100%;\n}\n@media (min-width:550px) {\n  #text-box-2079370083 {\n    width: 60%;\n  }\n}\n<\/style>\n    <\/div>\n \n\n        <\/div>\n      <\/div>\n\n            \n<style>\n#banner-12499153 {\n  padding-top: 650px;\n  background-color: rgb(255, 255, 255);\n}\n#banner-12499153 .bg.bg-loaded {\n  background-image: 15014;\n}\n#banner-12499153 .bg {\n  background-position: 43% 53%;\n}\n<\/style>\n  <\/div>\n\n\n\n\t\t<\/div>\n\t\t\t<\/div>\n\n\t\n\n<\/div>\n<div class=\"container section-title-container\" ><h3 class=\"section-title section-title-bold-center\"><b><\/b><span class=\"section-title-main\" style=\"color:rgb(0, 0, 0);\"><i class=\"icon-shopping-bag\" ><\/i>FAVORIS EN VEDETTE<\/span><b><\/b><\/h3><\/div>\n\n\n  \n    <div class=\"row  equalize-box large-columns-5 medium-columns-3 small-columns-2 row-small\">\n  \t<\/div>\n\n<div class=\"container section-title-container hidden\" ><h3 class=\"section-title section-title-bold-center\"><b><\/b><span class=\"section-title-main\" style=\"color:rgb(0, 0, 0);\"><i class=\"icon-clock\" ><\/i>ASPIRATEUR ROBOT<\/span><b><\/b><\/h3><\/div>\n\n\n\n<div class=\"container section-title-container\" ><h3 class=\"section-title section-title-bold-center\"><b><\/b><span class=\"section-title-main\" style=\"color:rgb(0, 0, 0);\"><i class=\"icon-shopping-basket\" ><\/i>Parcourez nos cat\u00e9gories<\/span><b><\/b><\/h3><\/div>\n\n\n  \n    <div class=\"row large-columns-6 medium-columns-3 small-columns-2 row-small slider row-slider slider-nav-simple slider-nav-outside\"  data-flickity-options='{\"imagesLoaded\": true, \"groupCells\": \"100%\", \"dragThreshold\" : 5, \"cellAlign\": \"left\",\"wrapAround\": true,\"prevNextButtons\": true,\"percentPosition\": true,\"pageDots\": false, \"rightToLeft\": false, \"autoPlay\" : false}'>\n\n  <\/div>\n\n\t<div id=\"gap-366112226\" class=\"gap-element clearfix\" style=\"display:block; height:auto;\">\n\t\t\n<style>\n#gap-366112226 {\n  padding-top: 40px;\n}\n<\/style>\n\t<\/div>\n\t\n\n<div class=\"slider-wrapper relative\" id=\"slider-1702713218\" >\n    <div class=\"slider slider-nav-circle slider-nav-large slider-nav-light slider-style-normal\"\n        data-flickity-options='{            \"cellAlign\": \"center\",            \"imagesLoaded\": true,            \"lazyLoad\": 1,            \"freeScroll\": false,            \"wrapAround\": true,            \"autoPlay\": 2000,            \"pauseAutoPlayOnHover\" : true,            \"prevNextButtons\": true,            \"contain\" : true,            \"adaptiveHeight\" : true,            \"dragThreshold\" : 10,            \"percentPosition\": true,            \"pageDots\": true,            \"rightToLeft\": false,            \"draggable\": true,            \"selectedAttraction\": 0.1,            \"parallax\" : 0,            \"friction\": 0.6        }'\n        >\n        \n\n\n  <div class=\"banner has-hover has-parallax\" id=\"banner-2087898339\">\n          <div class=\"banner-inner fill\">\n        <div class=\"banner-bg fill\" data-parallax=\"-1\" data-parallax-container=\".banner\" data-parallax-background>\n            <div class=\"bg fill bg-fill\"><\/div>\n                                    \n            <div class=\"effect-sparkle bg-effect fill no-click\"><\/div>        <\/div>\n        <div class=\"banner-layers container\">\n            <div class=\"fill banner-link\"><\/div>            \n\n   <div id=\"text-box-1209191656\" class=\"text-box banner-layer x50 md-x50 lg-x50 y50 md-y50 lg-y50 res-text\">\n                                <div class=\"text-box-content text dark\">\n              \n              <div class=\"text-inner text-center\">\n                  \n\n  <div class=\"icon-box testimonial-box icon-box-left text-left\">\n                <div class=\"icon-box-img testimonial-image circle\" style=\"width: 128px\">\n              <img loading=\"lazy\" decoding=\"async\" width=\"280\" height=\"280\" src=\"https:\/\/loomjet.com\/wp-content\/uploads\/2020\/03\/edward-cisneros-415601-unsplash-280x280-1.jpg\" class=\"attachment-thumbnail size-thumbnail\" alt=\"\" srcset=\"https:\/\/loomjet.com\/wp-content\/uploads\/2020\/03\/edward-cisneros-415601-unsplash-280x280-1.jpg 280w, https:\/\/loomjet.com\/wp-content\/uploads\/2020\/03\/edward-cisneros-415601-unsplash-280x280-1-100x100.jpg 100w\" sizes=\"(max-width: 280px) 100vw, 280px\" \/>        <\/div>\n                <div class=\"icon-box-text p-last-0\">\n          <div class=\"star-rating\"><span style=\"width:100%\"><strong class=\"rating\"><\/strong><\/span><\/div>  \t\t\t\t<div class=\"testimonial-text line-height-small italic test_text first-reset last-reset is-italic\">\n            \n\n<p>Ceci est incroyable!! Je suis TR\u00c8S INCROYABLEMENT HEUREUX. la commande est arriv\u00e9e en deux jours !! J&#039;ai pu le monter moi-m\u00eame. Et puis repliez-le en moins de cinq minutes pour le remettre dans son \u00e9tui !!<\/p>\n\n          <\/div>\n          <div class=\"testimonial-meta pt-half\">\n             <strong class=\"testimonial-name test_name\">Lucy Anderson<\/strong>\n             <span class=\"testimonial-name-divider\"> \/ <\/span>             <span class=\"testimonial-company test_company\">Facebook<\/span>\n          <\/div>\n        <\/div>\n  <\/div>\n\n  \n\n              <\/div>\n           <\/div>\n                            \n<style>\n#text-box-1209191656 {\n  width: 78%;\n}\n#text-box-1209191656 .text-box-content {\n  font-size: 100%;\n}\n<\/style>\n    <\/div>\n \n\n        <\/div>\n      <\/div>\n\n            \n<style>\n#banner-2087898339 {\n  padding-top: 300px;\n}\n#banner-2087898339 .bg.bg-loaded {\n  background-image: url(https:\/\/loomjet.com\/wp-content\/uploads\/2021\/05\/7925-yciehh.jpg);\n}\n<\/style>\n  <\/div>\n\n\n\n     <\/div>\n\n     <div class=\"loading-spin dark large centered\"><\/div>\n\n     \t<\/div>\n\n\n<div class=\"container section-title-container\" ><h3 class=\"section-title section-title-bold-center\"><b><\/b><span class=\"section-title-main\" style=\"color:rgb(0, 0, 0);\"><i class=\"icon-checkmark\" ><\/i>POURQUOI CHOISIR NOTRE SERVICE<\/span><b><\/b><\/h3><\/div>\n\n<div class=\"row row-divided\"  id=\"row-137536198\">\n\n\n\t<div id=\"col-800162107\" class=\"col medium-3 large-3\"  >\n\t\t<div class=\"col-inner\"  >\n\t\t\t\n\t\t\t\n\n\n\t\t<div class=\"icon-box featured-box icon-box-center text-center\"  >\n\t\t\t\t\t<div class=\"icon-box-img has-icon-bg\" style=\"width: 61px\">\n\t\t\t\t<div class=\"icon\">\n\t\t\t\t\t<div class=\"icon-inner\" style=\"border-width:2px;\">\n\t\t\t\t\t\t<img loading=\"lazy\" decoding=\"async\" width=\"400\" height=\"400\" src=\"https:\/\/loomjet.com\/wp-content\/uploads\/2020\/03\/like-400x400-1.png\" class=\"attachment-medium size-medium\" alt=\"\" srcset=\"https:\/\/loomjet.com\/wp-content\/uploads\/2020\/03\/like-400x400-1.png 400w, https:\/\/loomjet.com\/wp-content\/uploads\/2020\/03\/like-400x400-1-280x280.png 280w, https:\/\/loomjet.com\/wp-content\/uploads\/2020\/03\/like-400x400-1-100x100.png 100w\" sizes=\"(max-width: 400px) 100vw, 400px\" \/>\t\t\t\t\t<\/div>\n\t\t\t\t<\/div>\n\t\t\t<\/div>\n\t\t\t\t<div class=\"icon-box-text last-reset\">\n\t\t\t\t\t\t\t\t\t\n\n<h4 class=\"uppercase\">700+ CLIENTS NOUS AIMENT<\/h4>\n<p>Nous offrons le meilleur service et des prix avantageux sur des produits de haute qualit\u00e9<\/p>\n\n\t\t<\/div>\n\t<\/div>\n\t\n\t\n\n\t\t<\/div>\n\t\t\t<\/div>\n\n\t\n\n\t<div id=\"col-895836798\" class=\"col medium-3 large-3\"  >\n\t\t<div class=\"col-inner\"  >\n\t\t\t\n\t\t\t\n\n\n\t\t<div class=\"icon-box featured-box icon-box-center text-center\"  >\n\t\t\t\t\t<div class=\"icon-box-img has-icon-bg\" style=\"width: 61px\">\n\t\t\t\t<div class=\"icon\">\n\t\t\t\t\t<div class=\"icon-inner\" style=\"border-width:2px;\">\n\t\t\t\t\t\t<img loading=\"lazy\" decoding=\"async\" width=\"400\" height=\"400\" src=\"https:\/\/loomjet.com\/wp-content\/uploads\/2020\/03\/worldwide-400x400-1.png\" class=\"attachment-medium size-medium\" alt=\"\" srcset=\"https:\/\/loomjet.com\/wp-content\/uploads\/2020\/03\/worldwide-400x400-1.png 400w, https:\/\/loomjet.com\/wp-content\/uploads\/2020\/03\/worldwide-400x400-1-280x280.png 280w, https:\/\/loomjet.com\/wp-content\/uploads\/2020\/03\/worldwide-400x400-1-100x100.png 100w\" sizes=\"(max-width: 400px) 100vw, 400px\" \/>\t\t\t\t\t<\/div>\n\t\t\t\t<\/div>\n\t\t\t<\/div>\n\t\t\t\t<div class=\"icon-box-text last-reset\">\n\t\t\t\t\t\t\t\t\t\n\n<h4 class=\"uppercase\">EXP\u00c9DITION DANS 185 PAYS<\/h4>\n<p>Notre magasin op\u00e8re dans le monde entier et vous pouvez profiter de la livraison gratuite de toutes les commandes<\/p>\n\n\t\t<\/div>\n\t<\/div>\n\t\n\t\n\n\t\t<\/div>\n\t\t\t<\/div>\n\n\t\n\n\t<div id=\"col-425885446\" class=\"col medium-3 large-3\"  >\n\t\t<div class=\"col-inner\"  >\n\t\t\t\n\t\t\t\n\n\n\t\t<div class=\"icon-box featured-box icon-box-center text-center\"  >\n\t\t\t\t\t<div class=\"icon-box-img has-icon-bg\" style=\"width: 61px\">\n\t\t\t\t<div class=\"icon\">\n\t\t\t\t\t<div class=\"icon-inner\" style=\"border-width:2px;\">\n\t\t\t\t\t\t<img loading=\"lazy\" decoding=\"async\" width=\"400\" height=\"400\" src=\"https:\/\/loomjet.com\/wp-content\/uploads\/2020\/03\/credit-card-400x400-1.png\" class=\"attachment-medium size-medium\" alt=\"\" srcset=\"https:\/\/loomjet.com\/wp-content\/uploads\/2020\/03\/credit-card-400x400-1.png 400w, https:\/\/loomjet.com\/wp-content\/uploads\/2020\/03\/credit-card-400x400-1-280x280.png 280w, https:\/\/loomjet.com\/wp-content\/uploads\/2020\/03\/credit-card-400x400-1-100x100.png 100w\" sizes=\"(max-width: 400px) 100vw, 400px\" \/>\t\t\t\t\t<\/div>\n\t\t\t\t<\/div>\n\t\t\t<\/div>\n\t\t\t\t<div class=\"icon-box-text last-reset\">\n\t\t\t\t\t\t\t\t\t\n\n<h4 class=\"uppercase\">100% PAIEMENT S\u00c9CURIS\u00c9<\/h4>\n<p>Achetez en toute confiance en utilisant les m\u00e9thodes de paiement les plus populaires et s\u00e9curis\u00e9es au monde<\/p>\n\n\t\t<\/div>\n\t<\/div>\n\t\n\t\n\n\t\t<\/div>\n\t\t\t<\/div>\n\n\t\n\n\t<div id=\"col-712768042\" class=\"col medium-3 large-3\"  >\n\t\t<div class=\"col-inner\"  >\n\t\t\t\n\t\t\t\n\n\n\t\t<div class=\"icon-box featured-box icon-box-center text-center\"  >\n\t\t\t\t\t<div class=\"icon-box-img has-icon-bg\" style=\"width: 61px\">\n\t\t\t\t<div class=\"icon\">\n\t\t\t\t\t<div class=\"icon-inner\" style=\"border-width:2px;\">\n\t\t\t\t\t\t<img loading=\"lazy\" decoding=\"async\" width=\"400\" height=\"400\" src=\"https:\/\/loomjet.com\/wp-content\/uploads\/2020\/03\/shipped-400x400-1.png\" class=\"attachment-medium size-medium\" alt=\"\" srcset=\"https:\/\/loomjet.com\/wp-content\/uploads\/2020\/03\/shipped-400x400-1.png 400w, https:\/\/loomjet.com\/wp-content\/uploads\/2020\/03\/shipped-400x400-1-280x280.png 280w, https:\/\/loomjet.com\/wp-content\/uploads\/2020\/03\/shipped-400x400-1-100x100.png 100w\" sizes=\"(max-width: 400px) 100vw, 400px\" \/>\t\t\t\t\t<\/div>\n\t\t\t\t<\/div>\n\t\t\t<\/div>\n\t\t\t\t<div class=\"icon-box-text last-reset\">\n\t\t\t\t\t\t\t\t\t\n\n<h4 class=\"uppercase\">3000+ LIVRAISONS R\u00c9USSIES<\/h4>\n<p>Notre protection de l&#039;acheteur couvre votre achat du clic \u00e0 la livraison<\/p>\n\n\t\t<\/div>\n\t<\/div>\n\t\n\t\n\n\t\t<\/div>\n\t\t\t<\/div>\n\n\t\n\n<\/div>","protected":false},"excerpt":{"rendered":"","protected":false},"author":1,"featured_media":0,"parent":0,"menu_order":0,"comment_status":"closed","ping_status":"closed","template":"page-blank.php","meta":{"footnotes":""},"class_list":["post-20","page","type-page","status-publish","hentry"],"_links":{"self":[{"href":"https:\/\/loomjet.com\/fr\/wp-json\/wp\/v2\/pages\/20"}],"collection":[{"href":"https:\/\/loomjet.com\/fr\/wp-json\/wp\/v2\/pages"}],"about":[{"href":"https:\/\/loomjet.com\/fr\/wp-json\/wp\/v2\/types\/page"}],"author":[{"embeddable":true,"href":"https:\/\/loomjet.com\/fr\/wp-json\/wp\/v2\/users\/1"}],"replies":[{"embeddable":true,"href":"https:\/\/loomjet.com\/fr\/wp-json\/wp\/v2\/comments?post=20"}],"version-history":[{"count":1,"href":"https:\/\/loomjet.com\/fr\/wp-json\/wp\/v2\/pages\/20\/revisions"}],"predecessor-version":[{"id":16205,"href":"https:\/\/loomjet.com\/fr\/wp-json\/wp\/v2\/pages\/20\/revisions\/16205"}],"wp:attachment":[{"href":"https:\/\/loomjet.com\/fr\/wp-json\/wp\/v2\/media?parent=20"}],"curies":[{"name":"wp","href":"https:\/\/api.w.org\/{rel}","templated":true}]}}