{"id":214,"date":"2020-01-21T19:50:30","date_gmt":"2020-01-21T19:50:30","guid":{"rendered":"https:\/\/loomjet.com\/?page_id=214"},"modified":"2022-05-14T12:18:12","modified_gmt":"2022-05-14T12:18:12","slug":"shipping-delivery","status":"publish","type":"page","link":"https:\/\/loomjet.com\/fr\/shipping-delivery\/","title":{"rendered":"Shipping &#038; Delivery"},"content":{"rendered":"<h2>Exp\u00e9dition &amp; Livraison<\/h2>\n<section data-id=\"b02087d\" data-element_type=\"section\">\n<h3>LIVRAISON GRATUITE<\/h3>\n<p>Nous traitons les commandes du lundi au vendredi. Les commandes seront trait\u00e9es dans les 3 jours ouvrables suivant la commande et exp\u00e9di\u00e9es le lendemain du jour de traitement. Veuillez noter que nous ne livrons pas le week-end.<\/p>\n<p><strong>Pays vers lesquels nous pouvons exp\u00e9dier :<\/strong><\/p>\n<p>Absolument, nous pouvons exp\u00e9dier partout dans le monde.<\/p>\n<p>Les \u00c9tats-Unis sont notre principal client, en plus de ce pays, nous avons des clients du Canada, du Royaume-Uni, d&#039;Australie, d&#039;Autriche, de Norv\u00e8ge, de France, d&#039;Allemagne, d&#039;Arabie saoudite, de Russie, d&#039;Ukraine, de Hong Kong, de Cor\u00e9e, de Malaisie, de Singapour, de Turquie, Belgique, Suisse, Danemark, Hongrie, Italie, Luxembourg, Nouvelle-Z\u00e9lande, Pays-Bas, Pologne, Espagne, Japon, Finlande, Irlande, Br\u00e9sil, Mexique, Portugal, Tha\u00eflande, Su\u00e8de, etc.<\/p>\n<p><strong>Le d\u00e9lai d&#039;exp\u00e9dition approximatif s&#039;accorde \u00e0 chaque pays\u00a0:<\/strong><\/p>\n<p>\u00c9tats-Unis : vous pouvez vous attendre \u00e0 ce que votre colis arrive dans 7 \u00e0 15 jours ouvrables.<\/p>\n<p>Autres : 10-20 jours ouvrables.<\/p>\n<p><strong>*Veuillez noter qu&#039;il s&#039;agit uniquement de d\u00e9lais de livraison estim\u00e9s. Par cons\u00e9quent, Loomjet.com ne garantit pas les dates de livraison.<\/strong><\/p>\n<p>Veuillez vous assurer que toutes les informations de livraison sont correctes. S&#039;il y a des informations incorrectes et\/ou manquantes, nous pouvons \u00eatre amen\u00e9s \u00e0 vous contacter pour mettre \u00e0 jour les informations de livraison, ce qui peut entra\u00eener des retards dans la livraison de votre commande. Des retards peuvent \u00e9galement survenir en raison du d\u00e9douanement.<\/p>\n<p>Votre bureau de douane local peut exiger des documents suppl\u00e9mentaires et du temps pour d\u00e9douaner votre colis, ce qui peut retarder le d\u00e9lai de livraison estim\u00e9.\u00a0<\/p>\n<p>Votre commande peut vous \u00eatre livr\u00e9e soit par le bureau de poste local, soit par un coursier local. Selon votre r\u00e9gion, la plupart des commandes seront livr\u00e9es par votre service postal local, de sorte que le colis sera re\u00e7u avec votre courrier ordinaire. Si vous n&#039;\u00eates pas chez vous au moment de la livraison, un avis de passage peut \u00eatre laiss\u00e9 par le service postal pour vous indiquer comment et o\u00f9 votre livraison peut \u00eatre r\u00e9cup\u00e9r\u00e9e.<\/p>\n<p><strong>Veuillez remplir votre adresse dans tous les d\u00e9tails, sinon le colis que nous vous enverrons nous sera retourn\u00e9, ou nous ignorerons simplement votre demande pour \u00e9viter \u00e0 tout le monde les ennuis.\u00a0<\/strong><\/p>\n<\/section>","protected":false},"excerpt":{"rendered":"","protected":false},"author":1,"featured_media":0,"parent":0,"menu_order":0,"comment_status":"closed","ping_status":"closed","template":"","meta":{"footnotes":""},"class_list":["post-214","page","type-page","status-publish","hentry"],"_links":{"self":[{"href":"https:\/\/loomjet.com\/fr\/wp-json\/wp\/v2\/pages\/214"}],"collection":[{"href":"https:\/\/loomjet.com\/fr\/wp-json\/wp\/v2\/pages"}],"about":[{"href":"https:\/\/loomjet.com\/fr\/wp-json\/wp\/v2\/types\/page"}],"author":[{"embeddable":true,"href":"https:\/\/loomjet.com\/fr\/wp-json\/wp\/v2\/users\/1"}],"replies":[{"embeddable":true,"href":"https:\/\/loomjet.com\/fr\/wp-json\/wp\/v2\/comments?post=214"}],"version-history":[{"count":0,"href":"https:\/\/loomjet.com\/fr\/wp-json\/wp\/v2\/pages\/214\/revisions"}],"wp:attachment":[{"href":"https:\/\/loomjet.com\/fr\/wp-json\/wp\/v2\/media?parent=214"}],"curies":[{"name":"wp","href":"https:\/\/api.w.org\/{rel}","templated":true}]}}