{"id":2536,"date":"2020-02-16T02:04:55","date_gmt":"2020-02-16T02:04:55","guid":{"rendered":"https:\/\/loomjet.com\/affiliate-area\/"},"modified":"2020-08-28T22:00:57","modified_gmt":"2020-08-28T22:00:57","slug":"affiliate-area","status":"publish","type":"page","link":"https:\/\/loomjet.com\/fr\/affiliate-area\/","title":{"rendered":"Espace Affili\u00e9"},"content":{"rendered":"<header class=\"section-header text-center\"><header class=\"section-header text-center\"><header class=\"section-header text-center\"><header class=\"section-header text-center\">\n<h1 style=\"text-align: left;\">Programme d&#039;affiliation<\/h1>\n<hr class=\"hr--small\" \/><\/header>\n<div class=\"grid\">\n<div class=\"grid__item large--four-fifths push--large--one-tenth\">\n<div class=\"rte rte--nomargin rte--indented-images\">\n<p style=\"text-align: left;\">Rejoignez la famille LoomJet d\u00e8s aujourd&#039;hui et commencez \u00e0 nous partager les b\u00e9n\u00e9fices\u00a0!<\/p>\n<p style=\"text-align: left;\">Si vous \u00eates suivi sur les r\u00e9seaux sociaux ou avez une influence sur vos connaissances, alors ceci est pour vous.<\/p>\n<p style=\"text-align: left;\">\u00a0<\/p>\n<p style=\"text-align: left;\"><strong>Nous offrons ce qui suit :<\/strong><\/p>\n<ul style=\"text-align: left;\">\n<li>5% \u00e0 25% de commission pour chaque vente.<\/li>\n<li>Dur\u00e9e des cookies de 30 jours. (votre commission comptera m\u00eame si quelqu&#039;un utilise votre lien et ach\u00e8te 30 jours plus tard)<\/li>\n<li>Une fois inscrit, vous aurez acc\u00e8s \u00e0 votre tableau de bord &quot;Affiliatly&quot; o\u00f9 vous pourrez suivre vos commissions.<\/li>\n<li>Vos paiements en esp\u00e8ces seront transf\u00e9r\u00e9s directement sur votre compte Paypal.<\/li>\n<li>Nous vous fournirons des supports marketing comprenant des descriptions de produits, des images et des vid\u00e9os.<\/li>\n<li>Si vous apportez des r\u00e9sultats \u00e9lev\u00e9s, nous serons pr\u00eats \u00e0 vous offrir des commissions et des avantages plus \u00e9lev\u00e9s.<\/li>\n<\/ul>\n<p style=\"text-align: left;\">\u00a0<\/p>\n<p style=\"text-align: left;\">Tout ce dont vous avez besoin est de vous inscrire ici, d&#039;obtenir votre lien d&#039;affiliation et de le partager avec d&#039;autres.<\/p>\n<\/div>\n<\/div>\n<\/div>\n<\/header><\/header><\/header>\n\n<form id=\"affwp-register-form\" class=\"affwp-form\" action=\"\" method=\"post\" data-trp-original-action=\"\">\n\t\n\t<fieldset>\n\t\t<legend data-no-translation=\"\" data-trp-gettext=\"\">Enregistrer un nouveau compte d\u2019affiliation<\/legend>\n\n\t\t\n\t\t<p>\n\t\t\t<label for=\"affwp-user-name\" data-no-translation=\"\" data-trp-gettext=\"\">Votre nom<\/label>\n\t\t\t<input id=\"affwp-user-name\" type=\"text\" name=\"affwp_user_name\" value=\"\" title=\"Votre nom\"  required='required' data-no-translation-title=\"\" \/>\n\t\t<\/p>\n\n\t\t<p>\n\t\t\t<label for=\"affwp-user-login\" data-no-translation=\"\" data-trp-gettext=\"\">Identifiant<\/label>\n\t\t\t<input id=\"affwp-user-login\" required=\"required\" type=\"text\" name=\"affwp_user_login\" maxlength=\"60\" value=\"\" title=\"Identifiant\" data-no-translation-title=\"\" \/>\n\t\t<\/p>\n\n\t\t<p>\n\t\t\t<label for=\"affwp-user-email\" data-no-translation=\"\" data-trp-gettext=\"\">Email du compte<\/label>\n\t\t\t<input id=\"affwp-user-email\" required=\"required\" type=\"email\" name=\"affwp_user_email\" value=\"\" title=\"Adresse email\" data-no-translation-title=\"\" \/>\n\t\t<\/p>\n\n\t\t<p>\n\t\t\t<label for=\"affwp-payment-email\" data-no-translation=\"\" data-trp-gettext=\"\">Email de paiement<\/label>\n\t\t\t<input id=\"affwp-payment-email\" type=\"email\" name=\"affwp_payment_email\" value=\"\" title=\"Adresse de messagerie de paiement\" required='required' data-no-translation-title=\"\" \/>\n\t\t<\/p>\n\n\t\t<p>\n\t\t\t<label for=\"affwp-user-url\" data-no-translation=\"\" data-trp-gettext=\"\">URL du site<\/label>\n\t\t\t<input id=\"affwp-user-url\" type=\"text\" name=\"affwp_user_url\" value=\"\" title=\"URL du site\" data-no-translation-title=\"\"  \/>\n\t\t<\/p>\n\n\t\t<p>\n\t\t\t<label for=\"affwp-promotion-method\" data-no-translation=\"\" data-trp-gettext=\"\">Comment planifiez-vous nous promouvoir?<\/label>\n\t\t\t<textarea id=\"affwp-promotion-method\" name=\"affwp_promotion_method\" rows=\"5\" cols=\"30\"><\/textarea>\n\t\t<\/p>\n\n\t\t\n\t\t\t<p>\n\t\t\t\t<label for=\"affwp-user-pass\" data-no-translation=\"\" data-trp-gettext=\"\">Mot de passe<\/label>\n\t\t\t\t<input id=\"affwp-user-pass\" required=\"required\" class=\"password\" type=\"password\" name=\"affwp_user_pass\" \/>\n\t\t\t<\/p>\n\n\t\t\t<p>\n\t\t\t\t<label for=\"affwp-user-pass2\" data-no-translation=\"\" data-trp-gettext=\"\">Confirmation du mot de passe<\/label>\n\t\t\t\t<input id=\"affwp-user-pass2\" required=\"required\" class=\"password\" type=\"password\" name=\"affwp_user_pass2\" \/>\n\t\t\t<\/p>\n\n\t\t\n\t\t\n\t\t\t\t\t\t\t<p>\n\t\t\t\t<label class=\"affwp-tos\" for=\"affwp-tos\">\n\t\t\t\t\t<input id=\"affwp-tos\" required=\"required\" type=\"checkbox\" name=\"affwp_tos\" \/>\n\t\t\t\t\t<a href=\"https:\/\/loomjet.com\/fr\/affiliate\/\" target=\"_blank\">Acceptez nos conditions d&#039;utilisation et notre politique de confidentialit\u00e9<\/a>\n\t\t\t\t<\/label>\n\t\t\t<\/p>\n\t\t\n\t\t\n\t\t\n\t\t<p>\n\t\t\t<input type=\"hidden\" name=\"affwp_honeypot\" value=\"\" \/>\n\t\t\t<input type=\"hidden\" name=\"affwp_redirect\" value=\"\"\/>\n\t\t\t<input type=\"hidden\" name=\"affwp_register_nonce\" value=\"c784eb3009\" \/>\n\t\t\t<input type=\"hidden\" name=\"affwp_action\" value=\"affiliate_register\" \/>\n\t\t\t<input class=\"button\" type=\"submit\" value=\"Inscription\" data-no-translation-value=\"\" \/>\n\t\t<\/p>\n\n\t\t\t<\/fieldset>\n\n\t<input type=\"hidden\" name=\"trp-form-language\" value=\"fr\"\/><\/form>\n\n<form id=\"affwp-login-form\" class=\"affwp-form\" action=\"\" method=\"post\" data-trp-original-action=\"\">\n\t\n\t<fieldset>\n\t\t<legend data-no-translation=\"\" data-trp-gettext=\"\">Connectez-vous \u00e0 votre compte<\/legend>\n\n\t\t\n\t\t<p>\n\t\t\t<label for=\"affwp-login-user-login\" data-no-translation=\"\" data-trp-gettext=\"\">Identifiant<\/label>\n\t\t\t<input id=\"affwp-login-user-login\" class=\"required\" type=\"text\" name=\"affwp_user_login\" title=\"Identifiant\" data-no-translation-title=\"\" \/>\n\t\t<\/p>\n\n\t\t<p>\n\t\t\t<label for=\"affwp-login-user-pass\" data-no-translation=\"\" data-trp-gettext=\"\">Mot de passe<\/label>\n\t\t\t<input id=\"affwp-login-user-pass\" class=\"password required\" type=\"password\" name=\"affwp_user_pass\" \/>\n\t\t<\/p>\n\n\t\t<p>\n\t\t\t<label class=\"affwp-user-remember\" for=\"affwp-user-remember\">\n\t\t\t\t<input id=\"affwp-user-remember\" type=\"checkbox\" name=\"affwp_user_remember\" value=\"1\" \/> Se souvenir de moi\t\t\t<\/label>\n\t\t<\/p>\n\n\t\t<p>\n\t\t\t<input type=\"hidden\" name=\"affwp_redirect\" value=\"\"\/>\n\t\t\t<input type=\"hidden\" name=\"affwp_login_nonce\" value=\"d7dd1ae6ad\" \/>\n\t\t\t<input type=\"hidden\" name=\"affwp_action\" value=\"user_login\" \/>\n\t\t\t<input type=\"submit\" class=\"button\" value=\"Connexion\" data-no-translation-value=\"\" \/>\n\t\t<\/p>\n\n\t\t<p class=\"affwp-lost-password\">\n\t\t\t<a href=\"https:\/\/loomjet.com\/fr\/my-account\/lost-password\/\" data-no-translation=\"\" data-trp-gettext=\"\">Mot de passe oubli\u00e9\u00a0?<\/a>\n\t\t<\/p>\n\n\t\t\t<\/fieldset>\n\n\t<input type=\"hidden\" name=\"trp-form-language\" value=\"fr\"\/><\/form>","protected":false},"excerpt":{"rendered":"<p>Affiliate Program Join LoomJet&#8217; family today and start sharing us with the profits! If you have any kind of social media following or an influence on your acquaintances, then this is for you. \u00a0 We offer the following: 5% to 25% commission for every sale. 30-day cookie duration. (your commission will still count even when [&#8230;]","protected":false},"author":1,"featured_media":0,"parent":0,"menu_order":0,"comment_status":"closed","ping_status":"closed","template":"","meta":{"footnotes":""},"class_list":["post-2536","page","type-page","status-publish","hentry"],"_links":{"self":[{"href":"https:\/\/loomjet.com\/fr\/wp-json\/wp\/v2\/pages\/2536"}],"collection":[{"href":"https:\/\/loomjet.com\/fr\/wp-json\/wp\/v2\/pages"}],"about":[{"href":"https:\/\/loomjet.com\/fr\/wp-json\/wp\/v2\/types\/page"}],"author":[{"embeddable":true,"href":"https:\/\/loomjet.com\/fr\/wp-json\/wp\/v2\/users\/1"}],"replies":[{"embeddable":true,"href":"https:\/\/loomjet.com\/fr\/wp-json\/wp\/v2\/comments?post=2536"}],"version-history":[{"count":0,"href":"https:\/\/loomjet.com\/fr\/wp-json\/wp\/v2\/pages\/2536\/revisions"}],"wp:attachment":[{"href":"https:\/\/loomjet.com\/fr\/wp-json\/wp\/v2\/media?parent=2536"}],"curies":[{"name":"wp","href":"https:\/\/api.w.org\/{rel}","templated":true}]}}