{"id":5671,"date":"2020-03-27T13:51:42","date_gmt":"2020-03-27T13:51:42","guid":{"rendered":"https:\/\/loomjet.com\/?page_id=5671"},"modified":"2021-07-05T23:17:27","modified_gmt":"2021-07-05T23:17:27","slug":"about-us","status":"publish","type":"page","link":"https:\/\/loomjet.com\/fr\/about-us\/","title":{"rendered":"\u00c0 propos de nous"},"content":{"rendered":"<h1>\u00c0 propos de nous<\/h1>\n<p>\u00a0<\/p>\n<div class=\"Container\">\n<div class=\"PageContent PageContent--narrow Rte\">\n<p>Merci d&#039;\u00eatre pass\u00e9 \u00e0\u00a0<strong>LoomJet<\/strong><b>!<\/b><\/p>\n<p>Nous sommes un d\u00e9taillant en ligne ind\u00e9pendant et vous proposons sp\u00e9cifiquement nos meilleures offres de la plus haute qualit\u00e9.\u00a0\u00a0<\/p>\n<p>\u00a0<\/p>\n<p>Nous pensons que servir nos clients s&#039;accompagne de la responsabilit\u00e9 de s&#039;assurer activement qu&#039;ils sont satisfaits de leur achat. Nous nous effor\u00e7ons d&#039;\u00eatre la boutique en ligne num\u00e9ro UN, avec les meilleurs produits \u00e0 offrir et un service client de premier ordre. Nous ferons nos efforts pour nous assurer que nos clients sont satisfaits!<\/p>\n<p><strong>LoomJet<\/strong> croit fermement que l&#039;innovation par la technologie est l&#039;avenir de l&#039;industrie. L&#039;un de nos nombreux objectifs est de continuer \u00e0 innover d&#039;une mani\u00e8re que personne d&#039;autre ne veut faire. En r\u00e9unissant tous les meilleurs produits en un seul endroit gr\u00e2ce \u00e0 la technologie, nous croyons que nous pouvons changer l&#039;industrie pour toujours en nous concentrant sur les besoins de nos clients.<\/p>\n<p>Achetez en toute confiance chez <strong>LoomJet<\/strong><b>.com<\/b>\u00a0\u2013 nous nous occupons du reste et veillons \u00e0 ce que vous soyez heureux !<\/p>\n<\/div>\n<\/div>\n<p>\u00a0<\/p>\n<p>\u00a0<\/p>\n<div id=\"shopify-section-footer\" class=\"shopify-section shopify-section--footer\"><footer id=\"section-footer\" class=\"FooterFooter--withMargin\" role=\"contentinfo\">\n<div class=\"Container\">\n<div class=\"Footer__Inner\">\n<div class=\"Footer__Block Footer__Block--links\">\n<h2 class=\"Footer__Title Heading u-h6\">\u00a0<\/h2>\n<\/div>\n<\/div>\n<\/div>\n<\/footer><\/div>\n<h1>Notre garantie<\/h1>\n<p>Nous comprenons que l&#039;achat d&#039;articles en ligne peut \u00eatre intimidant, c&#039;est pourquoi nous offrons une garantie de satisfaction 100%. Si vous n&#039;avez pas une exp\u00e9rience positive pour une raison quelconque, nous ferons tout ce qu&#039;il faut pour vous assurer que vous \u00eates 100% satisfait de votre achat.<\/p>\n<p>Nous voulons que vous r\u00e9alisiez qu&#039;il n&#039;y a absolument aucun risque \u00e0 acheter quelque chose et \u00e0 l&#039;essayer. Si vous ne l&#039;aimez pas, pas de rancune, nous le ferons bien.<\/p>\n<p>Nous avons une assistance par e-mail 24\/7\/365. S&#039;il vous plait contactez nous si vous avez besoin d&#039;aide.<\/p>\n<p>info@loomjet.com<\/p>","protected":false},"excerpt":{"rendered":"","protected":false},"author":1,"featured_media":0,"parent":0,"menu_order":0,"comment_status":"closed","ping_status":"closed","template":"","meta":{"footnotes":""},"class_list":["post-5671","page","type-page","status-publish","hentry"],"_links":{"self":[{"href":"https:\/\/loomjet.com\/fr\/wp-json\/wp\/v2\/pages\/5671"}],"collection":[{"href":"https:\/\/loomjet.com\/fr\/wp-json\/wp\/v2\/pages"}],"about":[{"href":"https:\/\/loomjet.com\/fr\/wp-json\/wp\/v2\/types\/page"}],"author":[{"embeddable":true,"href":"https:\/\/loomjet.com\/fr\/wp-json\/wp\/v2\/users\/1"}],"replies":[{"embeddable":true,"href":"https:\/\/loomjet.com\/fr\/wp-json\/wp\/v2\/comments?post=5671"}],"version-history":[{"count":0,"href":"https:\/\/loomjet.com\/fr\/wp-json\/wp\/v2\/pages\/5671\/revisions"}],"wp:attachment":[{"href":"https:\/\/loomjet.com\/fr\/wp-json\/wp\/v2\/media?parent=5671"}],"curies":[{"name":"wp","href":"https:\/\/api.w.org\/{rel}","templated":true}]}}