{"id":125,"date":"2020-01-20T19:04:20","date_gmt":"2020-01-20T19:04:20","guid":{"rendered":"https:\/\/loomjet.com\/?page_id=125"},"modified":"2020-05-17T22:57:02","modified_gmt":"2020-05-17T22:57:02","slug":"privacy-policy-2","status":"publish","type":"page","link":"https:\/\/loomjet.com\/it\/privacy-policy-2\/","title":{"rendered":"Privacy &#038; Policy"},"content":{"rendered":"<h2>Politica sulla riservatezza<\/h2>\n<div>Benvenuto nella nostra Informativa sulla privacy<\/div>\n<div>\u2014 La tua privacy \u00e8 di fondamentale importanza per noi.<\/div>\n<div>Loomjet si trova a:<\/div>\n<div>\u00a0<\/div>\n<div>Loomjet<\/div>\n<div>2803 Filadelfia Pike Suite B #437<\/div>\n<div>DELAWARE, Stati Uniti<\/div>\n<div>2163524390<\/div>\n<div>\u00c8 politica di Loomjet rispettare la tua privacy in merito a qualsiasi informazione che possiamo raccogliere durante il funzionamento del nostro sito web. La presente Informativa sulla privacy si applica a https:\/\/loomjet.com\/ (di seguito, &quot;noi&quot;, &quot;noi&quot; o &quot;https:\/\/loomjet.com\/&quot;). Rispettiamo la tua privacy e ci impegniamo a proteggere le informazioni di identificazione personale che potresti fornirci attraverso il sito web. Abbiamo adottato questa politica sulla privacy (&quot;Informativa sulla privacy&quot;) per spiegare quali informazioni possono essere raccolte sul nostro sito Web, come utilizziamo queste informazioni e in quali circostanze possiamo divulgare le informazioni a terzi. La presente Informativa sulla privacy si applica solo alle informazioni che raccogliamo attraverso il sito Web e non si applica alla nostra raccolta di informazioni da altre fonti.<\/div>\n<div>La presente Informativa sulla privacy, insieme ai Termini e condizioni pubblicati sul nostro sito Web, stabilisce le regole e le politiche generali che regolano l&#039;utilizzo del nostro sito Web da parte dell&#039;utente. A seconda delle tue attivit\u00e0 quando visiti il nostro sito Web, ti potrebbe essere richiesto di accettare termini e condizioni aggiuntivi.<\/div>\n<div>\u00a0<\/div>\n<div>\u2013 Visitatori del sito web<\/div>\n<div>Come la maggior parte degli operatori di siti Web, Loomjet raccoglie informazioni di identificazione non personale del tipo che i browser Web e i server in genere rendono disponibili, come il tipo di browser, la preferenza della lingua, il sito di riferimento e la data e l&#039;ora di ogni richiesta del visitatore. Lo scopo di Loomjet nella raccolta di informazioni di identificazione non personale \u00e8 quello di comprendere meglio come i visitatori di Loomjet utilizzano il suo sito web. Di volta in volta, Loomjet pu\u00f2 rilasciare informazioni di identificazione non personale in forma aggregata, ad esempio pubblicando un rapporto sulle tendenze nell&#039;utilizzo del proprio sito web.<\/div>\n<div>Loomjet raccoglie anche informazioni potenzialmente di identificazione personale come gli indirizzi IP (Internet Protocol) per gli utenti che hanno effettuato l&#039;accesso e per gli utenti che lasciano commenti sui post del blog https:\/\/loomjet.com\/. Loomjet divulga gli indirizzi IP degli utenti e dei commentatori che hanno effettuato l&#039;accesso solo nelle stesse circostanze in cui utilizza e divulga informazioni di identificazione personale come descritto di seguito.<\/div>\n<div>\u00a0<\/div>\n<div>\u2013 Raccolta di informazioni di identificazione personale<\/div>\n<div>Alcuni visitatori dei siti Web di Loomjet scelgono di interagire con Loomjet in modi che richiedono a Loomjet di raccogliere informazioni di identificazione personale. La quantit\u00e0 e il tipo di informazioni che Loomjet raccoglie dipende dalla natura dell&#039;interazione. Ad esempio, chiediamo ai visitatori che si iscrivono a un blog su https:\/\/loomjet.com\/ di fornire un nome utente e un indirizzo e-mail.<\/div>\n<div>\u00a0<\/div>\n<div>\u2013 Sicurezza<\/div>\n<div>La sicurezza delle tue informazioni personali \u00e8 importante per noi, ma ricorda che nessun metodo di trasmissione su Internet o metodo di archiviazione elettronica \u00e8 sicuro 100%. Sebbene ci sforziamo di utilizzare mezzi commercialmente accettabili per proteggere le tue informazioni personali, non possiamo garantirne l&#039;assoluta sicurezza.<\/div>\n<div>\u00a0<\/div>\n<div>- Annunci<\/div>\n<div>Gli annunci che appaiono sul nostro sito Web possono essere forniti agli utenti da partner pubblicitari, che possono impostare cookie. Questi cookie consentono all&#039;ad server di riconoscere il tuo computer ogni volta che ti inviano un annuncio online per raccogliere informazioni su di te o su altri che utilizzano il tuo computer. Queste informazioni consentono alle reti pubblicitarie, tra le altre cose, di fornire pubblicit\u00e0 mirate che ritengono possano interessarti maggiormente. La presente Informativa sulla privacy copre l&#039;uso dei cookie da parte di Loomjet e non copre l&#039;uso dei cookie da parte di alcun inserzionista.<\/div>\n<div>\u00a0<\/div>\n<div>\u00a0<\/div>\n<div>\u2013 Collegamenti a siti esterni<\/div>\n<div>Il nostro Servizio pu\u00f2 contenere collegamenti a siti esterni che non sono gestiti da noi. Se fai clic su un link di terze parti, verrai indirizzato al sito di quella terza parte. Ti consigliamo vivamente di rivedere l&#039;Informativa sulla privacy e i termini e le condizioni di ogni sito che visiti.<\/div>\n<div>Non abbiamo alcun controllo e non ci assumiamo alcuna responsabilit\u00e0 per il contenuto, le politiche sulla privacy o le pratiche di siti, prodotti o servizi di terze parti.<\/div>\n<div>\u00a0<\/div>\n<div>\u2013 Https:\/\/loomjet.com\/ utilizza Google AdWords per il remarketing<\/div>\n<div>Https:\/\/loomjet.com\/ utilizza i servizi di remarketing per fare pubblicit\u00e0 su siti Web di terze parti (incluso Google) ai precedenti visitatori del nostro sito. Potrebbe significare che facciamo pubblicit\u00e0 ai visitatori precedenti che non hanno completato un&#039;attivit\u00e0 sul nostro sito, ad esempio utilizzando il modulo di contatto per fare una richiesta. Ci\u00f2 potrebbe avvenire sotto forma di pubblicit\u00e0 sulla pagina dei risultati di ricerca di Google o su un sito nella Rete Display di Google. I fornitori di terze parti, tra cui Google, utilizzano i cookie per pubblicare annunci basati sulle visite passate di qualcuno. Naturalmente, tutti i dati raccolti verranno utilizzati in conformit\u00e0 con la nostra politica sulla privacy e la politica sulla privacy di Google.<\/div>\n<div>Puoi impostare le preferenze su come Google ti fa pubblicit\u00e0 utilizzando la pagina Preferenze annunci di Google e, se lo desideri, puoi disattivare la pubblicit\u00e0 basata sugli interessi interamente tramite le impostazioni dei cookie o utilizzando in modo permanente un plug-in del browser.<\/div>\n<div>\u00a0<\/div>\n<div>\u00a0<\/div>\n<div>\u2013 Statistiche aggregate<\/div>\n<div>Loomjet pu\u00f2 raccogliere statistiche sul comportamento dei visitatori del suo sito web. Loomjet pu\u00f2 visualizzare queste informazioni pubblicamente o fornirle ad altri. Tuttavia, Loomjet non divulga le tue informazioni di identificazione personale.<\/div>\n<div>\u00a0<\/div>\n<div>\u2013 Divulgazione di affiliazione<\/div>\n<div>Questo sito utilizza link di affiliazione e guadagna una commissione da determinati link. Ci\u00f2 non influisce sui tuoi acquisti o sul prezzo che potresti pagare.<\/div>\n<div>\u00a0<\/div>\n<div>- Biscotti<\/div>\n<div>Per arricchire e perfezionare la tua esperienza online, Loomjet utilizza &quot;Cookie&quot;, tecnologie e servizi simili forniti da altri per visualizzare contenuti personalizzati, pubblicit\u00e0 appropriata e memorizzare le tue preferenze sul tuo computer.<\/div>\n<div>Un cookie \u00e8 una stringa di informazioni che un sito Web memorizza sul computer di un visitatore e che il browser del visitatore fornisce al sito Web ogni volta che il visitatore ritorna. Loomjet utilizza i cookie per aiutare Loomjet a identificare e tracciare i visitatori, il loro utilizzo di https:\/\/loomjet.com\/ e le loro preferenze di accesso al sito web. I visitatori di Loomjet che non desiderano che i cookie vengano inseriti nei propri computer devono impostare i propri browser in modo da rifiutare i cookie prima di utilizzare i siti Web di Loomjet, con l&#039;inconveniente che alcune funzionalit\u00e0 dei siti Web di Loomjet potrebbero non funzionare correttamente senza l&#039;ausilio dei cookie.<\/div>\n<div>Continuando a navigare nel nostro sito Web senza modificare le impostazioni dei cookie, riconosci e accetti l&#039;utilizzo dei cookie da parte di Loomjet.<\/div>\n<div>\u00a0<\/div>\n<div>\u2013 Commercio elettronico<\/div>\n<div>Coloro che effettuano transazioni con Loomjet, acquistando servizi o prodotti di Loomjet, sono invitati a fornire ulteriori informazioni, comprese, se necessario, le informazioni personali e finanziarie necessarie per elaborare tali transazioni. In ogni caso, Loomjet raccoglie tali informazioni solo nella misura necessaria o appropriata per soddisfare lo scopo dell&#039;interazione del visitatore con Loomjet. Loomjet non divulga informazioni di identificazione personale diverse da quelle descritte di seguito. E i visitatori possono sempre rifiutarsi di fornire informazioni di identificazione personale, con l&#039;avvertenza che ci\u00f2 potrebbe impedire loro di impegnarsi in determinate attivit\u00e0 relative al sito web.<\/div>\n<div>\u00a0<\/div>\n<div>\u2013 Trasferimenti aziendali<\/div>\n<div>Se Loomjet, o sostanzialmente tutti i suoi beni, venissero acquisiti, o nell&#039;improbabile eventualit\u00e0 che Loomjet cessasse l&#039;attivit\u00e0 o entrasse in bancarotta, le informazioni dell&#039;utente sarebbero una delle risorse trasferite o acquisite da una terza parte. Riconosci che tali trasferimenti possono verificarsi e che qualsiasi acquirente di Loomjet pu\u00f2 continuare a utilizzare le tue informazioni personali come stabilito in questa politica.<\/div>\n<div>\u00a0<\/div>\n<div>Modifiche all&#039;informativa sulla privacy<\/div>\n<div>Anche se \u00e8 probabile che la maggior parte delle modifiche siano minori, Loomjet pu\u00f2 modificare la propria Informativa sulla privacy di volta in volta ea sola discrezione di Loomjet. Loomjet incoraggia i visitatori a controllare frequentemente questa pagina per eventuali modifiche alla sua Informativa sulla privacy. L&#039;uso continuato di questo sito dopo qualsiasi modifica alla presente Informativa sulla privacy costituir\u00e0 l&#039;accettazione di tale modifica.<\/div>\n<div>\u00a0<\/div>\n<div>\u00a0<\/div>","protected":false},"excerpt":{"rendered":"<p>Privacy &amp; Policy Welcome to our Privacy Policy &#8212; Your privacy is critically important to us. Loomjet is located at: \u00a0 Loomjet 2803 Philadelphia Pike Suite B #437 DELAWARE, united states 2163524390 It is Loomjet&#8217;s policy to respect your privacy regarding any information we may collect while operating our website. This Privacy Policy applies to [&#8230;]","protected":false},"author":1,"featured_media":0,"parent":0,"menu_order":0,"comment_status":"closed","ping_status":"closed","template":"","meta":{"footnotes":""},"class_list":["post-125","page","type-page","status-publish","hentry"],"_links":{"self":[{"href":"https:\/\/loomjet.com\/it\/wp-json\/wp\/v2\/pages\/125"}],"collection":[{"href":"https:\/\/loomjet.com\/it\/wp-json\/wp\/v2\/pages"}],"about":[{"href":"https:\/\/loomjet.com\/it\/wp-json\/wp\/v2\/types\/page"}],"author":[{"embeddable":true,"href":"https:\/\/loomjet.com\/it\/wp-json\/wp\/v2\/users\/1"}],"replies":[{"embeddable":true,"href":"https:\/\/loomjet.com\/it\/wp-json\/wp\/v2\/comments?post=125"}],"version-history":[{"count":0,"href":"https:\/\/loomjet.com\/it\/wp-json\/wp\/v2\/pages\/125\/revisions"}],"wp:attachment":[{"href":"https:\/\/loomjet.com\/it\/wp-json\/wp\/v2\/media?parent=125"}],"curies":[{"name":"wp","href":"https:\/\/api.w.org\/{rel}","templated":true}]}}