{"id":125,"date":"2020-01-20T19:04:20","date_gmt":"2020-01-20T19:04:20","guid":{"rendered":"https:\/\/loomjet.com\/?page_id=125"},"modified":"2020-05-17T22:57:02","modified_gmt":"2020-05-17T22:57:02","slug":"privacy-policy-2","status":"publish","type":"page","link":"https:\/\/loomjet.com\/sv\/privacy-policy-2\/","title":{"rendered":"Privacy &#038; Policy"},"content":{"rendered":"<h2>Integritetspolicy<\/h2>\n<div>V\u00e4lkommen till v\u00e5r integritetspolicy<\/div>\n<div>\u2014 Din integritet \u00e4r ytterst viktig f\u00f6r oss.<\/div>\n<div>Loomjet finns p\u00e5:<\/div>\n<div>\u00a0<\/div>\n<div>Loomjet<\/div>\n<div>2803 Philadelphia Pike Suite B #437<\/div>\n<div>DELAWARE, USA<\/div>\n<div>2163524390<\/div>\n<div>Det \u00e4r Loomjets policy att respektera din integritet n\u00e4r det g\u00e4ller all information vi kan samla in n\u00e4r vi anv\u00e4nder v\u00e5r webbplats. Denna integritetspolicy g\u00e4ller https:\/\/loomjet.com\/ (h\u00e4danefter &quot;oss&quot;, &quot;vi&quot; eller &quot;https:\/\/loomjet.com\/&quot;). Vi respekterar din integritet och \u00e4r angel\u00e4gna om att skydda personlig identifierbar information som du kan tillhandah\u00e5lla oss via webbplatsen. Vi har antagit denna integritetspolicy (&quot;Sekretesspolicy&quot;) f\u00f6r att f\u00f6rklara vilken information som kan samlas in p\u00e5 v\u00e5r webbplats, hur vi anv\u00e4nder denna information och under vilka omst\u00e4ndigheter vi kan avsl\u00f6ja informationen till tredje part. Denna integritetspolicy g\u00e4ller endast information vi samlar in via webbplatsen och g\u00e4ller inte v\u00e5r insamling av information fr\u00e5n andra k\u00e4llor.<\/div>\n<div>Denna integritetspolicy, tillsammans med villkoren som publiceras p\u00e5 v\u00e5r webbplats, anger de allm\u00e4nna reglerna och policyerna som styr din anv\u00e4ndning av v\u00e5r webbplats. Beroende p\u00e5 dina aktiviteter n\u00e4r du bes\u00f6ker v\u00e5r webbplats kan du beh\u00f6va godk\u00e4nna ytterligare villkor.<\/div>\n<div>\u00a0<\/div>\n<div>\u2013 Bes\u00f6kare p\u00e5 webbplatsen<\/div>\n<div>Liksom de flesta webbplatsoperat\u00f6rer samlar Loomjet in icke-personligt identifierande information av den typ som webbl\u00e4sare och servrar vanligtvis g\u00f6r tillg\u00e4ngliga, s\u00e5som webbl\u00e4sartyp, spr\u00e5kinst\u00e4llning, referenswebbplats och datum och tid f\u00f6r varje bes\u00f6ksbeg\u00e4ran. Loomjets syfte med att samla in icke-personligt identifierande information \u00e4r att b\u00e4ttre f\u00f6rst\u00e5 hur Loomjets bes\u00f6kare anv\u00e4nder dess webbplats. D\u00e5 och d\u00e5 kan Loomjet sl\u00e4ppa information som inte \u00e4r personligt identifierande, t.ex. genom att publicera en rapport om trender i anv\u00e4ndningen av sin webbplats.<\/div>\n<div>Loomjet samlar ocks\u00e5 in potentiellt personligt identifierande information som Internet Protocol (IP)-adresser f\u00f6r inloggade anv\u00e4ndare och f\u00f6r anv\u00e4ndare som l\u00e4mnar kommentarer p\u00e5 https:\/\/loomjet.com\/ blogginl\u00e4gg. Loomjet avsl\u00f6jar endast inloggade anv\u00e4ndares och kommentatorers IP-adresser under samma omst\u00e4ndigheter som de anv\u00e4nder och avsl\u00f6jar personligt identifierande information som beskrivs nedan.<\/div>\n<div>\u00a0<\/div>\n<div>\u2013 Insamling av personligt identifierande information<\/div>\n<div>Vissa bes\u00f6kare p\u00e5 Loomjets webbplatser v\u00e4ljer att interagera med Loomjet p\u00e5 s\u00e4tt som kr\u00e4ver att Loomjet samlar in personligt identifierande information. M\u00e4ngden och typen av information som Loomjet samlar in beror p\u00e5 interaktionens karakt\u00e4r. Till exempel ber vi bes\u00f6kare som registrerar sig f\u00f6r en blogg p\u00e5 https:\/\/loomjet.com\/ att ange ett anv\u00e4ndarnamn och e-postadress.<\/div>\n<div>\u00a0<\/div>\n<div>- S\u00e4kerhet<\/div>\n<div>S\u00e4kerheten f\u00f6r din personliga information \u00e4r viktig f\u00f6r oss, men kom ih\u00e5g att ingen metod f\u00f6r \u00f6verf\u00f6ring \u00f6ver Internet, eller metod f\u00f6r elektronisk lagring \u00e4r 100% s\u00e4ker. \u00c4ven om vi str\u00e4var efter att anv\u00e4nda kommersiellt acceptabla metoder f\u00f6r att skydda din personliga information, kan vi inte garantera dess absoluta s\u00e4kerhet.<\/div>\n<div>\u00a0<\/div>\n<div>\u2013 Annonser<\/div>\n<div>Annonser som visas p\u00e5 v\u00e5r webbplats kan levereras till anv\u00e4ndare av reklampartner, som kan s\u00e4tta cookies. Dessa cookies till\u00e5ter annonsservern att k\u00e4nna igen din dator varje g\u00e5ng de skickar en onlineannons till dig f\u00f6r att sammanst\u00e4lla information om dig eller andra som anv\u00e4nder din dator. Denna information g\u00f6r det m\u00f6jligt f\u00f6r annonsn\u00e4tverk att bland annat leverera riktade annonser som de tror kommer att vara av st\u00f6rst intresse f\u00f6r dig. Denna sekretesspolicy t\u00e4cker anv\u00e4ndningen av cookies av Loomjet och t\u00e4cker inte anv\u00e4ndningen av cookies av n\u00e5gon annons\u00f6r.<\/div>\n<div>\u00a0<\/div>\n<div>\u00a0<\/div>\n<div>\u2013 L\u00e4nkar till externa webbplatser<\/div>\n<div>V\u00e5r tj\u00e4nst kan inneh\u00e5lla l\u00e4nkar till externa webbplatser som inte drivs av oss. Om du klickar p\u00e5 en tredje parts l\u00e4nk kommer du att dirigeras till den tredje parts webbplats. Vi rekommenderar starkt att du l\u00e4ser sekretesspolicyn och villkoren f\u00f6r varje webbplats du bes\u00f6ker.<\/div>\n<div>Vi har ingen kontroll \u00f6ver, och tar inget ansvar f\u00f6r inneh\u00e5llet, integritetspolicyn eller praxis p\u00e5 tredje parts webbplatser, produkter eller tj\u00e4nster.<\/div>\n<div>\u00a0<\/div>\n<div>\u2013 Https:\/\/loomjet.com\/ anv\u00e4nder Google AdWords f\u00f6r remarketing<\/div>\n<div>Https:\/\/loomjet.com\/ anv\u00e4nder remarketingtj\u00e4nsterna f\u00f6r att annonsera p\u00e5 tredje parts webbplatser (inklusive Google) f\u00f6r tidigare bes\u00f6kare p\u00e5 v\u00e5r webbplats. Det kan inneb\u00e4ra att vi annonserar till tidigare bes\u00f6kare som inte har slutf\u00f6rt en uppgift p\u00e5 v\u00e5r sida, till exempel genom att anv\u00e4nda kontaktformul\u00e4ret f\u00f6r att g\u00f6ra en f\u00f6rfr\u00e5gan. Detta kan vara i form av en annons p\u00e5 Googles s\u00f6kresultatsida eller en webbplats i Googles Display-n\u00e4tverk. Tredjepartsleverant\u00f6rer, inklusive Google, anv\u00e4nder cookies f\u00f6r att visa annonser baserat p\u00e5 n\u00e5gons tidigare bes\u00f6k. Naturligtvis kommer all data som samlas in att anv\u00e4ndas i enlighet med v\u00e5r egen integritetspolicy och Googles integritetspolicy.<\/div>\n<div>Du kan st\u00e4lla in inst\u00e4llningar f\u00f6r hur Google annonserar f\u00f6r dig med hj\u00e4lp av sidan Googles annonspreferenser, och om du vill kan du v\u00e4lja bort intressebaserad annonsering helt och h\u00e5llet genom cookie-inst\u00e4llningar eller permanent med hj\u00e4lp av en webbl\u00e4sarplugin.<\/div>\n<div>\u00a0<\/div>\n<div>\u00a0<\/div>\n<div>\u2013 Aggregerad statistik<\/div>\n<div>Loomjet kan samla in statistik om beteendet hos bes\u00f6kare p\u00e5 sin webbplats. Loomjet kan visa denna information offentligt eller tillhandah\u00e5lla den till andra. Loomjet avsl\u00f6jar dock inte din personligt identifierande information.<\/div>\n<div>\u00a0<\/div>\n<div>\u2013 Affiliate Disclosure<\/div>\n<div>Denna webbplats anv\u00e4nder affiliate-l\u00e4nkar och tj\u00e4nar en provision fr\u00e5n vissa l\u00e4nkar. Detta p\u00e5verkar inte dina ink\u00f6p eller priset du kan betala.<\/div>\n<div>\u00a0<\/div>\n<div>\u2013 Kakor<\/div>\n<div>F\u00f6r att berika och full\u00e4nda din onlineupplevelse anv\u00e4nder Loomjet &quot;cookies&quot;, liknande tekniker och tj\u00e4nster som tillhandah\u00e5lls av andra f\u00f6r att visa personligt inneh\u00e5ll, l\u00e4mplig reklam och lagra dina preferenser p\u00e5 din dator.<\/div>\n<div>En cookie \u00e4r en rad information som en webbplats lagrar p\u00e5 en bes\u00f6kares dator, och som bes\u00f6karens webbl\u00e4sare tillhandah\u00e5ller till webbplatsen varje g\u00e5ng bes\u00f6karen \u00e5terv\u00e4nder. Loomjet anv\u00e4nder cookies f\u00f6r att hj\u00e4lpa Loomjet att identifiera och sp\u00e5ra bes\u00f6kare, deras anv\u00e4ndning av https:\/\/loomjet.com\/ och deras preferenser f\u00f6r webbplats\u00e5tkomst. Loomjet-bes\u00f6kare som inte vill ha cookies placerade p\u00e5 sina datorer b\u00f6r st\u00e4lla in sina webbl\u00e4sare p\u00e5 att v\u00e4gra cookies innan de anv\u00e4nder Loomjets webbplatser, med nackdelen att vissa funktioner p\u00e5 Loomjets webbplatser kanske inte fungerar korrekt utan hj\u00e4lp av cookies.<\/div>\n<div>Genom att forts\u00e4tta att navigera p\u00e5 v\u00e5r webbplats utan att \u00e4ndra dina cookieinst\u00e4llningar, godk\u00e4nner och samtycker du h\u00e4rmed till Loomjets anv\u00e4ndning av cookies.<\/div>\n<div>\u00a0<\/div>\n<div>\u2013 E-handel<\/div>\n<div>De som deltar i transaktioner med Loomjet \u2013 genom att k\u00f6pa Loomjets tj\u00e4nster eller produkter, uppmanas att tillhandah\u00e5lla ytterligare information, inklusive vid behov den personliga och finansiella information som kr\u00e4vs f\u00f6r att behandla dessa transaktioner. I varje fall samlar Loomjet in s\u00e5dan information endast i den m\u00e5n det \u00e4r n\u00f6dv\u00e4ndigt eller l\u00e4mpligt f\u00f6r att uppfylla syftet med bes\u00f6karens interaktion med Loomjet. Loomjet avsl\u00f6jar inte personligt identifierande information annat \u00e4n vad som beskrivs nedan. Och bes\u00f6kare kan alltid v\u00e4gra att tillhandah\u00e5lla personligt identifierande information, med den varningen att det kan hindra dem fr\u00e5n att delta i vissa webbplatsrelaterade aktiviteter.<\/div>\n<div>\u00a0<\/div>\n<div>\u2013 F\u00f6retags\u00f6verl\u00e5telser<\/div>\n<div>Om Loomjet, eller i stort sett alla dess tillg\u00e5ngar, f\u00f6rv\u00e4rvades, eller i den osannolika h\u00e4ndelse att Loomjet g\u00e5r i konkurs eller g\u00e5r i konkurs, skulle anv\u00e4ndarinformation vara en av tillg\u00e5ngarna som \u00f6verf\u00f6rs eller f\u00f6rv\u00e4rvas av en tredje part. Du accepterar att s\u00e5dana \u00f6verf\u00f6ringar kan f\u00f6rekomma, och att alla f\u00f6rv\u00e4rvare av Loomjet kan forts\u00e4tta att anv\u00e4nda din personliga information enligt vad som anges i denna policy.<\/div>\n<div>\u00a0<\/div>\n<div>\u00c4ndringar av sekretesspolicyn<\/div>\n<div>\u00c4ven om de flesta \u00e4ndringar sannolikt kommer att vara mindre, kan Loomjet \u00e4ndra sin integritetspolicy d\u00e5 och d\u00e5 och efter Loomjets eget gottfinnande. Loomjet uppmuntrar bes\u00f6kare att regelbundet kontrollera denna sida f\u00f6r eventuella \u00e4ndringar i dess sekretesspolicy. Din fortsatta anv\u00e4ndning av denna webbplats efter varje \u00e4ndring i denna integritetspolicy kommer att utg\u00f6ra ditt godk\u00e4nnande av en s\u00e5dan \u00e4ndring.<\/div>\n<div>\u00a0<\/div>\n<div>\u00a0<\/div>","protected":false},"excerpt":{"rendered":"<p>Privacy &amp; Policy Welcome to our Privacy Policy &#8212; Your privacy is critically important to us. Loomjet is located at: \u00a0 Loomjet 2803 Philadelphia Pike Suite B #437 DELAWARE, united states 2163524390 It is Loomjet&#8217;s policy to respect your privacy regarding any information we may collect while operating our website. This Privacy Policy applies to [&#8230;]","protected":false},"author":1,"featured_media":0,"parent":0,"menu_order":0,"comment_status":"closed","ping_status":"closed","template":"","meta":{"footnotes":""},"class_list":["post-125","page","type-page","status-publish","hentry"],"_links":{"self":[{"href":"https:\/\/loomjet.com\/sv\/wp-json\/wp\/v2\/pages\/125"}],"collection":[{"href":"https:\/\/loomjet.com\/sv\/wp-json\/wp\/v2\/pages"}],"about":[{"href":"https:\/\/loomjet.com\/sv\/wp-json\/wp\/v2\/types\/page"}],"author":[{"embeddable":true,"href":"https:\/\/loomjet.com\/sv\/wp-json\/wp\/v2\/users\/1"}],"replies":[{"embeddable":true,"href":"https:\/\/loomjet.com\/sv\/wp-json\/wp\/v2\/comments?post=125"}],"version-history":[{"count":0,"href":"https:\/\/loomjet.com\/sv\/wp-json\/wp\/v2\/pages\/125\/revisions"}],"wp:attachment":[{"href":"https:\/\/loomjet.com\/sv\/wp-json\/wp\/v2\/media?parent=125"}],"curies":[{"name":"wp","href":"https:\/\/api.w.org\/{rel}","templated":true}]}}