{"id":130,"date":"2020-01-20T19:29:24","date_gmt":"2020-01-20T19:29:24","guid":{"rendered":"https:\/\/loomjet.com\/?page_id=130"},"modified":"2020-05-17T22:55:10","modified_gmt":"2020-05-17T22:55:10","slug":"terms-conditions","status":"publish","type":"page","link":"https:\/\/loomjet.com\/sv\/terms-conditions\/","title":{"rendered":"TERMS &#038; CONDITIONS"},"content":{"rendered":"<h2>ALLM\u00c4NNA VILLKOR<\/h2>\n<p>\u00a0<\/p>\n<div>V\u00e4lkommen till loomjet<\/div>\n<div>Dessa villkor beskriver reglerna och reglerna f\u00f6r anv\u00e4ndningen av loomjets webbplats.\u00a0\u00a0<\/div>\n<div>loomjet finns p\u00e5:\u00a0<\/div>\n<div>2803 Philadelphia Pike Suite B #437, Claymont 19703 \u2013 DELAWARE, USA<\/div>\n<div>\u00a0<\/div>\n<div>Genom att g\u00e5 in p\u00e5 denna webbplats antar vi att du accepterar dessa villkor till fullo. Forts\u00e4tt inte att anv\u00e4nda loomjets webbplats\u00a0<\/div>\n<div>om du inte accepterar alla villkor som anges p\u00e5 denna sida.<\/div>\n<div>F\u00f6ljande terminologi g\u00e4ller f\u00f6r dessa villkor, sekretesspolicy och friskrivningsmeddelande<\/div>\n<div>och n\u00e5got eller alla avtal: &quot;Kund&quot;, &quot;Du&quot; och &quot;Din&quot; h\u00e4nvisar till dig, den person som g\u00e5r in p\u00e5 denna webbplats<\/div>\n<div>och accepterar f\u00f6retagets villkor. &quot;F\u00f6retaget&quot;, &quot;Oss sj\u00e4lva&quot;, &quot;Vi&quot;, &quot;V\u00e5ra&quot; och &quot;Oss&quot;, syftar p\u00e5<\/div>\n<div>till v\u00e5rt f\u00f6retag. &quot;Parti&quot;, &quot;Parter&quot; eller &quot;Oss&quot;, avser b\u00e5de kunden och oss sj\u00e4lva, eller antingen kunden<\/div>\n<div>eller oss sj\u00e4lva. Alla villkor avser det erbjudande, acceptans och betalningsvederlag som kr\u00e4vs f\u00f6r att \u00e5ta sig<\/div>\n<div>processen f\u00f6r v\u00e5r assistans till kunden p\u00e5 det mest l\u00e4mpliga s\u00e4ttet, oavsett om det sker genom formella m\u00f6ten<\/div>\n<div>av en best\u00e4md varaktighet, eller p\u00e5 n\u00e5got annat s\u00e4tt, i det uttryckliga syftet att tillgodose Kundens behov i respekt<\/div>\n<div>tillhandah\u00e5llande av f\u00f6retagets angivna tj\u00e4nster\/produkter, i enlighet med och med f\u00f6rbeh\u00e5ll f\u00f6r g\u00e4llande lag<\/div>\n<div>av F\u00f6renta staterna. All anv\u00e4ndning av ovanst\u00e5ende terminologi eller andra ord i singular, plural,<\/div>\n<div>versaler och\/eller han\/hon eller de, tas som utbytbara och h\u00e4nvisar d\u00e4rf\u00f6r till samma. Cookies<\/div>\n<div>Vi anv\u00e4nder oss av cookies. Genom att anv\u00e4nda loomjets webbplats samtycker du till anv\u00e4ndningen av cookies\u00a0<\/div>\n<div>i enlighet med loomjets sekretesspolicy. De flesta av moderna interaktiva webbplatser<\/div>\n<div>anv\u00e4nda cookies f\u00f6r att vi ska kunna h\u00e4mta anv\u00e4ndarinformation f\u00f6r varje bes\u00f6k. Cookies anv\u00e4nds i vissa delar av v\u00e5r webbplats<\/div>\n<div>f\u00f6r att m\u00f6jligg\u00f6ra det h\u00e4r omr\u00e5dets funktionalitet och anv\u00e4ndarv\u00e4nlighet f\u00f6r de personer som bes\u00f6ker. N\u00e5gra av v\u00e5ra\u00a0<\/div>\n<div>affiliate\/reklampartner kan ocks\u00e5 anv\u00e4nda cookies.License<\/div>\n<div>Om inte annat anges \u00e4ger loomjet och\/eller dess licensgivare de immateriella r\u00e4ttigheterna f\u00f6r<\/div>\n<div>allt material p\u00e5 loomjet. Alla immateriella r\u00e4ttigheter \u00e4r reserverade. Du kan se och\/eller skriva ut<\/div>\n<div>sidor fr\u00e5n https:\/\/loomjet.com\/ f\u00f6r ditt eget personliga bruk med f\u00f6rbeh\u00e5ll f\u00f6r begr\u00e4nsningar som anges i dessa villkor.<\/div>\n<div>Du f\u00e5r inte:<\/div>\n<div>\u00a0<\/div>\n<div>\u00c5terpublicera material fr\u00e5n https:\/\/loomjet.com\/<\/div>\n<div>S\u00e4lj, hyr ut eller underlicensiera material fr\u00e5n https:\/\/loomjet.com\/<\/div>\n<div>Reproducera, duplicera eller kopiera material fr\u00e5n https:\/\/loomjet.com\/<\/div>\n<div>\u00a0<\/div>\n<div>Omf\u00f6rdela inneh\u00e5ll fr\u00e5n loomjet (s\u00e5vida inte inneh\u00e5llet \u00e4r specifikt gjort f\u00f6r vidaredistribution).<\/div>\n<div>Hyperl\u00e4nkar till v\u00e5rt inneh\u00e5ll<\/div>\n<div>\u00a0<\/div>\n<div>F\u00f6ljande organisationer kan l\u00e4nka till v\u00e5r webbplats utan f\u00f6reg\u00e5ende skriftligt godk\u00e4nnande:<\/div>\n<div>\u00a0<\/div>\n<div>Statliga myndigheter;<\/div>\n<div>S\u00f6kmotorer;<\/div>\n<div>Nyhetsorganisationer;<\/div>\n<div>Onlinekatalogdistribut\u00f6rer n\u00e4r de listar oss i katalogen kan l\u00e4nka till v\u00e5r webbplats i samma<\/div>\n<div>s\u00e4tt n\u00e4r de hyperl\u00e4nkar till webbplatser f\u00f6r andra listade f\u00f6retag; och<\/div>\n<div>Systemomfattande ackrediterade f\u00f6retag utom v\u00e4rvning av ideella organisationer, k\u00f6pcentrum f\u00f6r v\u00e4lg\u00f6renhet,<\/div>\n<div>och v\u00e4lg\u00f6renhetsinsamlingsgrupper som kanske inte hyperl\u00e4nkar till v\u00e5r webbplats.<\/div>\n<div>\u00a0<\/div>\n<div>\u00a0<\/div>\n<div>\u00a0<\/div>\n<div>\u00a0<\/div>\n<div>Dessa organisationer kan l\u00e4nka till v\u00e5r hemsida, till publikationer eller till annan webbplatsinformation s\u00e5 l\u00e4nge<\/div>\n<div>som l\u00e4nken: (a) \u00e4r inte p\u00e5 n\u00e5got s\u00e4tt vilseledande; (b) inte felaktigt antyder sponsring, st\u00f6d eller<\/div>\n<div>godk\u00e4nnande av den l\u00e4nkande parten och dess produkter eller tj\u00e4nster; och (c) passar in i sammanhanget f\u00f6r l\u00e4nkningen<\/div>\n<div>partiets sida.<\/div>\n<div>\u00a0<\/div>\n<div>Vi kan \u00f6verv\u00e4ga och godk\u00e4nna efter eget gottfinnande andra l\u00e4nkf\u00f6rfr\u00e5gningar fr\u00e5n f\u00f6ljande typer av organisationer:<\/div>\n<div>\u00a0<\/div>\n<div>allm\u00e4nt k\u00e4nda konsument- och\/eller aff\u00e4rsinformationsk\u00e4llor som handelskammare, amerikanska<\/div>\n<div>Automobile Association, AARP och Consumers Union;<\/div>\n<div>dot.com community-webbplatser;<\/div>\n<div>f\u00f6reningar eller andra grupper som representerar v\u00e4lg\u00f6renhetsorganisationer, inklusive webbplatser som ger v\u00e4lg\u00f6renhet,<\/div>\n<div>onlinekatalogdistribut\u00f6rer;<\/div>\n<div>Internetportaler;<\/div>\n<div>redovisnings-, juridik- och konsultf\u00f6retag vars prim\u00e4ra kunder \u00e4r f\u00f6retag; och<\/div>\n<div>utbildningsinstitutioner och branschorganisationer.<\/div>\n<div>\u00a0<\/div>\n<div>\u00a0<\/div>\n<div>\u00a0<\/div>\n<div>Vi kommer att godk\u00e4nna l\u00e4nkf\u00f6rfr\u00e5gningar fr\u00e5n dessa organisationer om vi fastst\u00e4ller att: (a) l\u00e4nken inte skulle \u00e5terspegla<\/div>\n<div>ogynnsamt f\u00f6r oss eller v\u00e5ra ackrediterade f\u00f6retag (till exempel branschorganisationer eller andra organisationer<\/div>\n<div>som representerar i sig misst\u00e4nkta typer av f\u00f6retag, s\u00e5som m\u00f6jligheter att arbeta hemma, ska inte till\u00e5tas<\/div>\n<div>att l\u00e4nka); (b)organisationen inte har ett otillfredsst\u00e4llande resultat hos oss; (c) f\u00f6rdelen f\u00f6r oss fr\u00e5n<\/div>\n<div>synligheten i samband med hyperl\u00e4nken uppv\u00e4ger fr\u00e5nvaron av loomjet; och (d) d\u00e4r<\/div>\n<div>l\u00e4nken \u00e4r i samband med allm\u00e4n resursinformation eller \u00e4r p\u00e5 annat s\u00e4tt f\u00f6renlig med redaktionellt inneh\u00e5ll<\/div>\n<div>i ett nyhetsbrev eller liknande produkt som fr\u00e4mjar organisationens uppdrag.<\/div>\n<div>\u00a0<\/div>\n<div>Dessa organisationer kan l\u00e4nka till v\u00e5r hemsida, till publikationer eller till annan webbplatsinformation s\u00e5 l\u00e4nge som<\/div>\n<div>l\u00e4nken: (a) \u00e4r inte p\u00e5 n\u00e5got s\u00e4tt vilseledande; (b) inte felaktigt antyder sponsring, st\u00f6d eller godk\u00e4nnande<\/div>\n<div>av den l\u00e4nkande parten och dess produkter eller tj\u00e4nster; och (c) passar inom ramen f\u00f6r den l\u00e4nkande partens<\/div>\n<div>webbplats.<\/div>\n<div>\u00a0<\/div>\n<div>Om du \u00e4r bland de organisationer som anges i punkt 2 ovan och \u00e4r intresserad av att l\u00e4nka till v\u00e5r webbplats,<\/div>\n<div>du m\u00e5ste meddela oss genom att skicka ett e-postmeddelande till info@loomjet.com.<\/div>\n<div>V\u00e4nligen inkludera ditt namn, din organisations namn, kontaktinformation (som telefonnummer och\/eller e-post).<\/div>\n<div>adress) samt webbadressen till din webbplats, en lista \u00f6ver alla webbadresser fr\u00e5n vilka du t\u00e4nker l\u00e4nka till v\u00e5r webbplats,<\/div>\n<div>och en lista \u00f6ver webbadresserna p\u00e5 v\u00e5r webbplats som du vill l\u00e4nka till. V\u00e4nta 2-3 veckor f\u00f6r svar.<\/div>\n<div>\u00a0<\/div>\n<div>Godk\u00e4nda organisationer kan hyperl\u00e4nka till v\u00e5r webbplats enligt f\u00f6ljande:<\/div>\n<div>\u00a0<\/div>\n<div>\u00a0<\/div>\n<div>Genom att anv\u00e4nda v\u00e5rt f\u00f6retagsnamn; eller<\/div>\n<div>Genom att anv\u00e4nda den enhetliga resurslokaliseraren (webbadress) som \u00e4r l\u00e4nkad till; eller<\/div>\n<div>Genom att anv\u00e4nda n\u00e5gon annan beskrivning av v\u00e5r webbplats eller material som l\u00e4nkas till som \u00e4r meningsfullt inom<\/div>\n<div>sammanhang och format f\u00f6r inneh\u00e5llet p\u00e5 den l\u00e4nkande partens webbplats.<\/div>\n<div>\u00a0<\/div>\n<div>Ingen anv\u00e4ndning av loomjets logotyp eller andra konstverk kommer att till\u00e5tas f\u00f6r l\u00e4nkning utan varum\u00e4rkeslicens<\/div>\n<div>avtal.<\/div>\n<div>Iframes<\/div>\n<div>Utan f\u00f6reg\u00e5ende godk\u00e4nnande och uttryckligt skriftligt tillst\u00e5nd f\u00e5r du inte skapa ramar runt v\u00e5ra webbsidor eller<\/div>\n<div>anv\u00e4nda andra tekniker som p\u00e5 n\u00e5got s\u00e4tt f\u00f6r\u00e4ndrar den visuella presentationen eller utseendet p\u00e5 v\u00e5r webbplats.<\/div>\n<div>F\u00f6rbeh\u00e5ll av r\u00e4ttigheter<\/div>\n<div>Vi f\u00f6rbeh\u00e5ller oss r\u00e4tten att n\u00e4r som helst och efter eget gottfinnande beg\u00e4ra att du tar bort alla l\u00e4nkar eller n\u00e5got s\u00e4rskilt<\/div>\n<div>l\u00e4nk till v\u00e5r webbplats. Du samtycker till att omedelbart ta bort alla l\u00e4nkar till v\u00e5r webbplats p\u00e5 s\u00e5dan beg\u00e4ran. Vi ocks\u00e5<\/div>\n<div>f\u00f6rbeh\u00e5ller sig r\u00e4tten att n\u00e4r som helst \u00e4ndra dessa villkor och dess l\u00e4nkpolicy. Genom att forts\u00e4tta<\/div>\n<div>f\u00f6r att l\u00e4nka till v\u00e5r webbplats samtycker du till att vara bunden till och f\u00f6lja dessa l\u00e4nkningsvillkor.<\/div>\n<div>Borttagning av l\u00e4nkar fr\u00e5n v\u00e5r webbplats<\/div>\n<div>Om du finner n\u00e5gon l\u00e4nk p\u00e5 v\u00e5r webbplats eller n\u00e5gon l\u00e4nkad webbplats som \u00e4r st\u00f6tande av n\u00e5gon anledning, kan du kontakta<\/div>\n<div>oss om detta. Vi kommer att \u00f6verv\u00e4ga f\u00f6rfr\u00e5gningar om att ta bort l\u00e4nkar men har ingen skyldighet att g\u00f6ra det eller att svara<\/div>\n<div>direkt till dig.<\/div>\n<div>\u00c4ven om vi str\u00e4var efter att s\u00e4kerst\u00e4lla att informationen p\u00e5 denna webbplats \u00e4r korrekt, garanterar vi inte att den \u00e4r fullst\u00e4ndig<\/div>\n<div>eller noggrannhet; Vi f\u00f6rbinder oss inte heller att s\u00e4kerst\u00e4lla att webbplatsen f\u00f6rblir tillg\u00e4nglig eller att materialet p\u00e5<\/div>\n<div>hemsidan h\u00e5lls uppdaterad.<\/div>\n<div>Inneh\u00e5llsansvar<\/div>\n<div>Vi har inget ansvar eller ansvar f\u00f6r n\u00e5got inneh\u00e5ll som visas p\u00e5 din webbplats. Du samtycker till att gottg\u00f6ra<\/div>\n<div>och f\u00f6rsvara oss mot alla anspr\u00e5k som h\u00e4rr\u00f6r fr\u00e5n eller baserat p\u00e5 din webbplats. Ingen l\u00e4nk(ar) f\u00e5r visas p\u00e5 n\u00e5gon<\/div>\n<div>sida p\u00e5 din webbplats eller i n\u00e5got sammanhang som inneh\u00e5ller inneh\u00e5ll eller material som kan tolkas som<\/div>\n<div>\u00e4rekr\u00e4nkande, obscent eller kriminell, eller som g\u00f6r intr\u00e5ng, p\u00e5 annat s\u00e4tt kr\u00e4nker eller f\u00f6respr\u00e5kar intr\u00e5nget eller<\/div>\n<div>annan kr\u00e4nkning av tredje parts r\u00e4ttigheter.<\/div>\n<div>varning<\/div>\n<div>I den maximala utstr\u00e4ckning som till\u00e5ts enligt till\u00e4mplig lag, utesluter vi alla representationer, garantier och villkor relaterade till v\u00e5r webbplats och anv\u00e4ndningen av denna webbplats (inklusive, utan begr\u00e4nsning, alla garantier som f\u00f6ljer av lag med avseende p\u00e5 tillfredsst\u00e4llande kvalitet, l\u00e4mplighet f\u00f6r \u00e4ndam\u00e5let och\/eller anv\u00e4ndandet av rimlig omsorg och skicklighet). Ingenting i denna ansvarsfriskrivning kommer att:<\/div>\n<div>\u00a0<\/div>\n<div>begr\u00e4nsa eller utesluta v\u00e5rt eller ditt ansvar f\u00f6r d\u00f6dsfall eller personskada till f\u00f6ljd av v\u00e5rdsl\u00f6shet;<\/div>\n<div>begr\u00e4nsa eller utesluta v\u00e5rt eller ditt ansvar f\u00f6r bedr\u00e4geri eller bedr\u00e4glig felaktig framst\u00e4llning;<\/div>\n<div>begr\u00e4nsa n\u00e5got av v\u00e5rt eller ditt ansvar p\u00e5 n\u00e5got s\u00e4tt som inte \u00e4r till\u00e5tet enligt till\u00e4mplig lag; eller<\/div>\n<div>utesluta n\u00e5got av v\u00e5rt eller dina ansvar som kanske inte \u00e4r undantagna enligt till\u00e4mplig lag.<\/div>\n<div>\u00a0<\/div>\n<div>Begr\u00e4nsningarna och undantagen fr\u00e5n ansvar som anges i detta avsnitt och p\u00e5 andra st\u00e4llen i denna ansvarsfriskrivning: (a)<\/div>\n<div>omfattas av f\u00f6reg\u00e5ende stycke; och (b) reglerar alla skulder som uppst\u00e5r under ansvarsfriskrivningen eller<\/div>\n<div>i f\u00f6rh\u00e5llande till f\u00f6rem\u00e5let f\u00f6r denna ansvarsfriskrivning, inklusive skulder som uppst\u00e5r i kontrakt, i skadest\u00e5nd<\/div>\n<div>(inklusive v\u00e5rdsl\u00f6shet) och f\u00f6r brott mot lagstadgad skyldighet.<\/div>\n<div>I den m\u00e5n webbplatsen och informationen och tj\u00e4nsterna p\u00e5 webbplatsen tillhandah\u00e5lls kostnadsfritt,<\/div>\n<div>vi kommer inte att h\u00e5llas ansvariga f\u00f6r n\u00e5gon f\u00f6rlust eller skada av n\u00e5got slag.<\/div>\n<div>\u00a0<\/div>","protected":false},"excerpt":{"rendered":"<p>TERMS &amp; CONDITIONS \u00a0 Welcome to loomjet These terms and conditions outline the rules and regulations for the use of loomjet&#8217;s Website.\u00a0\u00a0 loomjet is located at:\u00a0 2803 Philadelphia Pike Suite B #437, Claymont 19703 &#8211; DELAWARE , United states \u00a0 By accessing this website we assume you accept these terms and conditions in full. Do [&#8230;]","protected":false},"author":1,"featured_media":0,"parent":0,"menu_order":0,"comment_status":"closed","ping_status":"closed","template":"","meta":{"footnotes":""},"class_list":["post-130","page","type-page","status-publish","hentry"],"_links":{"self":[{"href":"https:\/\/loomjet.com\/sv\/wp-json\/wp\/v2\/pages\/130"}],"collection":[{"href":"https:\/\/loomjet.com\/sv\/wp-json\/wp\/v2\/pages"}],"about":[{"href":"https:\/\/loomjet.com\/sv\/wp-json\/wp\/v2\/types\/page"}],"author":[{"embeddable":true,"href":"https:\/\/loomjet.com\/sv\/wp-json\/wp\/v2\/users\/1"}],"replies":[{"embeddable":true,"href":"https:\/\/loomjet.com\/sv\/wp-json\/wp\/v2\/comments?post=130"}],"version-history":[{"count":0,"href":"https:\/\/loomjet.com\/sv\/wp-json\/wp\/v2\/pages\/130\/revisions"}],"wp:attachment":[{"href":"https:\/\/loomjet.com\/sv\/wp-json\/wp\/v2\/media?parent=130"}],"curies":[{"name":"wp","href":"https:\/\/api.w.org\/{rel}","templated":true}]}}