{"id":214,"date":"2020-01-21T19:50:30","date_gmt":"2020-01-21T19:50:30","guid":{"rendered":"https:\/\/loomjet.com\/?page_id=214"},"modified":"2022-05-14T12:18:12","modified_gmt":"2022-05-14T12:18:12","slug":"shipping-delivery","status":"publish","type":"page","link":"https:\/\/loomjet.com\/sv\/shipping-delivery\/","title":{"rendered":"Shipping &#038; Delivery"},"content":{"rendered":"<h2>Frakt<\/h2>\n<section data-id=\"b02087d\" data-element_type=\"section\">\n<h3>GRATIS FRAKT<\/h3>\n<p>Vi behandlar best\u00e4llningar mellan m\u00e5ndag och fredag. Best\u00e4llningar kommer att behandlas inom 3 arbetsdagar efter best\u00e4llning och skickas n\u00e4sta dag efter bearbetningsdagen. Observera att vi inte skickar p\u00e5 helger.<\/p>\n<p><strong>L\u00e4nder vi kan skicka till:<\/strong><\/p>\n<p>Absolut, vi kan skicka \u00f6ver hela v\u00e4rlden.<\/p>\n<p>USA \u00e4r v\u00e5r huvudkund, f\u00f6rutom detta land har vi kunder fr\u00e5n Kanada, Storbritannien, Australien, \u00d6sterrike, Norge, Frankrike, Tyskland, Saudiarabien, Ryssland, Ukraina, Hong Kong, Korea, Malaysia, Singapore, Turkiet, Belgien, Schweiz, Danmark, Ungern, Italien, Luxemburg, Nya Zeeland, Nederl\u00e4nderna, Polen, Spanien, Japan, Finland, Irland, Brasilien, Mexiko, Portugal, Thailand, Sverige etc.<\/p>\n<p><strong>Den ungef\u00e4rliga leveranstiden \u00f6verensst\u00e4mmer med varje land:<\/strong><\/p>\n<p>USA: Du kan f\u00f6rv\u00e4nta dig att ditt paket kommer inom 7-15 arbetsdagar.<\/p>\n<p>\u00d6vrigt: 10-20 arbetsdagar.<\/p>\n<p><strong>*Observera att dessa endast \u00e4r ber\u00e4knade leveranstider, d\u00e4rf\u00f6r garanterar inte Loomjet.com leveransdatum.<\/strong><\/p>\n<p>Se till att all leveransinformation \u00e4r korrekt. Om det finns felaktig och\/eller saknad information kan vi beh\u00f6va kontakta dig f\u00f6r att uppdatera leveransinformationen, vilket kan orsaka f\u00f6rseningar i leveransen av din best\u00e4llning. F\u00f6rseningar kan \u00e4ven uppst\u00e5 till f\u00f6ljd av tullklarering.<\/p>\n<p>Ditt lokala tullkontor kan kr\u00e4va ytterligare dokument och tid f\u00f6r att klara ditt paket, vilket kan f\u00f6rsena den ber\u00e4knade leveranstiden.\u00a0<\/p>\n<p>Din best\u00e4llning kan levereras till dig antingen av det lokala postkontoret eller en lokal kurir. Beroende p\u00e5 ditt omr\u00e5de kommer de flesta best\u00e4llningar att levereras av din lokala posttj\u00e4nst, s\u00e5 paketet kommer att tas emot med din vanliga post. Om du inte \u00e4r hemma n\u00e4r leveransen g\u00f6rs kan ett anslagskort l\u00e4mnas av posten f\u00f6r att ge r\u00e5d om hur och var din leverans kan h\u00e4mtas.<\/p>\n<p><strong>V\u00e4nligen fyll i din adress i alla detaljer, annars kommer paketet vi postar till dig att returneras till oss, eller s\u00e5 ignorerar vi bara din beg\u00e4ran f\u00f6r att bespara alla besv\u00e4ret.\u00a0<\/strong><\/p>\n<\/section>","protected":false},"excerpt":{"rendered":"","protected":false},"author":1,"featured_media":0,"parent":0,"menu_order":0,"comment_status":"closed","ping_status":"closed","template":"","meta":{"footnotes":""},"class_list":["post-214","page","type-page","status-publish","hentry"],"_links":{"self":[{"href":"https:\/\/loomjet.com\/sv\/wp-json\/wp\/v2\/pages\/214"}],"collection":[{"href":"https:\/\/loomjet.com\/sv\/wp-json\/wp\/v2\/pages"}],"about":[{"href":"https:\/\/loomjet.com\/sv\/wp-json\/wp\/v2\/types\/page"}],"author":[{"embeddable":true,"href":"https:\/\/loomjet.com\/sv\/wp-json\/wp\/v2\/users\/1"}],"replies":[{"embeddable":true,"href":"https:\/\/loomjet.com\/sv\/wp-json\/wp\/v2\/comments?post=214"}],"version-history":[{"count":0,"href":"https:\/\/loomjet.com\/sv\/wp-json\/wp\/v2\/pages\/214\/revisions"}],"wp:attachment":[{"href":"https:\/\/loomjet.com\/sv\/wp-json\/wp\/v2\/media?parent=214"}],"curies":[{"name":"wp","href":"https:\/\/api.w.org\/{rel}","templated":true}]}}