{"id":217,"date":"2020-01-21T19:54:55","date_gmt":"2020-01-21T19:54:55","guid":{"rendered":"https:\/\/loomjet.com\/?page_id=217"},"modified":"2020-05-17T23:59:16","modified_gmt":"2020-05-17T23:59:16","slug":"refund-returns-policy","status":"publish","type":"page","link":"https:\/\/loomjet.com\/sv\/refund-returns-policy\/","title":{"rendered":"REFUND &#038; RETURNS POLICY"},"content":{"rendered":"<h1>Retur- och \u00e5terbetalningspolicy<\/h1>\n<p>Returpolicy<\/p>\n<p>Senast uppdaterad: 17 maj 2020<\/p>\n<p>Tack f\u00f6r att du handlar p\u00e5 loomjet.<\/p>\n<p>Om du av n\u00e5gon anledning inte \u00e4r helt n\u00f6jd med ett k\u00f6p, inbjuder vi dig att granska v\u00e5r policy f\u00f6r \u00e5terbetalningar och returer.\u00a0<\/p>\n<p>F\u00f6ljande villkor g\u00e4ller f\u00f6r alla produkter som du k\u00f6pt hos oss.<\/p>\n<h1>Tolkning och definitioner<\/h1>\n<h2>Tolkning<\/h2>\n<p>Orden vars initiala bokstav \u00e4r versal har betydelser definierade under f\u00f6ljande villkor.<\/p>\n<p>F\u00f6ljande definitioner ska ha samma betydelse oavsett om de f\u00f6rekommer i singular eller plural.<\/p>\n<h2>Definitioner<\/h2>\n<p>F\u00f6r denna retur- och \u00e5terbetalningspolicy:<\/p>\n<ul>\n<li>\n<p><strong>Du<\/strong>\u00a0betyder individen som har \u00e5tkomst till eller anv\u00e4nder Tj\u00e4nsten, eller f\u00f6retaget eller annan juridisk person p\u00e5 uppdrag av vilken s\u00e5dan individ f\u00e5r \u00e5tkomst till eller anv\u00e4nder Tj\u00e4nsten, beroende p\u00e5 vad som \u00e4r till\u00e4mpligt.<\/p>\n<\/li>\n<li>\n<p><strong>F\u00f6retag<\/strong>\u00a0(referat till som antingen &quot;f\u00f6retaget&quot;, &quot;vi&quot;, &quot;oss&quot; eller &quot;v\u00e5rt&quot; i detta avtal) h\u00e4nvisar till ghayat llc, 2803 Philadelphia Pike.<\/p>\n<\/li>\n<li>\n<p><strong>Service<\/strong>\u00a0h\u00e4nvisar till webbplatsen.<\/p>\n<\/li>\n<li>\n<p><strong>Hemsida<\/strong>\u00a0syftar p\u00e5 loomjet, tillg\u00e4nglig fr\u00e5n\u00a0<a href=\"https:\/\/loomjet.com\/sv\/\" target=\"_blank\" rel=\"external nofollow noopener noreferrer\">https:\/\/loomjet.com\/<\/a><\/p>\n<\/li>\n<li>\n<p><strong>Varor<\/strong>\u00a0h\u00e4nvisa till de f\u00f6rem\u00e5l som erbjuds till f\u00f6rs\u00e4ljning p\u00e5 Tj\u00e4nsten.<\/p>\n<\/li>\n<li>\n<p><strong>Order<\/strong>\u00a0betyder en beg\u00e4ran fr\u00e5n dig att k\u00f6pa varor fr\u00e5n oss.<\/p>\n<\/li>\n<\/ul>\n<h1>Dina avbest\u00e4llningsr\u00e4ttigheter<\/h1>\n<p>Du har r\u00e4tt att avbryta din best\u00e4llning inom 3 dagar utan att ange n\u00e5gon anledning till det.<\/p>\n<p>Tidsfristen f\u00f6r att avbryta en best\u00e4llning \u00e4r 3 dagar fr\u00e5n det datum d\u00e5 du mottog varan eller d\u00e5 en tredje part som du har utsett, som inte \u00e4r transport\u00f6r, tar den levererade produkten i besittning.<\/p>\n<p>F\u00f6r att kunna ut\u00f6va din \u00e5ngerr\u00e4tt m\u00e5ste du informera oss om ditt beslut genom ett tydligt uttalande. Du kan informera oss om ditt beslut genom att:<\/p>\n<ul>\n<li>Via e-post: info@loomjet.com<\/li>\n<\/ul>\n<p>Vi kommer att \u00e5terbetala dig senast 14 dagar fr\u00e5n den dag d\u00e5 vi tar emot de returnerade varorna. Vi kommer att anv\u00e4nda samma betalningsmedel som du anv\u00e4nde f\u00f6r best\u00e4llningen, och du kommer inte att ta p\u00e5 dig n\u00e5gra avgifter f\u00f6r s\u00e5dan \u00e5terbetalning.<\/p>\n<h1>Villkor f\u00f6r returer<\/h1>\n<p>F\u00f6r att varorna ska vara kvalificerade f\u00f6r retur, v\u00e4nligen se till att:<\/p>\n<ul>\n<li>Varorna k\u00f6ptes under de senaste 3 dagarna<\/li>\n<li>Varorna \u00e4r i originalf\u00f6rpackningen<\/li>\n<\/ul>\n<p>F\u00f6ljande varor kan inte returneras:<\/p>\n<ul>\n<li>Leverans av varor som \u00e4r gjorda enligt dina specifikationer eller tydligt personliga.<\/li>\n<li>Leverans av varor som enligt sin natur inte \u00e4r l\u00e4mpliga att returneras, f\u00f6rs\u00e4mras snabbt eller d\u00e4r utg\u00e5ngsdatumet \u00e4r \u00f6ver.<\/li>\n<li>Leverans av varor som inte \u00e4r l\u00e4mpliga f\u00f6r retur p\u00e5 grund av h\u00e4lsoskydds- eller hygiensk\u00e4l och som f\u00f6rseglades efter leverans.<\/li>\n<li>Leverans av varor som efter leverans, enligt sin natur, \u00e4r oskiljaktigt blandade med andra varor.<\/li>\n<\/ul>\n<p>Vi f\u00f6rbeh\u00e5ller oss r\u00e4tten att v\u00e4gra returer av varor som inte uppfyller ovanst\u00e5ende returvillkor efter eget gottfinnande.<\/p>\n<h1>Retur av varor<\/h1>\n<p>Du \u00e4r ansvarig f\u00f6r kostnaden och risken f\u00f6r att returnera varorna till oss. Du b\u00f6r skicka varorna till f\u00f6ljande adress:<\/p>\n<p>2803 Philadelphia Pike Suite B #437<br \/>DELAWARE, USA<\/p>\n<p>Vi kan inte h\u00e5llas ansvariga f\u00f6r varor som skadas eller f\u00f6rsvinner i returs\u00e4ndningen. D\u00e4rf\u00f6r rekommenderar vi en f\u00f6rs\u00e4krad och sp\u00e5rbar posttj\u00e4nst. Vi kan inte utf\u00e4rda en \u00e5terbetalning utan faktisk mottagande av varorna eller bevis p\u00e5 mottagen returleverans.<\/p>\n<h1>G\u00e5vor<\/h1>\n<p>Om varorna markerades som en g\u00e5va n\u00e4r de k\u00f6ptes och sedan skickades direkt till dig, kommer du att f\u00e5 en presentkredit f\u00f6r v\u00e4rdet av din retur. N\u00e4r den returnerade produkten har tagits emot kommer ett presentkort att skickas till dig.<\/p>\n<p>Om varorna inte var m\u00e4rkta som en g\u00e5va n\u00e4r de k\u00f6ptes, eller om g\u00e5vogivaren fick best\u00e4llningen skickad till sig sj\u00e4lv f\u00f6r att ge den till dig senare, skickar vi \u00e5terbetalningen till g\u00e5vogivaren.<\/p>\n<h2>Kontakta oss<\/h2>\n<p>Om du har n\u00e5gra fr\u00e5gor om v\u00e5r retur- och \u00e5terbetalningspolicy, v\u00e4nligen kontakta oss:<\/p>\n<ul>\n<li>Via e-post: info@loomjet.com<\/li>\n<\/ul>","protected":false},"excerpt":{"rendered":"<p>Return and Refund Policy Return Policy Last updated: May 17, 2020 Thank you for shopping at loomjet. If, for any reason, You are not completely satisfied with a purchase We invite You to review our policy on refunds and returns.\u00a0 The following terms are applicable for any products that You purchased with Us. Interpretation and [&#8230;]","protected":false},"author":1,"featured_media":0,"parent":0,"menu_order":0,"comment_status":"closed","ping_status":"closed","template":"","meta":{"footnotes":""},"class_list":["post-217","page","type-page","status-publish","hentry"],"_links":{"self":[{"href":"https:\/\/loomjet.com\/sv\/wp-json\/wp\/v2\/pages\/217"}],"collection":[{"href":"https:\/\/loomjet.com\/sv\/wp-json\/wp\/v2\/pages"}],"about":[{"href":"https:\/\/loomjet.com\/sv\/wp-json\/wp\/v2\/types\/page"}],"author":[{"embeddable":true,"href":"https:\/\/loomjet.com\/sv\/wp-json\/wp\/v2\/users\/1"}],"replies":[{"embeddable":true,"href":"https:\/\/loomjet.com\/sv\/wp-json\/wp\/v2\/comments?post=217"}],"version-history":[{"count":0,"href":"https:\/\/loomjet.com\/sv\/wp-json\/wp\/v2\/pages\/217\/revisions"}],"wp:attachment":[{"href":"https:\/\/loomjet.com\/sv\/wp-json\/wp\/v2\/media?parent=217"}],"curies":[{"name":"wp","href":"https:\/\/api.w.org\/{rel}","templated":true}]}}