{"id":2536,"date":"2020-02-16T02:04:55","date_gmt":"2020-02-16T02:04:55","guid":{"rendered":"https:\/\/loomjet.com\/affiliate-area\/"},"modified":"2020-08-28T22:00:57","modified_gmt":"2020-08-28T22:00:57","slug":"affiliate-area","status":"publish","type":"page","link":"https:\/\/loomjet.com\/sv\/affiliate-area\/","title":{"rendered":"Affiliate Area"},"content":{"rendered":"<header class=\"section-header text-center\"><header class=\"section-header text-center\"><header class=\"section-header text-center\"><header class=\"section-header text-center\">\n<h1 style=\"text-align: left;\">Affiliate-program<\/h1>\n<hr class=\"hr--small\" \/><\/header>\n<div class=\"grid\">\n<div class=\"grid__item large--four-fifths push--large--one-tenth\">\n<div class=\"rte rte--nomargin rte--indented-images\">\n<p style=\"text-align: left;\">G\u00e5 med i LoomJets familj idag och b\u00f6rja dela med oss av vinsten!<\/p>\n<p style=\"text-align: left;\">Om du har n\u00e5gon form av f\u00f6ljeslag i sociala medier eller inflytande p\u00e5 dina bekanta, d\u00e5 \u00e4r detta f\u00f6r dig.<\/p>\n<p style=\"text-align: left;\">\u00a0<\/p>\n<p style=\"text-align: left;\"><strong>Vi erbjuder f\u00f6ljande:<\/strong><\/p>\n<ul style=\"text-align: left;\">\n<li>5% till 25% provision f\u00f6r varje f\u00f6rs\u00e4ljning.<\/li>\n<li>30-dagars cookie-varaktighet. (din provision kommer fortfarande att r\u00e4knas \u00e4ven n\u00e4r n\u00e5gon anv\u00e4nder din l\u00e4nk och k\u00f6per 30 dagar senare)<\/li>\n<li>N\u00e4r du registrerar dig f\u00e5r du tillg\u00e5ng till din &quot;Affiliatly&quot;-instrumentpanel d\u00e4r du kan \u00f6vervaka dina provisioner.<\/li>\n<li>Dina kontantbetalningar kommer att \u00f6verf\u00f6ras direkt till ditt Paypal-konto.<\/li>\n<li>Vi kommer att f\u00f6rse dig med marknadsf\u00f6ringsmaterial inklusive produktbeskrivningar, bilder och videor.<\/li>\n<li>Om du ger h\u00f6ga resultat, kommer vi att vara redo att erbjuda dig h\u00f6gre provisioner och f\u00f6rm\u00e5ner.<\/li>\n<\/ul>\n<p style=\"text-align: left;\">\u00a0<\/p>\n<p style=\"text-align: left;\">Allt du beh\u00f6ver \u00e4r att registrera dig h\u00e4r, skaffa din affiliate-l\u00e4nk och dela den med andra.<\/p>\n<\/div>\n<\/div>\n<\/div>\n<\/header><\/header><\/header>\n\n<form id=\"affwp-register-form\" class=\"affwp-form\" action=\"\" method=\"post\" data-trp-original-action=\"\">\n\t\n\t<fieldset>\n\t\t<legend data-no-translation=\"\" data-trp-gettext=\"\">Registrera ett nytt affiliate-konto<\/legend>\n\n\t\t\n\t\t<p>\n\t\t\t<label for=\"affwp-user-name\" data-no-translation=\"\" data-trp-gettext=\"\">Ditt namn<\/label>\n\t\t\t<input id=\"affwp-user-name\" type=\"text\" name=\"affwp_user_name\" value=\"\" title=\"Ditt namn\"  required='required' data-no-translation-title=\"\" \/>\n\t\t<\/p>\n\n\t\t<p>\n\t\t\t<label for=\"affwp-user-login\" data-no-translation=\"\" data-trp-gettext=\"\">Anv\u00e4ndarnamn<\/label>\n\t\t\t<input id=\"affwp-user-login\" required=\"required\" type=\"text\" name=\"affwp_user_login\" maxlength=\"60\" value=\"\" title=\"Anv\u00e4ndarnamn\" data-no-translation-title=\"\" \/>\n\t\t<\/p>\n\n\t\t<p>\n\t\t\t<label for=\"affwp-user-email\" data-no-translation=\"\" data-trp-gettext=\"\">Kontots mejladress<\/label>\n\t\t\t<input id=\"affwp-user-email\" required=\"required\" type=\"email\" name=\"affwp_user_email\" value=\"\" title=\"Mejladress\" data-no-translation-title=\"\" \/>\n\t\t<\/p>\n\n\t\t<p>\n\t\t\t<label for=\"affwp-payment-email\" data-no-translation=\"\" data-trp-gettext=\"\">Betalningsmejl<\/label>\n\t\t\t<input id=\"affwp-payment-email\" type=\"email\" name=\"affwp_payment_email\" value=\"\" title=\"Mejladress f\u00f6r utbetalningar\" required='required' data-no-translation-title=\"\" \/>\n\t\t<\/p>\n\n\t\t<p>\n\t\t\t<label for=\"affwp-user-url\" data-no-translation=\"\" data-trp-gettext=\"\">Webbplats-URL<\/label>\n\t\t\t<input id=\"affwp-user-url\" type=\"text\" name=\"affwp_user_url\" value=\"\" title=\"Webbplats-URL\" data-no-translation-title=\"\"  \/>\n\t\t<\/p>\n\n\t\t<p>\n\t\t\t<label for=\"affwp-promotion-method\" data-no-translation=\"\" data-trp-gettext=\"\">Hur kommer du att marknadsf\u00f6ra oss?<\/label>\n\t\t\t<textarea id=\"affwp-promotion-method\" name=\"affwp_promotion_method\" rows=\"5\" cols=\"30\"><\/textarea>\n\t\t<\/p>\n\n\t\t\n\t\t\t<p>\n\t\t\t\t<label for=\"affwp-user-pass\" data-no-translation=\"\" data-trp-gettext=\"\">L\u00f6senord<\/label>\n\t\t\t\t<input id=\"affwp-user-pass\" required=\"required\" class=\"password\" type=\"password\" name=\"affwp_user_pass\" \/>\n\t\t\t<\/p>\n\n\t\t\t<p>\n\t\t\t\t<label for=\"affwp-user-pass2\" data-no-translation=\"\" data-trp-gettext=\"\">Bekr\u00e4fta l\u00f6senord<\/label>\n\t\t\t\t<input id=\"affwp-user-pass2\" required=\"required\" class=\"password\" type=\"password\" name=\"affwp_user_pass2\" \/>\n\t\t\t<\/p>\n\n\t\t\n\t\t\n\t\t\t\t\t\t\t<p>\n\t\t\t\t<label class=\"affwp-tos\" for=\"affwp-tos\">\n\t\t\t\t\t<input id=\"affwp-tos\" required=\"required\" type=\"checkbox\" name=\"affwp_tos\" \/>\n\t\t\t\t\t<a href=\"https:\/\/loomjet.com\/sv\/affiliate\/\" target=\"_blank\">Godk\u00e4nn v\u00e5ra anv\u00e4ndarvillkor och sekretesspolicy<\/a>\n\t\t\t\t<\/label>\n\t\t\t<\/p>\n\t\t\n\t\t\n\t\t\n\t\t<p>\n\t\t\t<input type=\"hidden\" name=\"affwp_honeypot\" value=\"\" \/>\n\t\t\t<input type=\"hidden\" name=\"affwp_redirect\" value=\"\"\/>\n\t\t\t<input type=\"hidden\" name=\"affwp_register_nonce\" value=\"93d1c27465\" \/>\n\t\t\t<input type=\"hidden\" name=\"affwp_action\" value=\"affiliate_register\" \/>\n\t\t\t<input class=\"button\" type=\"submit\" value=\"Registrera\" data-no-translation-value=\"\" \/>\n\t\t<\/p>\n\n\t\t\t<\/fieldset>\n\n\t<input type=\"hidden\" name=\"trp-form-language\" value=\"sv\"\/><\/form>\n\n<form id=\"affwp-login-form\" class=\"affwp-form\" action=\"\" method=\"post\" data-trp-original-action=\"\">\n\t\n\t<fieldset>\n\t\t<legend data-no-translation=\"\" data-trp-gettext=\"\">Logga in p\u00e5 ditt konto<\/legend>\n\n\t\t\n\t\t<p>\n\t\t\t<label for=\"affwp-login-user-login\" data-no-translation=\"\" data-trp-gettext=\"\">Anv\u00e4ndarnamn<\/label>\n\t\t\t<input id=\"affwp-login-user-login\" class=\"required\" type=\"text\" name=\"affwp_user_login\" title=\"Anv\u00e4ndarnamn\" data-no-translation-title=\"\" \/>\n\t\t<\/p>\n\n\t\t<p>\n\t\t\t<label for=\"affwp-login-user-pass\" data-no-translation=\"\" data-trp-gettext=\"\">L\u00f6senord<\/label>\n\t\t\t<input id=\"affwp-login-user-pass\" class=\"password required\" type=\"password\" name=\"affwp_user_pass\" \/>\n\t\t<\/p>\n\n\t\t<p>\n\t\t\t<label class=\"affwp-user-remember\" for=\"affwp-user-remember\">\n\t\t\t\t<input id=\"affwp-user-remember\" type=\"checkbox\" name=\"affwp_user_remember\" value=\"1\" \/> Kom ih\u00e5g mig\t\t\t<\/label>\n\t\t<\/p>\n\n\t\t<p>\n\t\t\t<input type=\"hidden\" name=\"affwp_redirect\" value=\"\"\/>\n\t\t\t<input type=\"hidden\" name=\"affwp_login_nonce\" value=\"130f43e091\" \/>\n\t\t\t<input type=\"hidden\" name=\"affwp_action\" value=\"user_login\" \/>\n\t\t\t<input type=\"submit\" class=\"button\" value=\"Logga in\" data-no-translation-value=\"\" \/>\n\t\t<\/p>\n\n\t\t<p class=\"affwp-lost-password\">\n\t\t\t<a href=\"https:\/\/loomjet.com\/sv\/my-account\/lost-password\/\" data-no-translation=\"\" data-trp-gettext=\"\">Gl\u00f6mt ditt l\u00f6senord?<\/a>\n\t\t<\/p>\n\n\t\t\t<\/fieldset>\n\n\t<input type=\"hidden\" name=\"trp-form-language\" value=\"sv\"\/><\/form>","protected":false},"excerpt":{"rendered":"<p>Affiliate Program Join LoomJet&#8217; family today and start sharing us with the profits! If you have any kind of social media following or an influence on your acquaintances, then this is for you. \u00a0 We offer the following: 5% to 25% commission for every sale. 30-day cookie duration. (your commission will still count even when [&#8230;]","protected":false},"author":1,"featured_media":0,"parent":0,"menu_order":0,"comment_status":"closed","ping_status":"closed","template":"","meta":{"footnotes":""},"class_list":["post-2536","page","type-page","status-publish","hentry"],"_links":{"self":[{"href":"https:\/\/loomjet.com\/sv\/wp-json\/wp\/v2\/pages\/2536"}],"collection":[{"href":"https:\/\/loomjet.com\/sv\/wp-json\/wp\/v2\/pages"}],"about":[{"href":"https:\/\/loomjet.com\/sv\/wp-json\/wp\/v2\/types\/page"}],"author":[{"embeddable":true,"href":"https:\/\/loomjet.com\/sv\/wp-json\/wp\/v2\/users\/1"}],"replies":[{"embeddable":true,"href":"https:\/\/loomjet.com\/sv\/wp-json\/wp\/v2\/comments?post=2536"}],"version-history":[{"count":0,"href":"https:\/\/loomjet.com\/sv\/wp-json\/wp\/v2\/pages\/2536\/revisions"}],"wp:attachment":[{"href":"https:\/\/loomjet.com\/sv\/wp-json\/wp\/v2\/media?parent=2536"}],"curies":[{"name":"wp","href":"https:\/\/api.w.org\/{rel}","templated":true}]}}