{"id":3347,"date":"2016-08-31T09:25:18","date_gmt":"2016-08-31T09:25:18","guid":{"rendered":"http:\/\/flatsome.dev\/?page_id=9165"},"modified":"2016-08-31T09:25:18","modified_gmt":"2016-08-31T09:25:18","slug":"flip-book","status":"publish","type":"page","link":"https:\/\/loomjet.com\/sv\/flip-book\/","title":{"rendered":"Bl\u00e4dderbok"},"content":{"rendered":"<section class=\"section\" id=\"section_2125977206\">\n\t\t<div class=\"bg section-bg fill bg-fill  bg-loaded\" >\n\n\t\t\t\n\t\t\t\n\t\t\t\n\n\t\t<\/div>\n\n\t\t<div class=\"section-content relative\">\n\t\t\t\n<div class=\"container section-title-container\" ><h3 class=\"section-title section-title-center\"><b><\/b><span class=\"section-title-main\" >Bl\u00e4ddra bokelement<\/span><b><\/b><\/h3><\/div>\n  \n<div class=\"row\"  id=\"row-1275457051\">\n\n\t<div id=\"col-397981561\" class=\"col small-12 large-12\"  >\n\t\t<div class=\"col-inner\"  >\n\t\t\t\n\t\t\t\n<p class=\"lead\" style=\"text-align: center;\">Skapa en bl\u00e4dderbok f\u00f6r vilken produktkategori som helst. Du kan ocks\u00e5 v\u00e4lja anpassade inl\u00e4gg.<\/p>\n\t\t<\/div>\n\t\t\t<\/div>\n\n\t\n<\/div>\n\t\t<\/div>\n\n\t\t\n<style>\n#section_2125977206 {\n  padding-top: 30px;\n  padding-bottom: 30px;\n  background-color: rgb(246, 246, 246);\n}\n<\/style>\n\t<\/section>","protected":false},"excerpt":{"rendered":"","protected":false},"author":1,"featured_media":3326,"parent":0,"menu_order":99,"comment_status":"closed","ping_status":"closed","template":"page-blank.php","meta":{"footnotes":""},"class_list":["post-3347","page","type-page","status-publish","has-post-thumbnail","hentry"],"_links":{"self":[{"href":"https:\/\/loomjet.com\/sv\/wp-json\/wp\/v2\/pages\/3347"}],"collection":[{"href":"https:\/\/loomjet.com\/sv\/wp-json\/wp\/v2\/pages"}],"about":[{"href":"https:\/\/loomjet.com\/sv\/wp-json\/wp\/v2\/types\/page"}],"author":[{"embeddable":true,"href":"https:\/\/loomjet.com\/sv\/wp-json\/wp\/v2\/users\/1"}],"replies":[{"embeddable":true,"href":"https:\/\/loomjet.com\/sv\/wp-json\/wp\/v2\/comments?post=3347"}],"version-history":[{"count":0,"href":"https:\/\/loomjet.com\/sv\/wp-json\/wp\/v2\/pages\/3347\/revisions"}],"wp:featuredmedia":[{"embeddable":true,"href":"https:\/\/loomjet.com\/sv\/wp-json\/wp\/v2\/media\/3326"}],"wp:attachment":[{"href":"https:\/\/loomjet.com\/sv\/wp-json\/wp\/v2\/media?parent=3347"}],"curies":[{"name":"wp","href":"https:\/\/api.w.org\/{rel}","templated":true}]}}