{"id":5671,"date":"2020-03-27T13:51:42","date_gmt":"2020-03-27T13:51:42","guid":{"rendered":"https:\/\/loomjet.com\/?page_id=5671"},"modified":"2021-07-05T23:17:27","modified_gmt":"2021-07-05T23:17:27","slug":"about-us","status":"publish","type":"page","link":"https:\/\/loomjet.com\/sv\/about-us\/","title":{"rendered":"Om oss"},"content":{"rendered":"<h1>Om oss<\/h1>\n<p>\u00a0<\/p>\n<div class=\"Container\">\n<div class=\"PageContent PageContent--narrow Rte\">\n<p>Tack f\u00f6r att du tittade f\u00f6rbi kl\u00a0<strong>LoomJet<\/strong><b>!<\/b><\/p>\n<p>Vi \u00e4r en oberoende online\u00e5terf\u00f6rs\u00e4ljare och erbjuder v\u00e5r h\u00f6gsta kvalitet och b\u00e4sta erbjudanden specifikt till dig.\u00a0\u00a0<\/p>\n<p>\u00a0<\/p>\n<p>Vi tror att att betj\u00e4na v\u00e5ra kunder kommer med ett ansvar att ocks\u00e5 aktivt se till att de \u00e4r n\u00f6jda med sitt k\u00f6p. Vi str\u00e4var efter att vara n\u00e4tbutiken nummer ETT, med de b\u00e4sta produkterna att erbjuda och f\u00f6rstklassig kundservice. Vi kommer att g\u00f6ra v\u00e5ra anstr\u00e4ngningar f\u00f6r att v\u00e5ra kunder ska vara n\u00f6jda!<\/p>\n<p><strong>LoomJet<\/strong> \u00e4r \u00f6vertygad om att innovation genom teknik \u00e4r branschens framtid. Ett av v\u00e5ra m\u00e5nga m\u00e5l \u00e4r att forts\u00e4tta att f\u00f6rnya p\u00e5 ett s\u00e4tt som inga andra \u00e4r villiga till. Genom att samla alla de b\u00e4sta produkterna p\u00e5 ett st\u00e4lle genom teknik tror vi att vi kan f\u00f6r\u00e4ndra branschen f\u00f6r alltid genom att fokusera p\u00e5 v\u00e5ra kunders behov.<\/p>\n<p>K\u00f6p med f\u00f6rtroende hos <strong>LoomJet<\/strong><b>.com<\/b>\u00a0\u2013 vi tar hand om resten och ser till att du \u00e4r n\u00f6jd!<\/p>\n<\/div>\n<\/div>\n<p>\u00a0<\/p>\n<p>\u00a0<\/p>\n<div id=\"shopify-section-footer\" class=\"shopify-section shopify-section--footer\"><footer id=\"section-footer\" class=\"FooterFooter--withMargin\" role=\"contentinfo\">\n<div class=\"Container\">\n<div class=\"Footer__Inner\">\n<div class=\"Footer__Block Footer__Block--links\">\n<h2 class=\"Footer__Title Heading u-h6\">\u00a0<\/h2>\n<\/div>\n<\/div>\n<\/div>\n<\/footer><\/div>\n<h1>V\u00e5r garanti<\/h1>\n<p>Vi f\u00f6rst\u00e5r att det kan vara skr\u00e4mmande att k\u00f6pa varor online, s\u00e5 vi erbjuder en 100% n\u00f6jdhetsgaranti. Om du av N\u00c5GON anledning inte har en positiv upplevelse, kommer vi att g\u00f6ra ALLT som kr\u00e4vs f\u00f6r att se till att du \u00e4r 100% n\u00f6jd med ditt k\u00f6p.<\/p>\n<p>Vi vill att du ska inse att det \u00e4r absolut NOLL risk att k\u00f6pa n\u00e5got och prova det. Om du inte gillar det, inga sv\u00e5ra k\u00e4nslor s\u00e5 l\u00f6ser vi det.<\/p>\n<p>Vi har e-postsupport 24\/7\/365. Kontakta oss om du beh\u00f6ver hj\u00e4lp.<\/p>\n<p>info@loomjet.com<\/p>","protected":false},"excerpt":{"rendered":"","protected":false},"author":1,"featured_media":0,"parent":0,"menu_order":0,"comment_status":"closed","ping_status":"closed","template":"","meta":{"footnotes":""},"class_list":["post-5671","page","type-page","status-publish","hentry"],"_links":{"self":[{"href":"https:\/\/loomjet.com\/sv\/wp-json\/wp\/v2\/pages\/5671"}],"collection":[{"href":"https:\/\/loomjet.com\/sv\/wp-json\/wp\/v2\/pages"}],"about":[{"href":"https:\/\/loomjet.com\/sv\/wp-json\/wp\/v2\/types\/page"}],"author":[{"embeddable":true,"href":"https:\/\/loomjet.com\/sv\/wp-json\/wp\/v2\/users\/1"}],"replies":[{"embeddable":true,"href":"https:\/\/loomjet.com\/sv\/wp-json\/wp\/v2\/comments?post=5671"}],"version-history":[{"count":0,"href":"https:\/\/loomjet.com\/sv\/wp-json\/wp\/v2\/pages\/5671\/revisions"}],"wp:attachment":[{"href":"https:\/\/loomjet.com\/sv\/wp-json\/wp\/v2\/media?parent=5671"}],"curies":[{"name":"wp","href":"https:\/\/api.w.org\/{rel}","templated":true}]}}